{"id":7338,"date":"2024-04-30T21:33:54","date_gmt":"2024-04-30T13:33:54","guid":{"rendered":"https:\/\/www.stvvalves.com\/?post_type=product&#038;p=7338"},"modified":"2024-12-25T14:55:49","modified_gmt":"2024-12-25T06:55:49","slug":"32-inch-api-600-flanged-gate-valve-wcb-ansi-150lb-gear-box-op","status":"publish","type":"product","link":"https:\/\/www.stvvalves.com\/ro\/products\/32-inch-api-600-flanged-gate-valve-wcb-ansi-150lb-gear-box-op\/","title":{"rendered":"32 Inch API 600 Flanged Gate Valve, WCB,ANSI 150lb,Gear Box OP"},"content":{"rendered":"<p>Specificatii tehnice<br \/>\n-Design: ASME 16.34\/ API 6D\/ API 600\/ BS 1414<br \/>\n-Fa\u021b\u0103 \u00een fa\u021b\u0103: ASME B16.10<br \/>\n-Flansa de capat: ASME B16.5, ASME B16.47<br \/>\n-Cap\u0103t BW: ASME B16.25<br \/>\n-Test: API 598\/ API 6D\/ BS 6755<br \/>\n-Special: NACE MR-01-75<\/p>\n<p>Caracteristici de design<br \/>\n-OS &amp; Y, tulpin\u0103 \u00een cre\u0219tere<br \/>\n\u2013 Capot\u0103 cu \u0219uruburi cu garnitur\u0103 spiralat\u0103<br \/>\n-Pan\u0103 flexibil\u0103<br \/>\n-Bana din spate sudata-depus<br \/>\n-Inel scaun filetat sau sudat<br \/>\n-Inele de scaun regenerabile<br \/>\n-Capota extinsa pentru serviciul criogenic<br \/>\n-Capetele cu flan\u0219e sau sudate cap la cap.<br \/>\n-Prin permis la cerere<br \/>\n-Dispozitiv de blocare op\u021bional<\/p>\n<p>Gam\u0103 de produse<br \/>\n-Dimensiunea supapei:<br \/>\n2\u2033 ~ 48\u2033 (DN50-DN1200)<br \/>\n-Presiune:<br \/>\nClasa ANSI 150~2500(PN16-PN420)<br \/>\n-Temperatura:<br \/>\n-196\u00baC~ 500\u00baC<br \/>\n- Materiale caroserie:<br \/>\nO\u021bel carbon, o\u021bel inoxidabil, o\u021bel aliat, o\u021bel duplex<br \/>\n-Trime (Disc\/Tij\u0103):<br \/>\nO\u021bel carbon, o\u021bel inoxidabil, o\u021bel duplex, o\u021bel aliat<\/p>\n<p>&nbsp;<\/p>\n<table>\n<tbody>\n<tr>\n<td width=\"200\"><strong>numele produsului<\/strong><\/td>\n<td width=\"481\">\u00a032 Inch API 600 Carbon Steel Flanged Gate Valve,ANSI 150lb,Gear Box OP<\/td>\n<\/tr>\n<tr>\n<td width=\"200\">1. Material<\/td>\n<td width=\"481\">WCB<\/td>\n<\/tr>\n<tr>\n<td width=\"200\">2. Dimensiunea<\/td>\n<td width=\"481\">32\u201d<\/td>\n<\/tr>\n<tr>\n<td width=\"200\">4. Port<\/td>\n<td width=\"481\">Port complet<\/td>\n<\/tr>\n<tr>\n<td width=\"200\">5. Presiunea de lucru<\/td>\n<td width=\"481\">150 lb<\/td>\n<\/tr>\n<tr>\n<td width=\"200\">6. Conexiunea se termin\u0103<\/td>\n<td width=\"481\">RF<\/td>\n<\/tr>\n<tr>\n<td width=\"200\">7. Temp. de lucru.<\/td>\n<td width=\"481\">-29~425\u00baC,<\/td>\n<\/tr>\n<tr>\n<td width=\"200\">8. Mediu potrivit<\/td>\n<td width=\"481\">Ap\u0103, gaze naturale, ulei \u0219i ceva lichid coroziv<\/td>\n<\/tr>\n<tr>\n<td width=\"200\">9. Operat<\/td>\n<td width=\"481\">Cutia de viteze OP<\/td>\n<\/tr>\n<tr>\n<td width=\"200\">10. Inspec\u021bie \u0219i testare<\/td>\n<td width=\"481\">Conform API598<\/td>\n<\/tr>\n<tr>\n<td width=\"200\"><strong>Expediere<\/strong><\/td>\n<td width=\"481\"><\/td>\n<\/tr>\n<tr>\n<td width=\"200\">Timpul de livrare<\/td>\n<td width=\"481\">30 de zile<\/td>\n<\/tr>\n<tr>\n<td width=\"200\">Pachet<\/td>\n<td width=\"481\">Carcas\u0103 standard de export de placaj<\/td>\n<\/tr>\n<tr>\n<td width=\"200\">Portul de expediere<\/td>\n<td width=\"481\">Ningbo\/Shanghai, China<\/td>\n<\/tr>\n<tr>\n<td width=\"200\">Termeni de livrare<\/td>\n<td width=\"481\">Exw, FOB, CFR, CIF etc.<\/td>\n<\/tr>\n<tr>\n<td width=\"200\">Termeni de plat\u0103<\/td>\n<td width=\"481\">T\/T, Western Union, PayPal etc.<\/td>\n<\/tr>\n<tr>\n<td width=\"200\"><\/td>\n<td width=\"481\">Plat\u0103 anticipat\u0103 30%, sold 70% pl\u0103tit \u00eenainte de expediere<\/td>\n<\/tr>\n<tr>\n<td width=\"200\">\u021aara de origine<\/td>\n<td width=\"481\">Ora\u0219ul Wenzhou, China<\/td>\n<\/tr>\n<tr>\n<td width=\"200\">Capacitatea de produc\u021bie<\/td>\n<td width=\"481\">6000 tone\/an<\/td>\n<\/tr>\n<tr>\n<td width=\"200\">MOQ<\/td>\n<td width=\"481\">1 buc\/dimensiune<\/td>\n<\/tr>\n<\/tbody>\n<\/table>","protected":false},"excerpt":{"rendered":"<p>Model: STV-Z541H-150LB-24\u2033-WCB<br \/>\nSupap\u0103 de poart\u0103 cu flan\u0219\u0103 din o\u021bel carbon API 600 de 24 de inchi care se deschide ridic\u00e2nd o poart\u0103\/pan\u0103 rotund\u0103 sau dreptunghiular\u0103 din calea fluidului. Caracteristica distinct\u0103 a unei supape cu poart\u0103 este suprafe\u021bele de etan\u0219are dintre poart\u0103 \u0219i scaune sunt plane. Fe\u021bele por\u021bii pot forma o form\u0103 de pan\u0103 sau pot fi paralele. Supapele obi\u0219nuite nu ar trebui utilizate niciodat\u0103 pentru reglarea debitului, cu excep\u021bia cazului \u00een care sunt proiectate special \u00een acest scop. La deschiderea supapei cu poart\u0103, traseul de curgere este m\u0103rit \u00eentr-un mod foarte neliniar \u00een raport cu procentul de deschidere.<\/p>\n<p>STV Valve Technology Group Co., Ltd is a professional leader China Class150 32 inch Carbon Steel Flange Gate Valve,ASTM A216 150LB WCB Gate valve to API 600,astm a216 wcb flanged gate valve, carbon steel wedge gate valve,Flexible Wedge Cast Steel Gate Valve,API 600 Cast Steel Gate Valves,China Flanged Bolted Bonnet Gate Valve Manufacturer with high quality and competitive price.<\/p>\n<p>&nbsp;<\/p>\n<p>&nbsp;<\/p>","protected":false},"featured_media":7339,"template":"","meta":[],"product_brand":[],"product_cat":[58,44],"product_tag":[615,623,624,2598,2597,2599,625],"class_list":{"0":"post-7338","1":"product","2":"type-product","3":"status-publish","4":"has-post-thumbnail","6":"product_cat-cast-steel-gate-valve","7":"product_cat-gate-valve","8":"product_tag-api-600-cast-steel-gate-valves","9":"product_tag-astm-a216-150lb-wcb-gate-valve-to-api-600","10":"product_tag-astm-a216-wcb-flanged-gate-valve","11":"product_tag-carbon-steel-wedge-gate-valve","12":"product_tag-china-class150-32-inch-carbon-steel-flange-gate-valve","13":"product_tag-china-flanged-bolted-bonnet-gate-valve-manufacturer","14":"product_tag-flexible-wedge-cast-steel-gate-valve","16":"first","17":"instock","18":"shipping-taxable","19":"product-type-simple"},"_links":{"self":[{"href":"https:\/\/www.stvvalves.com\/ro\/wp-json\/wp\/v2\/product\/7338","targetHints":{"allow":["GET"]}}],"collection":[{"href":"https:\/\/www.stvvalves.com\/ro\/wp-json\/wp\/v2\/product"}],"about":[{"href":"https:\/\/www.stvvalves.com\/ro\/wp-json\/wp\/v2\/types\/product"}],"wp:featuredmedia":[{"embeddable":true,"href":"https:\/\/www.stvvalves.com\/ro\/wp-json\/wp\/v2\/media\/7339"}],"wp:attachment":[{"href":"https:\/\/www.stvvalves.com\/ro\/wp-json\/wp\/v2\/media?parent=7338"}],"wp:term":[{"taxonomy":"product_brand","embeddable":true,"href":"https:\/\/www.stvvalves.com\/ro\/wp-json\/wp\/v2\/product_brand?post=7338"},{"taxonomy":"product_cat","embeddable":true,"href":"https:\/\/www.stvvalves.com\/ro\/wp-json\/wp\/v2\/product_cat?post=7338"},{"taxonomy":"product_tag","embeddable":true,"href":"https:\/\/www.stvvalves.com\/ro\/wp-json\/wp\/v2\/product_tag?post=7338"}],"curies":[{"name":"wp","href":"https:\/\/api.w.org\/{rel}","templated":true}]}}