{"id":7412,"date":"2024-05-28T20:10:20","date_gmt":"2024-05-28T12:10:20","guid":{"rendered":"https:\/\/www.stvvalves.com\/?post_type=product&#038;p=7412"},"modified":"2025-03-04T20:51:01","modified_gmt":"2025-03-04T12:51:01","slug":"600lb-cast-steel-ball-valve-2-inch-rf-end","status":"publish","type":"product","link":"https:\/\/www.stvvalves.com\/ro\/products\/600lb-cast-steel-ball-valve-2-inch-rf-end\/","title":{"rendered":"600LB Cast Steel Ball Valve,2 Inch,RF End"},"content":{"rendered":"<p>Proiectare \u0219i fabrica\u021bie: API 6D, ASME B16.34 (BS5351), API 608, MSS-SP-72<\/p>\n<p>Dimensiune fa\u021b\u0103 \u00een fa\u021b\u0103: ASME B16.10, API 6D<\/p>\n<p>Dimensiunea conexiunii flan\u0219ei: ASME B 16.5<\/p>\n<p>Dimensiune conexiune BW: ASME B16.25<\/p>\n<p>Testare \u0219i inspec\u021bie: API 598, API 6D<\/p>\n<p>Design sigur la foc: API 607\/6FA<\/p>\n<p>Design antistatic \u0219i tij\u0103 anti-explozie<\/p>\n<p>Gam\u0103 de produse<\/p>\n<p>Material corp: o\u021bel carbon, o\u021bel inoxidabil, o\u021bel aliat<\/p>\n<p>Design cu alezaj complet \u0219i cu alezaj redus<\/p>\n<p>Diametru nominal: 1\/2\u2033~10\u2033(DN15~DN250)<\/p>\n<p>Termina\u021bi conexiunea: RF,RTJ, BW<\/p>\n<p>Interval de presiune: Class150~600\uff08PN16~PN100\uff09<\/p>\n<p>Temperatura de lucru: -46\u2103~+200\u2103<\/p>\n<p>Func\u021bionare: m\u00e2ner, angrenaj, actuator electric etc<\/p>\n<p>&nbsp;<\/p>\n<table>\n<tbody>\n<tr>\n<td width=\"200\"><strong>numele produsului<\/strong><\/td>\n<td width=\"481\">600LB Cast Steel Ball Valve,2 Inch,RF End<\/td>\n<\/tr>\n<tr>\n<td width=\"200\">1. Material<\/td>\n<td width=\"481\">WCB<\/td>\n<\/tr>\n<tr>\n<td width=\"200\">2. Dimensiunea<\/td>\n<td width=\"481\">2\u201d<\/td>\n<\/tr>\n<tr>\n<td width=\"200\">4. Port<\/td>\n<td width=\"481\">Port complet<\/td>\n<\/tr>\n<tr>\n<td width=\"200\">5. Presiunea de lucru<\/td>\n<td width=\"481\">600 lb<\/td>\n<\/tr>\n<tr>\n<td width=\"200\">6. Conexiunea se termin\u0103<\/td>\n<td width=\"481\">RF<\/td>\n<\/tr>\n<tr>\n<td width=\"200\">7. Temp. de lucru.<\/td>\n<td width=\"481\">-29~120\u00baC,<\/td>\n<\/tr>\n<tr>\n<td width=\"200\">8. Mediu potrivit<\/td>\n<td width=\"481\">Ap\u0103, gaze naturale, ulei \u0219i ceva lichid coroziv<\/td>\n<\/tr>\n<tr>\n<td width=\"200\">9. Operat<\/td>\n<td width=\"481\">Roat\u0103 de m\u00e2n\u0103<\/td>\n<\/tr>\n<tr>\n<td width=\"200\">10. Inspec\u021bie \u0219i testare<\/td>\n<td width=\"481\">Conform API598<\/td>\n<\/tr>\n<tr>\n<td width=\"200\"><strong>Expediere<\/strong><\/td>\n<td width=\"481\"><\/td>\n<\/tr>\n<tr>\n<td width=\"200\">Timpul de livrare<\/td>\n<td width=\"481\">30 de zile<\/td>\n<\/tr>\n<tr>\n<td width=\"200\">Pachet<\/td>\n<td width=\"481\">Carcas\u0103 standard de export de placaj<\/td>\n<\/tr>\n<tr>\n<td width=\"200\">Portul de expediere<\/td>\n<td width=\"481\">Ningbo\/Shanghai, China<\/td>\n<\/tr>\n<tr>\n<td width=\"200\">Termeni de livrare<\/td>\n<td width=\"481\">Exw, FOB, CFR, CIF etc.<\/td>\n<\/tr>\n<tr>\n<td width=\"200\">Termeni de plat\u0103<\/td>\n<td width=\"481\">T\/T, Western Union, PayPal etc.<\/td>\n<\/tr>\n<tr>\n<td width=\"200\"><\/td>\n<td width=\"481\">Plat\u0103 anticipat\u0103 30%, sold 70% pl\u0103tit \u00eenainte de expediere<\/td>\n<\/tr>\n<tr>\n<td width=\"200\">\u021aara de origine<\/td>\n<td width=\"481\">Ora\u0219ul Wenzhou, China<\/td>\n<\/tr>\n<tr>\n<td width=\"200\">Capacitatea de produc\u021bie<\/td>\n<td width=\"481\">6000 tone\/an<\/td>\n<\/tr>\n<tr>\n<td width=\"200\">MOQ<\/td>\n<td width=\"481\">1 buc\/dimensiune<\/td>\n<\/tr>\n<\/tbody>\n<\/table>","protected":false},"excerpt":{"rendered":"<p>Model:Q41F-600LB-WCB-2&#8243;<\/p>\n<p>Our 600LB Cast Steel Floating Ball Valve With ANSI 600# full bore 2 piece Ball Valve. A WCB body and stainless steel 316 ball, with RPTFE seats for High Temperatures.<br \/>\nPrincipiul supapei cu bil\u0103 plutitoare din o\u021bel turnat: Acest tip de supap\u0103 cu bil\u0103 are o bil\u0103 plutitoare sus\u021binut\u0103 de dou\u0103 scaune de supap\u0103. Sub efectul de presiune medie, o anumit\u0103 deplasare poate fi generat\u0103 de bil\u0103 \u00eens\u0103\u0219i, astfel \u00eenc\u00e2t s\u0103 fie presat\u0103 pe inelul de etan\u0219are al scaunului de la ie\u0219ire, garant\u00e2nd etan\u0219eitatea la ie\u0219ire.<br \/>\nSupapa cu bil\u0103 plutitoare este utilizat\u0103 \u00een principal \u00een aplica\u021bii cu presiune medie sau joas\u0103.<\/p>\n<p>STV Valve Technology Group Co., Ltd is a professional leader China 600LB Cast Steel Floating Ball Valve, Floating Ball Valve,Floating Ball Valves Full Port,Cast Steel Floating Ball Valve,API6D Cast Steel Ball Valve ,2 Inch 600LB Flange End Ball Valve manufacturer with high quality and low price.To learn more about these valve Welcome to contact our sales@stvvalve.com<\/p>\n<p>&nbsp;<\/p>\n<p>&nbsp;<\/p>","protected":false},"featured_media":7413,"template":"","meta":[],"product_brand":[],"product_cat":[43,54,80,78],"product_tag":[2667,2666,530,2665,125,529],"class_list":{"0":"post-7412","1":"product","2":"type-product","3":"status-publish","4":"has-post-thumbnail","6":"product_cat-ball-valve","7":"product_cat-cast-steel-ball-valve","8":"product_cat-flange-ball-valve","9":"product_cat-floating-ball-valve","10":"product_tag-2-inch-600lb-flange-end-ball-valve-manufacturer","11":"product_tag-api6d-cast-steel-ball-valve","12":"product_tag-cast-steel-floating-ball-valve","13":"product_tag-china-600lb-cast-steel-floating-ball-valve","14":"product_tag-floating-ball-valve","15":"product_tag-floating-ball-valves-full-port","17":"first","18":"instock","19":"shipping-taxable","20":"product-type-simple"},"_links":{"self":[{"href":"https:\/\/www.stvvalves.com\/ro\/wp-json\/wp\/v2\/product\/7412","targetHints":{"allow":["GET"]}}],"collection":[{"href":"https:\/\/www.stvvalves.com\/ro\/wp-json\/wp\/v2\/product"}],"about":[{"href":"https:\/\/www.stvvalves.com\/ro\/wp-json\/wp\/v2\/types\/product"}],"wp:featuredmedia":[{"embeddable":true,"href":"https:\/\/www.stvvalves.com\/ro\/wp-json\/wp\/v2\/media\/7413"}],"wp:attachment":[{"href":"https:\/\/www.stvvalves.com\/ro\/wp-json\/wp\/v2\/media?parent=7412"}],"wp:term":[{"taxonomy":"product_brand","embeddable":true,"href":"https:\/\/www.stvvalves.com\/ro\/wp-json\/wp\/v2\/product_brand?post=7412"},{"taxonomy":"product_cat","embeddable":true,"href":"https:\/\/www.stvvalves.com\/ro\/wp-json\/wp\/v2\/product_cat?post=7412"},{"taxonomy":"product_tag","embeddable":true,"href":"https:\/\/www.stvvalves.com\/ro\/wp-json\/wp\/v2\/product_tag?post=7412"}],"curies":[{"name":"wp","href":"https:\/\/api.w.org\/{rel}","templated":true}]}}