{"id":7440,"date":"2024-07-26T16:10:52","date_gmt":"2024-07-26T08:10:52","guid":{"rendered":"https:\/\/www.stvvalves.com\/?post_type=product&#038;p=7440"},"modified":"2024-12-25T09:25:48","modified_gmt":"2024-12-25T01:25:48","slug":"n08020-lift-check-valve150lb-1-inchflange-end","status":"publish","type":"product","link":"https:\/\/www.stvvalves.com\/ro\/products\/n08020-lift-check-valve150lb-1-inchflange-end\/","title":{"rendered":"N08020 Lift Check Valve,150LB, 1 Inch,Flange End"},"content":{"rendered":"<div class=\"container_wrap container_wrap_first main_color sidebar_right template-shop shop_columns_4\">\n<div class=\"container\">\n<div id=\"product-6489\" class=\"product type-product post-6489 status-publish first instock product_cat-forged-steel-gate-valve product_cat-gate-valve product_tag-1-inch-gate-valve product_tag-api-602-gate-valve product_tag-astm-a182-f20-gate-valve product_tag-class-800-lb-gate-valve product_tag-small-size-gate-valve product_tag-sw-gate-valve product_tag-uns-n08020-gate-valve has-post-thumbnail featured shipping-taxable product-type-simple\">\n<div class=\"single-product-summary\">\n<div class=\"woocommerce-tabs wc-tabs-wrapper\">\n<div id=\"tab-description\" class=\"woocommerce-Tabs-panel woocommerce-Tabs-panel--description panel entry-content wc-tab\" role=\"tabpanel\" aria-labelledby=\"tab-title-description\">\n<div class=\"row\">\n<div class=\"col-md-12\">Name: N08020 Lift Check Valve,150LB, 1 Inch,Flange End<br \/>\nDesign: API 602<br \/>\nCorp: UNS N08020 (ASTM A182 F20)<br \/>\nDimensiune nominal\u0103: 1 inch<br \/>\nNominal Class:150 LB<br \/>\nTermina\u021bi conexiunea: RF se termin\u0103<br \/>\nFa\u021b\u0103 \u00een fa\u021b\u0103: Standard de fabrica\u021bie<br \/>\nTestare \u0219i inspec\u021bie: API 598<\/div>\n<div class=\"col-md-12\"><strong>Parametri \u0219i caracteristici tehnice<\/strong><br \/>\nProduct: N08020 Lift Check Valve<br \/>\nDiametru nominal: 1\/4 inch \u2013 4 inch<br \/>\nTemperatur\u0103 de proiectare: -196\u2103 \u2013 573\u2103<br \/>\nPresiune de proiectare: Clasa 150 LB \u2013 Clasa 2500 LB<br \/>\nMaterial: o\u021bel carbon, o\u021bel inoxidabil, o\u021bel aliat, bronz<br \/>\nStandard de proiectare: API 602, BS 5352<br \/>\nFa\u021b\u0103 \u00een fa\u021b\u0103: Standard de fabrica\u021bie, ASME B16.10<br \/>\nCap\u0103t de conectare: NPT, SW, BW, cu flan\u0219\u0103<br \/>\nStandard de testare: API 598, ISO 5208<br \/>\nOpera\u021bie: X<br \/>\nAplica\u021bie: central\u0103 electric\u0103, petrol, inginerie chimic\u0103<\/p>\n<table>\n<tbody>\n<tr>\n<td width=\"200\"><strong><b>numele produsului<\/b><\/strong><\/td>\n<td width=\"481\">N08020 Lift Check Valve,150LB, 1 Inch,Flange End<\/td>\n<\/tr>\n<tr>\n<td width=\"200\">1. Material<\/td>\n<td width=\"481\">N08020<\/td>\n<\/tr>\n<tr>\n<td width=\"200\">2. Dimensiunea<\/td>\n<td width=\"481\">1\u201d<\/td>\n<\/tr>\n<tr>\n<td width=\"200\">4. Port<\/td>\n<td width=\"481\">Port reductor<\/td>\n<\/tr>\n<tr>\n<td width=\"200\">5. Presiunea de lucru<\/td>\n<td width=\"481\">150 lb<\/td>\n<\/tr>\n<tr>\n<td width=\"200\">6. Conexiunea se termin\u0103<\/td>\n<td width=\"481\">ed Weld End<\/td>\n<\/tr>\n<tr>\n<td width=\"200\">7. Temp. de lucru.<\/td>\n<td width=\"481\">-29~425\u00baC,<\/td>\n<\/tr>\n<tr>\n<td width=\"200\">8. Mediu potrivit<\/td>\n<td width=\"481\">Ap\u0103, gaze naturale, ulei \u0219i ceva lichid coroziv<\/td>\n<\/tr>\n<tr>\n<td width=\"200\">9. Operat<\/td>\n<td width=\"481\">Roat\u0103 de m\u00e2n\u0103<\/td>\n<\/tr>\n<tr>\n<td width=\"200\">10. Inspec\u021bie \u0219i testare<\/td>\n<td width=\"481\">Conform API 598<\/td>\n<\/tr>\n<tr>\n<td width=\"200\"><strong><b>Expediere<\/b><\/strong><\/td>\n<td width=\"481\"><\/td>\n<\/tr>\n<tr>\n<td width=\"200\">Timpul de livrare<\/td>\n<td width=\"481\">30 de zile<\/td>\n<\/tr>\n<tr>\n<td width=\"200\">Pachet<\/td>\n<td width=\"481\">Carcas\u0103 standard de export de placaj<\/td>\n<\/tr>\n<tr>\n<td width=\"200\">Portul de expediere<\/td>\n<td width=\"481\">Ningbo\/Shanghai, China<\/td>\n<\/tr>\n<tr>\n<td width=\"200\">Termeni de livrare<\/td>\n<td width=\"481\">Exw, FOB, CFR, CIF etc.<\/td>\n<\/tr>\n<tr>\n<td width=\"200\">Termeni de plat\u0103<\/td>\n<td width=\"481\">T\/T, Western Union, PayPal etc.<\/td>\n<\/tr>\n<tr>\n<td width=\"200\"><\/td>\n<td width=\"481\">Plat\u0103 anticipat\u0103 30%, sold 70% pl\u0103tit \u00eenainte de expediere<\/td>\n<\/tr>\n<tr>\n<td width=\"200\">\u021aara de origine<\/td>\n<td width=\"481\">Ora\u0219ul Wenzhou, China<\/td>\n<\/tr>\n<tr>\n<td width=\"200\">Capacitatea de produc\u021bie<\/td>\n<td width=\"481\">6000 tone\/an<\/td>\n<\/tr>\n<tr>\n<td width=\"200\">MOQ<\/td>\n<td width=\"481\">10 buc\/dimensiune<\/td>\n<\/tr>\n<\/tbody>\n<\/table>\n<\/div>\n<\/div>\n<\/div>\n<\/div>\n<\/div>\n<\/div>\n<\/div>\n<\/div>\n<div id=\"av_section_1\" class=\"avia-section alternate_color avia-section-small container_wrap fullsize\">\n<div class=\"container\">\n<div class=\"template-page content twelve alpha units\">\n<div class=\"product_column product_column_4\"><\/div>\n<\/div>\n<\/div>\n<\/div>","protected":false},"excerpt":{"rendered":"<p>STV Valve Technology Group Co., Ltd is a professional leader China UNS N08020 Lift Check Valve, Small Size Lift Check Valve, 1 Inch Lift Check Valve,\u00a0 ASTM A182 F20 Lift Check Valve, API 602 Lift Check Valve, Class 150 LB Lift Check Valve,RFLift Check Valve Manufacturer with high quality and competitive price<\/p>","protected":false},"featured_media":7441,"template":"","meta":[],"product_brand":[],"product_cat":[46,66],"product_tag":[2719,2714,2720,2717,2721,2722,2718],"class_list":{"0":"post-7440","1":"product","2":"type-product","3":"status-publish","4":"has-post-thumbnail","6":"product_cat-check-valves","7":"product_cat-swing-check-valve","8":"product_tag-1-inch-lift-check-valve","9":"product_tag-api-602-lift-check-valve","10":"product_tag-astm-a182-f20-lift-check-valve","11":"product_tag-china-uns-n08020-lift-check-valve","12":"product_tag-class-150-lb-lift-check-valve","13":"product_tag-rflift-check-valve-manufacturer","14":"product_tag-small-size-lift-check-valve","16":"first","17":"instock","18":"shipping-taxable","19":"product-type-simple"},"_links":{"self":[{"href":"https:\/\/www.stvvalves.com\/ro\/wp-json\/wp\/v2\/product\/7440","targetHints":{"allow":["GET"]}}],"collection":[{"href":"https:\/\/www.stvvalves.com\/ro\/wp-json\/wp\/v2\/product"}],"about":[{"href":"https:\/\/www.stvvalves.com\/ro\/wp-json\/wp\/v2\/types\/product"}],"wp:featuredmedia":[{"embeddable":true,"href":"https:\/\/www.stvvalves.com\/ro\/wp-json\/wp\/v2\/media\/7441"}],"wp:attachment":[{"href":"https:\/\/www.stvvalves.com\/ro\/wp-json\/wp\/v2\/media?parent=7440"}],"wp:term":[{"taxonomy":"product_brand","embeddable":true,"href":"https:\/\/www.stvvalves.com\/ro\/wp-json\/wp\/v2\/product_brand?post=7440"},{"taxonomy":"product_cat","embeddable":true,"href":"https:\/\/www.stvvalves.com\/ro\/wp-json\/wp\/v2\/product_cat?post=7440"},{"taxonomy":"product_tag","embeddable":true,"href":"https:\/\/www.stvvalves.com\/ro\/wp-json\/wp\/v2\/product_tag?post=7440"}],"curies":[{"name":"wp","href":"https:\/\/api.w.org\/{rel}","templated":true}]}}