{"id":7442,"date":"2024-07-26T16:25:51","date_gmt":"2024-07-26T08:25:51","guid":{"rendered":"https:\/\/www.stvvalves.com\/?post_type=product&#038;p=7442"},"modified":"2025-09-05T10:46:12","modified_gmt":"2025-09-05T02:46:12","slug":"24-inch-swing-check-valve-wcb-600lb-rtj-end","status":"publish","type":"product","link":"https:\/\/www.stvvalves.com\/ro\/products\/24-inch-swing-check-valve-wcb-600lb-rtj-end\/","title":{"rendered":"24 Inch Swing Check Valve,WCB, 600LB,RTJ End"},"content":{"rendered":"<p>Proiectare \u0219i fabrica\u021bie: BS 1868, ASME B16.34, API 6D<\/p>\n<p>Inspec\u021bie \u0219i testare: API598, API600 sau API 6D<\/p>\n<p>Dimensiunea flan\u0219ei de cap\u0103t: ASME B16.5 (pentru NPS\u226424, ASME B 16.47 seria B, API 605, ASME B16.47 A Series, MSS SP-44 (pentru NPS\uff1e24)<\/p>\n<p>Dimensiune final\u0103 BW: ASME B16.25<\/p>\n<p>Fa\u021b\u0103 \u00een fa\u021b\u0103 \u0219i cap\u0103t la cap\u0103t: ASME B16.10<\/p>\n<p>Evalu\u0103ri presiune-temperatura: ASME B16.34<\/p>\n<p>Dimensiunea grosimii peretelui: API 600, BS 1868<\/p>\n<p>Gam\u0103 de produse<\/p>\n<p>Material corpului: o\u021bel carbon, o\u021bel inoxidabil, o\u021bel aliat, bronz<\/p>\n<p>Diametru nominal: 1\/2\u2033~48\u2033(DN15~DN1200)<\/p>\n<p>Termina\u021bi conexiunea: RF,RTJ, BW<\/p>\n<p>Interval de presiune: Class150~2500(PN16~PN420)<\/p>\n<p>Temperatura de lucru: -196\u2103~+560\u2103<\/p>\n<table>\n<tbody>\n<tr>\n<td width=\"200\"><strong>numele produsului<\/strong><\/td>\n<td width=\"481\">24 Inch Swing Check Valve,WCB, 600LB,RTJ End<\/td>\n<\/tr>\n<tr>\n<td width=\"200\">1. Material<\/td>\n<td width=\"481\">WCB<\/td>\n<\/tr>\n<tr>\n<td width=\"200\">2. Dimensiunea<\/td>\n<td width=\"481\">24\u201d<\/td>\n<\/tr>\n<tr>\n<td width=\"200\">4. Port<\/td>\n<td width=\"481\">Port complet<\/td>\n<\/tr>\n<tr>\n<td width=\"200\">5. Presiunea de lucru<\/td>\n<td width=\"481\">600 lb<\/td>\n<\/tr>\n<tr>\n<td width=\"200\">6. Conexiunea se termin\u0103<\/td>\n<td width=\"481\">RTJ<\/td>\n<\/tr>\n<tr>\n<td width=\"200\">7. Temp. de lucru.<\/td>\n<td width=\"481\">-29~425\u00baC,<\/td>\n<\/tr>\n<tr>\n<td width=\"200\">8. Mediu potrivit<\/td>\n<td width=\"481\">Ap\u0103, gaze naturale, ulei \u0219i ceva lichid coroziv<\/td>\n<\/tr>\n<tr>\n<td width=\"200\">9. Operat<\/td>\n<td width=\"481\">\/<\/td>\n<\/tr>\n<tr>\n<td width=\"200\">10. Inspec\u021bie \u0219i testare<\/td>\n<td width=\"481\">Conform API 598<\/td>\n<\/tr>\n<tr>\n<td width=\"200\"><strong>Expediere<\/strong><\/td>\n<td width=\"481\"><\/td>\n<\/tr>\n<tr>\n<td width=\"200\">Timpul de livrare<\/td>\n<td width=\"481\">30 de zile<\/td>\n<\/tr>\n<tr>\n<td width=\"200\">Pachet<\/td>\n<td width=\"481\">Carcas\u0103 standard de export de placaj<\/td>\n<\/tr>\n<tr>\n<td width=\"200\">Portul de expediere<\/td>\n<td width=\"481\">Ningbo\/Shanghai, China<\/td>\n<\/tr>\n<tr>\n<td width=\"200\">Termeni de livrare<\/td>\n<td width=\"481\">Exw, FOB, CFR, CIF etc.<\/td>\n<\/tr>\n<tr>\n<td width=\"200\">Termeni de plat\u0103<\/td>\n<td width=\"481\">T\/T, Western Union, PayPal etc.<\/td>\n<\/tr>\n<tr>\n<td width=\"200\"><\/td>\n<td width=\"481\">Plat\u0103 anticipat\u0103 30%, sold 70% pl\u0103tit \u00eenainte de expediere<\/td>\n<\/tr>\n<tr>\n<td width=\"200\">\u021aara de origine<\/td>\n<td width=\"481\">Ora\u0219ul Wenzhou, China<\/td>\n<\/tr>\n<tr>\n<td width=\"200\">Capacitatea de produc\u021bie<\/td>\n<td width=\"481\">6000 tone\/an<\/td>\n<\/tr>\n<tr>\n<td width=\"200\">MOQ<\/td>\n<td width=\"481\">10 buc\/dimensiune<\/td>\n<\/tr>\n<\/tbody>\n<\/table>","protected":false},"excerpt":{"rendered":"<p>STV Valve Technology Group Co., Ltd is a professional leader China Swing Check Valve,BS 1868 Swing Check Valve,API 6D Swing Check Valve,24 IN Swing Check Valve,Class 600 Swing Check Valve ,Flange End Swing Check Valve,API Swing Check Valve manufacturer with high quality and competitive price<\/p>","protected":false},"featured_media":7443,"template":"","meta":[],"product_brand":[],"product_cat":[46,83],"product_tag":[2723,1034,2543,1033,2343,1047,339],"class_list":{"0":"post-7442","1":"product","2":"type-product","3":"status-publish","4":"has-post-thumbnail","6":"product_cat-check-valves","7":"product_cat-cast-steel-check-valve","8":"product_tag-24-in-swing-check-valve","9":"product_tag-api-6d-swing-check-valve","10":"product_tag-api-swing-check-valve-manufacturer","11":"product_tag-bs-1868-swing-check-valve","12":"product_tag-china-swing-check-valve","13":"product_tag-class-600-swing-check-valve","14":"product_tag-flange-end-swing-check-valve","16":"first","17":"instock","18":"shipping-taxable","19":"product-type-simple"},"_links":{"self":[{"href":"https:\/\/www.stvvalves.com\/ro\/wp-json\/wp\/v2\/product\/7442","targetHints":{"allow":["GET"]}}],"collection":[{"href":"https:\/\/www.stvvalves.com\/ro\/wp-json\/wp\/v2\/product"}],"about":[{"href":"https:\/\/www.stvvalves.com\/ro\/wp-json\/wp\/v2\/types\/product"}],"wp:featuredmedia":[{"embeddable":true,"href":"https:\/\/www.stvvalves.com\/ro\/wp-json\/wp\/v2\/media\/7443"}],"wp:attachment":[{"href":"https:\/\/www.stvvalves.com\/ro\/wp-json\/wp\/v2\/media?parent=7442"}],"wp:term":[{"taxonomy":"product_brand","embeddable":true,"href":"https:\/\/www.stvvalves.com\/ro\/wp-json\/wp\/v2\/product_brand?post=7442"},{"taxonomy":"product_cat","embeddable":true,"href":"https:\/\/www.stvvalves.com\/ro\/wp-json\/wp\/v2\/product_cat?post=7442"},{"taxonomy":"product_tag","embeddable":true,"href":"https:\/\/www.stvvalves.com\/ro\/wp-json\/wp\/v2\/product_tag?post=7442"}],"curies":[{"name":"wp","href":"https:\/\/api.w.org\/{rel}","templated":true}]}}