{"id":7451,"date":"2024-07-28T18:12:42","date_gmt":"2024-07-28T10:12:42","guid":{"rendered":"https:\/\/www.stvvalves.com\/?post_type=product&#038;p=7451"},"modified":"2024-12-24T15:34:38","modified_gmt":"2024-12-24T07:34:38","slug":"wafer-type-ball-valve-f316-dn150-pn16","status":"publish","type":"product","link":"https:\/\/www.stvvalves.com\/ro\/products\/wafer-type-ball-valve-f316-dn150-pn16\/","title":{"rendered":"Wafer Type Ball Valve,F316,DN150,PN16"},"content":{"rendered":"<p>Product range<br \/>\n-Valve size: 1\/2\u2033 \u2013 10\u2033 (DN15-DN250)<br \/>\n-Pressure: ANSI\u00a0Class\u00a0150-1500 (PN16-PN250)<br \/>\n-Temperature: -196\u2103 \u2013 500\u2103<br \/>\n-Body materials:A105N,F304,F304L,F316,F316L,F11,F22,F51,F55<\/p>\n<p>Technical specifications<br \/>\n-Design: ASME 16.34\/ API 6D<br \/>\n-Face to face: ASME B16.10<br \/>\n-BW end: ASME B16.25<br \/>\n-Test: API 598\/BS 6755<br \/>\n-Fire safe test: API 607\/API 6FA<br \/>\n-Special: NACE MR-01-75<\/p>\n<p>Design features:<br \/>\n1-piece Body<br \/>\n-Forged or cast steel body<br \/>\n-Full port or Reduce port<br \/>\n-Anti-blowout Stem<br \/>\n-Gear Operation or Actuator Available<br \/>\n-Blow-out proof stem<br \/>\n-Fire safe design<br \/>\nOptional locking device<br \/>\nOptional ISO 5211 direct mounting pad<\/p>\n<table>\n<tbody>\n<tr>\n<td width=\"200\"><strong>numele produsului<\/strong><\/td>\n<td width=\"481\">Wafer Type Ball Valve,F316,DN150,PN16<\/td>\n<\/tr>\n<tr>\n<td width=\"200\">1. Material<\/td>\n<td width=\"481\">F316<\/td>\n<\/tr>\n<tr>\n<td width=\"200\">2. Dimensiunea<\/td>\n<td width=\"481\">6\u201d<\/td>\n<\/tr>\n<tr>\n<td width=\"200\">4. Port<\/td>\n<td width=\"481\">\u00a0Port reductor<\/td>\n<\/tr>\n<tr>\n<td width=\"200\">5. Presiunea de lucru<\/td>\n<td width=\"481\">PN16<\/td>\n<\/tr>\n<tr>\n<td width=\"200\">6. Conexiunea se termin\u0103<\/td>\n<td width=\"481\">RF<\/td>\n<\/tr>\n<tr>\n<td width=\"200\">7. Temp. de lucru.<\/td>\n<td width=\"481\">-29~280\u00baC,<\/td>\n<\/tr>\n<tr>\n<td width=\"200\">8. Mediu potrivit<\/td>\n<td width=\"481\">Ap\u0103, gaze naturale, ulei \u0219i ceva lichid coroziv<\/td>\n<\/tr>\n<tr>\n<td width=\"200\">9. Operat<\/td>\n<td width=\"481\">Roat\u0103 de m\u00e2n\u0103<\/td>\n<\/tr>\n<tr>\n<td width=\"200\">10. Inspec\u021bie \u0219i testare<\/td>\n<td width=\"481\">Conform API598<\/td>\n<\/tr>\n<tr>\n<td width=\"200\"><strong>Expediere<\/strong><\/td>\n<td width=\"481\"><\/td>\n<\/tr>\n<tr>\n<td width=\"200\">Timpul de livrare<\/td>\n<td width=\"481\">30 de zile<\/td>\n<\/tr>\n<tr>\n<td width=\"200\">Pachet<\/td>\n<td width=\"481\">Carcas\u0103 standard de export de placaj<\/td>\n<\/tr>\n<tr>\n<td width=\"200\">Portul de expediere<\/td>\n<td width=\"481\">Ningbo\/Shanghai, China<\/td>\n<\/tr>\n<tr>\n<td width=\"200\">Termeni de livrare<\/td>\n<td width=\"481\">Exw, FOB, CFR, CIF etc.<\/td>\n<\/tr>\n<tr>\n<td width=\"200\">Termeni de plat\u0103<\/td>\n<td width=\"481\">T\/T, Western Union, PayPal etc.<\/td>\n<\/tr>\n<tr>\n<td width=\"200\"><\/td>\n<td width=\"481\">Plat\u0103 anticipat\u0103 30%, sold 70% pl\u0103tit \u00eenainte de expediere<\/td>\n<\/tr>\n<tr>\n<td width=\"200\">\u021aara de origine<\/td>\n<td width=\"481\">Ora\u0219ul Wenzhou, China<\/td>\n<\/tr>\n<tr>\n<td width=\"200\">Capacitatea de produc\u021bie<\/td>\n<td width=\"481\">6000 tone\/an<\/td>\n<\/tr>\n<tr>\n<td width=\"200\">MOQ<\/td>\n<td width=\"481\">1 buc\/dimensiune<\/td>\n<\/tr>\n<\/tbody>\n<\/table>","protected":false},"excerpt":{"rendered":"<p>STV Valve Technology Group Co., Ltd is a professional leader China PN16 Forged Steel Wafer Ball Valve,1 PCS Type Forged Steel\u00a0 Ball Valve ,F316 Wafer Ball Valve,High Pressure Forged Steel Wafer Ball Valve,6 Inch Forged Steel Wafer Ball Valve Manufacturer with high quality and competitive price<\/p>","protected":false},"featured_media":7452,"template":"","meta":[],"product_brand":[],"product_cat":[43,55],"product_tag":[2733,2736,2732,2734,2735],"class_list":{"0":"post-7451","1":"product","2":"type-product","3":"status-publish","4":"has-post-thumbnail","6":"product_cat-ball-valve","7":"product_cat-forged-steel-ball-valve","8":"product_tag-1-pcs-type-forged-steel-ball-valve","9":"product_tag-6-inch-forged-steel-wafer-ball-valve-manufacturer","10":"product_tag-china-pn16-forged-steel-wafer-ball-valve","11":"product_tag-f316-wafer-ball-valve","12":"product_tag-high-pressure-forged-steel-wafer-ball-valve","14":"first","15":"instock","16":"shipping-taxable","17":"product-type-simple"},"_links":{"self":[{"href":"https:\/\/www.stvvalves.com\/ro\/wp-json\/wp\/v2\/product\/7451","targetHints":{"allow":["GET"]}}],"collection":[{"href":"https:\/\/www.stvvalves.com\/ro\/wp-json\/wp\/v2\/product"}],"about":[{"href":"https:\/\/www.stvvalves.com\/ro\/wp-json\/wp\/v2\/types\/product"}],"wp:featuredmedia":[{"embeddable":true,"href":"https:\/\/www.stvvalves.com\/ro\/wp-json\/wp\/v2\/media\/7452"}],"wp:attachment":[{"href":"https:\/\/www.stvvalves.com\/ro\/wp-json\/wp\/v2\/media?parent=7451"}],"wp:term":[{"taxonomy":"product_brand","embeddable":true,"href":"https:\/\/www.stvvalves.com\/ro\/wp-json\/wp\/v2\/product_brand?post=7451"},{"taxonomy":"product_cat","embeddable":true,"href":"https:\/\/www.stvvalves.com\/ro\/wp-json\/wp\/v2\/product_cat?post=7451"},{"taxonomy":"product_tag","embeddable":true,"href":"https:\/\/www.stvvalves.com\/ro\/wp-json\/wp\/v2\/product_tag?post=7451"}],"curies":[{"name":"wp","href":"https:\/\/api.w.org\/{rel}","templated":true}]}}