{"id":7459,"date":"2024-07-29T06:45:57","date_gmt":"2024-07-28T22:45:57","guid":{"rendered":"https:\/\/www.stvvalves.com\/?post_type=product&#038;p=7459"},"modified":"2025-02-17T17:48:26","modified_gmt":"2025-02-17T09:48:26","slug":"150lb-c95800-y-strainer-4-inch-flange-end","status":"publish","type":"product","link":"https:\/\/www.stvvalves.com\/ro\/products\/150lb-c95800-y-strainer-4-inch-flange-end\/","title":{"rendered":"150LB C95800 Y Strainer,4 Inch,RF Flange End"},"content":{"rendered":"<p>China ASTM B148 C95800 Y Strainer Supplier : ASTM B148 C95800 Y Strainer for sea water, 4 Inch, Class 150 LB, ASME B16.34, RF Flanged Ends.<\/p>\n<p>Proiectare \u0219i fabrica\u021bie: API6D&amp;ANSI B16.34<br \/>\nDimensiune fa\u021b\u0103 \u00een fa\u021b\u0103: ASME B16.10<br \/>\nDimensiunea flan\u0219ei de cap\u0103t: ASME B16.5<br \/>\nDimensiune sudat\u0103 cap la cap: ASME B16.25<br \/>\nTest \u0219i inspec\u021bie: API598<\/p>\n<p>Specifica\u021bie: Dimensiune: 2\u2033-24\u2033<br \/>\nPresiune: 150-300 lb<br \/>\nMaterial: C95800, C95400, C92200, C90500<br \/>\nTemperatura;-196\u00b0C+545\u00b0C Serviciu: Apa de mare<\/p>\n<table>\n<tbody>\n<tr>\n<td width=\"200\"><strong>numele produsului<\/strong><\/td>\n<td width=\"481\">150LB C95800 Y Strainer,4 Inch,RF Flange End<\/td>\n<\/tr>\n<tr>\n<td width=\"200\">1. Material<\/td>\n<td width=\"481\">C95800<\/td>\n<\/tr>\n<tr>\n<td width=\"200\">2. Dimensiunea<\/td>\n<td width=\"481\">4\u201d<\/td>\n<\/tr>\n<tr>\n<td width=\"200\">4. Port<\/td>\n<td width=\"481\">Port complet<\/td>\n<\/tr>\n<tr>\n<td width=\"200\">5. Presiunea de lucru<\/td>\n<td width=\"481\">150 lb<\/td>\n<\/tr>\n<tr>\n<td width=\"200\">6. Conexiunea se termin\u0103<\/td>\n<td width=\"481\">RF<\/td>\n<\/tr>\n<tr>\n<td width=\"200\">7. Temp. de lucru.<\/td>\n<td width=\"481\">-29~200\u00baC,<\/td>\n<\/tr>\n<tr>\n<td width=\"200\">8. Mediu potrivit<\/td>\n<td width=\"481\">Ap\u0103, gaze naturale, ulei \u0219i ceva lichid coroziv<\/td>\n<\/tr>\n<tr>\n<td width=\"200\">9. Operat<\/td>\n<td width=\"481\">\/<\/td>\n<\/tr>\n<tr>\n<td width=\"200\">10. Inspec\u021bie \u0219i testare<\/td>\n<td width=\"481\">Conform API598<\/td>\n<\/tr>\n<tr>\n<td width=\"200\"><strong>Expediere<\/strong><\/td>\n<td width=\"481\"><\/td>\n<\/tr>\n<tr>\n<td width=\"200\">Timpul de livrare<\/td>\n<td width=\"481\">30 de zile<\/td>\n<\/tr>\n<tr>\n<td width=\"200\">Pachet<\/td>\n<td width=\"481\">Carcas\u0103 standard de export de placaj<\/td>\n<\/tr>\n<tr>\n<td width=\"200\">Portul de expediere<\/td>\n<td width=\"481\">Ningbo\/Shanghai, China<\/td>\n<\/tr>\n<tr>\n<td width=\"200\">Termeni de livrare<\/td>\n<td width=\"481\">Exw, FOB, CFR, CIF etc.<\/td>\n<\/tr>\n<tr>\n<td width=\"200\">Termeni de plat\u0103<\/td>\n<td width=\"481\">T\/T, Western Union, PayPal etc.<\/td>\n<\/tr>\n<tr>\n<td width=\"200\"><\/td>\n<td width=\"481\">Plat\u0103 anticipat\u0103 30%, sold 70% pl\u0103tit \u00eenainte de expediere<\/td>\n<\/tr>\n<tr>\n<td width=\"200\">\u021aara de origine<\/td>\n<td width=\"481\">Ora\u0219ul Wenzhou, China<\/td>\n<\/tr>\n<tr>\n<td width=\"200\">Capacitatea de produc\u021bie<\/td>\n<td width=\"481\">6000 tone\/an<\/td>\n<\/tr>\n<tr>\n<td width=\"200\">MOQ<\/td>\n<td width=\"481\">1 buc\/dimensiune<\/td>\n<\/tr>\n<\/tbody>\n<\/table>\n<p>&nbsp;<\/p>","protected":false},"excerpt":{"rendered":"<p>STV Valve Technology Group Co., Ltd is a professional leader China ASTM B148 C95800 Y Strainer for sea water, 4 Inch ASTM B148 C95800 Y Strainer, Class 150 LB ASTM B148 C95800 Y Strainer, ASME B16.34 ASTM B148 C95800 Y Strainer, RF Flanged Ends ASTM B148 C95800 Y Strainer manufacturer with high quality and competitive price.<\/p>","protected":false},"featured_media":7460,"template":"","meta":[],"product_brand":[],"product_cat":[85,48],"product_tag":[2748,2750,2747,2749,2751],"class_list":{"0":"post-7459","1":"product","2":"type-product","3":"status-publish","4":"has-post-thumbnail","6":"product_cat-stainless-steel-y-type-strainer","7":"product_cat-y-strainer","8":"product_tag-4-inch-astm-b148-c95800-y-strainer","9":"product_tag-asme-b16-34-astm-b148-c95800-y-strainer","10":"product_tag-china-astm-b148-c95800-y-strainer-for-sea-water","11":"product_tag-class-150-lb-astm-b148-c95800-y-strainer","12":"product_tag-rf-flanged-ends-astm-b148-c95800-y-strainer-manufacturer","14":"first","15":"instock","16":"shipping-taxable","17":"product-type-simple"},"_links":{"self":[{"href":"https:\/\/www.stvvalves.com\/ro\/wp-json\/wp\/v2\/product\/7459","targetHints":{"allow":["GET"]}}],"collection":[{"href":"https:\/\/www.stvvalves.com\/ro\/wp-json\/wp\/v2\/product"}],"about":[{"href":"https:\/\/www.stvvalves.com\/ro\/wp-json\/wp\/v2\/types\/product"}],"wp:featuredmedia":[{"embeddable":true,"href":"https:\/\/www.stvvalves.com\/ro\/wp-json\/wp\/v2\/media\/7460"}],"wp:attachment":[{"href":"https:\/\/www.stvvalves.com\/ro\/wp-json\/wp\/v2\/media?parent=7459"}],"wp:term":[{"taxonomy":"product_brand","embeddable":true,"href":"https:\/\/www.stvvalves.com\/ro\/wp-json\/wp\/v2\/product_brand?post=7459"},{"taxonomy":"product_cat","embeddable":true,"href":"https:\/\/www.stvvalves.com\/ro\/wp-json\/wp\/v2\/product_cat?post=7459"},{"taxonomy":"product_tag","embeddable":true,"href":"https:\/\/www.stvvalves.com\/ro\/wp-json\/wp\/v2\/product_tag?post=7459"}],"curies":[{"name":"wp","href":"https:\/\/api.w.org\/{rel}","templated":true}]}}