{"id":7468,"date":"2024-07-29T11:20:16","date_gmt":"2024-07-29T03:20:16","guid":{"rendered":"https:\/\/www.stvvalves.com\/?post_type=product&#038;p=7468"},"modified":"2024-12-24T15:29:27","modified_gmt":"2024-12-24T07:29:27","slug":"top-entry-ball-valve-1500lb-wcb-10-inch-flange-end","status":"publish","type":"product","link":"https:\/\/www.stvvalves.com\/ro\/products\/top-entry-ball-valve-1500lb-wcb-10-inch-flange-end\/","title":{"rendered":"Top Entry Ball Valve,1500LB ,WCB,10 Inch,Flange End"},"content":{"rendered":"<p>Top entry ball valves are typically used in process systems where in-line maintenance is preferred over full valve removal. As such, it is common for top entry ball valves to be used in high-pressure applications that require infrequent maintenance, like high integrity pressure protection system (HIPPS) valves.<\/p>\n<p><strong>Advantage &amp; Benefit:<\/strong><\/p>\n<p>\u2022 Self-Adjusting Seats: Compensate for Wear &amp; Temperature Fluctuations<br \/>\n\u2022 Spring Loaded Low Pressure Seals<br \/>\n\u2022 Pressure Activated Seating<br \/>\n\u2022 Built-In Antistatic Feature<br \/>\n\u2022 Simplified In-line maintenance\/reparability<\/p>\n<p><strong>Supap\u0103 cu bil\u0103 de intrare superioar\u0103<\/strong> with a one-piece body design that allows in-line maintenance. <strong>top entry trunnion mounted ball valves\u00a0<\/strong>are manufactured\u00a0to ensure bi-directional sealing with two independent floating seats.<\/p>\n<p>Top entry trunnion mounted ball valve feature a double block and bleed, fire safe design and an anti blow-out stem. Top entry trunnion mounted ball valve with seat retraction technique gives the convenience of in-line repair or replace valve internal components without dismantling it from pipe line.<\/p>\n<p>Size: from 2\u2033 to 24\u2033<br \/>\nPresiune: 150 \u2013 1500LB<br \/>\nMaterial: carbon steel, stainless steel, alloy steel<br \/>\nStandard de proiectare \u0219i produc\u021bie: API 594 sau DIN<br \/>\nFire safe :BS 6755 and API 6FA.<br \/>\nDistan\u021ba dintre flan\u0219e: ASME B16.10, EN558, DIN3202<br \/>\nConectat \u00een conformitate cu standardul: ANSI, API, DIN<br \/>\nStandard de testare: API598, API 600, ISO5208<br \/>\nMediu: Supapa este potrivit\u0103 pentru mai multe medii, inclusiv ap\u0103, abur, ulei, gaz, produse petroliere, acid azotic, acid acetic etc.<br \/>\nTemperatura de lucru: de la -46\u00baC sau -50\u00baC (construc\u021bii din o\u021bel inoxidabil) \u0219i -29\u00baC sau -46\u00baC (construc\u021bii din o\u021bel carbon) p\u00e2n\u0103 la 600\u2103<\/p>\n<table>\n<tbody>\n<tr>\n<td width=\"200\"><strong>numele produsului<\/strong><\/td>\n<td width=\"481\">Top Entry Ball Valve,1500LB ,WCB,10 Inch,Flange End<\/td>\n<\/tr>\n<tr>\n<td width=\"200\">1. Material<\/td>\n<td width=\"481\">WCB<\/td>\n<\/tr>\n<tr>\n<td width=\"200\">2. Dimensiunea<\/td>\n<td width=\"481\">10\u201d<\/td>\n<\/tr>\n<tr>\n<td width=\"200\">4. Port<\/td>\n<td width=\"481\">Port reductor<\/td>\n<\/tr>\n<tr>\n<td width=\"200\">5. Presiunea de lucru<\/td>\n<td width=\"481\">1500 lb<\/td>\n<\/tr>\n<tr>\n<td width=\"200\">6. Conexiunea se termin\u0103<\/td>\n<td width=\"481\">RF<\/td>\n<\/tr>\n<tr>\n<td width=\"200\">7. Temp. de lucru.<\/td>\n<td width=\"481\">-29~120\u00baC,<\/td>\n<\/tr>\n<tr>\n<td width=\"200\">8. Mediu potrivit<\/td>\n<td width=\"481\">Ap\u0103, gaze naturale, ulei \u0219i ceva lichid coroziv<\/td>\n<\/tr>\n<tr>\n<td width=\"200\">9. Operat<\/td>\n<td width=\"481\">\/<\/td>\n<\/tr>\n<tr>\n<td width=\"200\">10. Inspec\u021bie \u0219i testare<\/td>\n<td width=\"481\">Conform API598<\/td>\n<\/tr>\n<tr>\n<td width=\"200\"><strong>Expediere<\/strong><\/td>\n<td width=\"481\"><\/td>\n<\/tr>\n<tr>\n<td width=\"200\">Timpul de livrare<\/td>\n<td width=\"481\">30 de zile<\/td>\n<\/tr>\n<tr>\n<td width=\"200\">Pachet<\/td>\n<td width=\"481\">Carcas\u0103 standard de export de placaj<\/td>\n<\/tr>\n<tr>\n<td width=\"200\">Portul de expediere<\/td>\n<td width=\"481\">Ningbo\/Shanghai, China<\/td>\n<\/tr>\n<tr>\n<td width=\"200\">Termeni de livrare<\/td>\n<td width=\"481\">Exw, FOB, CFR, CIF etc.<\/td>\n<\/tr>\n<tr>\n<td width=\"200\">Termeni de plat\u0103<\/td>\n<td width=\"481\">T\/T, Western Union, PayPal etc.<\/td>\n<\/tr>\n<tr>\n<td width=\"200\"><\/td>\n<td width=\"481\">Plat\u0103 anticipat\u0103 30%, sold 70% pl\u0103tit \u00eenainte de expediere<\/td>\n<\/tr>\n<tr>\n<td width=\"200\">\u021aara de origine<\/td>\n<td width=\"481\">Ora\u0219ul Wenzhou, China<\/td>\n<\/tr>\n<tr>\n<td width=\"200\">Capacitatea de produc\u021bie<\/td>\n<td width=\"481\">6000 tone\/an<\/td>\n<\/tr>\n<tr>\n<td width=\"200\">MOQ<\/td>\n<td width=\"481\">1 buc\/dimensiune<\/td>\n<\/tr>\n<\/tbody>\n<\/table>","protected":false},"excerpt":{"rendered":"<p>China API 608 Top Entry Ball Valve, STV Ball Valve Supplier Offers Top Entry Ball Valve , 1500LB Top Entry Ball Valve , 10 Inch Top Entry Ball Valve , WCBTop Entry Ball Valve ,China Top Entry Ball Valve Manufacture.<\/p>","protected":false},"featured_media":7469,"template":"","meta":[],"product_brand":[],"product_cat":[43,53],"product_tag":[2770,2769,2767,2766,2768,2771],"class_list":{"0":"post-7468","1":"product","2":"type-product","3":"status-publish","4":"has-post-thumbnail","6":"product_cat-ball-valve","7":"product_cat-stainless-steel-ball-valve","8":"product_tag-10-inch-top-entry-ball-valve","9":"product_tag-1500lb-top-entry-ball-valve","10":"product_tag-china-api-608-top-entry-ball-valve","11":"product_tag-china-top-entry-ball-valve-manufacture","12":"product_tag-stv-ball-valve-supplier-offers-top-entry-ball-valve","13":"product_tag-wcbtop-entry-ball-valve","15":"first","16":"instock","17":"shipping-taxable","18":"product-type-simple"},"_links":{"self":[{"href":"https:\/\/www.stvvalves.com\/ro\/wp-json\/wp\/v2\/product\/7468","targetHints":{"allow":["GET"]}}],"collection":[{"href":"https:\/\/www.stvvalves.com\/ro\/wp-json\/wp\/v2\/product"}],"about":[{"href":"https:\/\/www.stvvalves.com\/ro\/wp-json\/wp\/v2\/types\/product"}],"wp:featuredmedia":[{"embeddable":true,"href":"https:\/\/www.stvvalves.com\/ro\/wp-json\/wp\/v2\/media\/7469"}],"wp:attachment":[{"href":"https:\/\/www.stvvalves.com\/ro\/wp-json\/wp\/v2\/media?parent=7468"}],"wp:term":[{"taxonomy":"product_brand","embeddable":true,"href":"https:\/\/www.stvvalves.com\/ro\/wp-json\/wp\/v2\/product_brand?post=7468"},{"taxonomy":"product_cat","embeddable":true,"href":"https:\/\/www.stvvalves.com\/ro\/wp-json\/wp\/v2\/product_cat?post=7468"},{"taxonomy":"product_tag","embeddable":true,"href":"https:\/\/www.stvvalves.com\/ro\/wp-json\/wp\/v2\/product_tag?post=7468"}],"curies":[{"name":"wp","href":"https:\/\/api.w.org\/{rel}","templated":true}]}}