{"id":7475,"date":"2024-07-31T00:02:39","date_gmt":"2024-07-30T16:02:39","guid":{"rendered":"https:\/\/www.stvvalves.com\/?post_type=product&#038;p=7475"},"modified":"2025-02-18T14:02:12","modified_gmt":"2025-02-18T06:02:12","slug":"2500lb-y-type-strainer-4-inch-wcb-flange-end","status":"publish","type":"product","link":"https:\/\/www.stvvalves.com\/ro\/products\/2500lb-y-type-strainer-4-inch-wcb-flange-end\/","title":{"rendered":"2500LB Y Type Strainer,4 Inch,WCB,Flange End"},"content":{"rendered":"<p>Design: ASME B16.34.<br \/>\nMaterial: ASTM A216 WCB.<br \/>\nDimensiune nominal\u0103: 4 inch.<br \/>\nNominal pressure: Class 2500 LB.<br \/>\nEnd Connection: RTJ.<br \/>\nFa\u021b\u0103 \u00een fa\u021b\u0103: ASME B16.10.<br \/>\nTestare \u0219i inspec\u021bie: API 598.<\/p>\n<p>Gam\u0103 de produse:<br \/>\nMaterial corp: o\u021bel carbon, o\u021bel inoxidabil, o\u021bel aliat.<br \/>\nDiametru normal: 1\/2 \u2013 48 inch (DN15 \u2013 DN1200).<br \/>\nConexiune final\u0103: BW, cu flan\u0219\u0103.<br \/>\nInterval de presiune: 150 \u2013 2500 LB (PN16 \u2013 PN420).<br \/>\nTemperatura de lucru: -196\u2103 \u2013 +573\u2103.<\/p>\n<table>\n<tbody>\n<tr>\n<td width=\"200\"><strong>numele produsului<\/strong><\/td>\n<td width=\"481\">2500LB Y Type Strainer,4 Inch,WCB,Flange End<\/td>\n<\/tr>\n<tr>\n<td width=\"200\">1. Material<\/td>\n<td width=\"481\">WCB<\/td>\n<\/tr>\n<tr>\n<td width=\"200\">2. Dimensiunea<\/td>\n<td width=\"481\">4\u201d<\/td>\n<\/tr>\n<tr>\n<td width=\"200\">4. Port<\/td>\n<td width=\"481\">Port complet<\/td>\n<\/tr>\n<tr>\n<td width=\"200\">5. Presiunea de lucru<\/td>\n<td width=\"481\">2500 LB<\/td>\n<\/tr>\n<tr>\n<td width=\"200\">6. Conexiunea se termin\u0103<\/td>\n<td width=\"481\">RTJ<\/td>\n<\/tr>\n<tr>\n<td width=\"200\">7. Temp. de lucru.<\/td>\n<td width=\"481\">-29~425\u00baC,<\/td>\n<\/tr>\n<tr>\n<td width=\"200\">8. Mediu potrivit<\/td>\n<td width=\"481\">Ap\u0103, gaze naturale, ulei \u0219i ceva lichid coroziv<\/td>\n<\/tr>\n<tr>\n<td width=\"200\">9. Operat<\/td>\n<td width=\"481\">\/<\/td>\n<\/tr>\n<tr>\n<td width=\"200\">10. Inspec\u021bie \u0219i testare<\/td>\n<td width=\"481\">API 598<\/td>\n<\/tr>\n<tr>\n<td width=\"200\"><strong>Expediere<\/strong><\/td>\n<td width=\"481\"><\/td>\n<\/tr>\n<tr>\n<td width=\"200\">Timpul de livrare<\/td>\n<td width=\"481\">30 de zile<\/td>\n<\/tr>\n<tr>\n<td width=\"200\">Pachet<\/td>\n<td width=\"481\">Carcas\u0103 standard de export de placaj<\/td>\n<\/tr>\n<tr>\n<td width=\"200\">Portul de expediere<\/td>\n<td width=\"481\">Ningbo\/Shanghai, China<\/td>\n<\/tr>\n<tr>\n<td width=\"200\">Termeni de livrare<\/td>\n<td width=\"481\">Exw, FOB, CFR, CIF etc.<\/td>\n<\/tr>\n<tr>\n<td width=\"200\">Termeni de plat\u0103<\/td>\n<td width=\"481\">T\/T, Western Union, PayPal etc.<\/td>\n<\/tr>\n<tr>\n<td width=\"200\"><\/td>\n<td width=\"481\">Plat\u0103 anticipat\u0103 30%, sold 70% pl\u0103tit \u00eenainte de expediere<\/td>\n<\/tr>\n<tr>\n<td width=\"200\">\u021aara de origine<\/td>\n<td width=\"481\">Ora\u0219ul Wenzhou, China<\/td>\n<\/tr>\n<tr>\n<td width=\"200\">Capacitatea de produc\u021bie<\/td>\n<td width=\"481\">6000 tone\/an<\/td>\n<\/tr>\n<tr>\n<td width=\"200\">MOQ<\/td>\n<td width=\"481\">1 buc\/dimensiune<\/td>\n<\/tr>\n<\/tbody>\n<\/table>","protected":false},"excerpt":{"rendered":"<p>STV Valve Technology Group Co., Ltd is a professional leader China Ansi 2500LB flanged strainer,2500LB flange Filter,cast steel 2500LB y type strainer,flanged strainer,2500LB Y-type strainer,, 4 Inch 2500LB cast steel y type strainer,Carbon Steel 2500LB Y Strainer Manufacturer with high quality and competitive price.<\/p>","protected":false},"featured_media":7477,"template":"","meta":[],"product_brand":[],"product_cat":[72,48],"product_tag":[2777,2779,2780,2781,2778,2776,232],"class_list":{"0":"post-7475","1":"product","2":"type-product","3":"status-publish","4":"has-post-thumbnail","6":"product_cat-cast-steel-y-type-strainer","7":"product_cat-y-strainer","8":"product_tag-2500lb-flange-filter","9":"product_tag-2500lb-y-type-strainer","10":"product_tag-4-inch-2500lb-cast-steel-y-type-strainer","11":"product_tag-carbon-steel-2500lb-y-strainer-manufacturer","12":"product_tag-cast-steel-2500lb-y-type-strainer","13":"product_tag-china-ansi-2500lb-flanged-strainer","14":"product_tag-flanged-strainer","16":"first","17":"instock","18":"shipping-taxable","19":"product-type-simple"},"_links":{"self":[{"href":"https:\/\/www.stvvalves.com\/ro\/wp-json\/wp\/v2\/product\/7475","targetHints":{"allow":["GET"]}}],"collection":[{"href":"https:\/\/www.stvvalves.com\/ro\/wp-json\/wp\/v2\/product"}],"about":[{"href":"https:\/\/www.stvvalves.com\/ro\/wp-json\/wp\/v2\/types\/product"}],"wp:featuredmedia":[{"embeddable":true,"href":"https:\/\/www.stvvalves.com\/ro\/wp-json\/wp\/v2\/media\/7477"}],"wp:attachment":[{"href":"https:\/\/www.stvvalves.com\/ro\/wp-json\/wp\/v2\/media?parent=7475"}],"wp:term":[{"taxonomy":"product_brand","embeddable":true,"href":"https:\/\/www.stvvalves.com\/ro\/wp-json\/wp\/v2\/product_brand?post=7475"},{"taxonomy":"product_cat","embeddable":true,"href":"https:\/\/www.stvvalves.com\/ro\/wp-json\/wp\/v2\/product_cat?post=7475"},{"taxonomy":"product_tag","embeddable":true,"href":"https:\/\/www.stvvalves.com\/ro\/wp-json\/wp\/v2\/product_tag?post=7475"}],"curies":[{"name":"wp","href":"https:\/\/api.w.org\/{rel}","templated":true}]}}