{"id":7495,"date":"2024-08-05T19:11:05","date_gmt":"2024-08-05T11:11:05","guid":{"rendered":"https:\/\/www.stvvalves.com\/?post_type=product&#038;p=7495"},"modified":"2025-09-05T10:23:30","modified_gmt":"2025-09-05T02:23:30","slug":"1500lb-cf8c-swing-check-valve-8-inch-rtj-end","status":"publish","type":"product","link":"https:\/\/www.stvvalves.com\/ro\/products\/1500lb-cf8c-swing-check-valve-8-inch-rtj-end\/","title":{"rendered":"1500LB CF8C Swing Check Valve,8 Inch,RTJ End"},"content":{"rendered":"<h2>Descriere<\/h2>\n<p>Products Name: 1500LB CF8C Swing Check Valve,8 Inch,RTJ End<\/p>\n<div class=\"row\">\n<div class=\"col-md-12\">Design: API 6D<br \/>\nCorp: CF8C<br \/>\nNominal Size: 8Inch<br \/>\nNominal Class: 1500 LB<br \/>\nEnd Connection: RTJ Ends<br \/>\nFa\u021b\u0103 \u00een fa\u021b\u0103: ASME B16.10<br \/>\nTestare \u0219i inspec\u021bie: API 598<\/div>\n<\/div>\n<p>Material caroserie: titan, duplex, Hastelloy C276\/B3, Monel, Alloys20, 4A, 5A, C95800, C95500, Monel, Alloy 20, F347, Super Duplex, Inconel etc.<br \/>\nStandarde de fabrica\u021bie: API, ANSI, BS, DIN, JIS.<br \/>\nPresiune supap\u0103: 150LB p\u00e2n\u0103 la 2500LB (PN1.6-42MPa).<br \/>\nGama de dimensiuni a supapei de re\u021binere: 1\/2 p\u00e2n\u0103 la 32 inchi (DN15 p\u00e2n\u0103 la DN800).<br \/>\nTemperatura de functionare: de la -196 grade Celsius la 593 grade Celsius.<br \/>\nConexiune: cu flan\u0219\u0103, sudat\u0103 cap la cap.<br \/>\nDimensiuni fa\u021b\u0103 \u00een fa\u021b\u0103: ANSI B16.10.<br \/>\nDimensiune cap\u0103t flan\u0219\u0103: ANSI B16.5<br \/>\nDimensiuni sudate cap la cap: ANSI B16.25<br \/>\nDesign \u0219i fabrica\u021bie: BS1868<br \/>\nTest de presiune: API598<\/p>\n<table>\n<tbody>\n<tr>\n<td width=\"200\"><strong><b>numele produsului<\/b><\/strong><\/td>\n<td width=\"481\">1500LB CF8C Swing Check Valve,8 Inch,RTJ End<\/td>\n<\/tr>\n<tr>\n<td width=\"200\">1. Material<\/td>\n<td width=\"481\">CF8C<\/td>\n<\/tr>\n<tr>\n<td width=\"200\">2. Dimensiunea<\/td>\n<td width=\"481\">8\u201d<\/td>\n<\/tr>\n<tr>\n<td width=\"200\">4. Port<\/td>\n<td width=\"481\">Port complet<\/td>\n<\/tr>\n<tr>\n<td width=\"200\">5. Presiunea de lucru<\/td>\n<td width=\"481\">1500 LB<\/td>\n<\/tr>\n<tr>\n<td width=\"200\">6. Conexiunea se termin\u0103<\/td>\n<td width=\"481\">RTJ<\/td>\n<\/tr>\n<tr>\n<td width=\"200\">7. Temp. de lucru.<\/td>\n<td width=\"481\">-29~400\u00baC,<\/td>\n<\/tr>\n<tr>\n<td width=\"200\">8. Mediu potrivit<\/td>\n<td width=\"481\">Ap\u0103, gaze naturale, ulei \u0219i ceva lichid coroziv<\/td>\n<\/tr>\n<tr>\n<td width=\"200\">9. Operat<\/td>\n<td width=\"481\">\/<\/td>\n<\/tr>\n<tr>\n<td width=\"200\">10. Inspec\u021bie \u0219i testare<\/td>\n<td width=\"481\">Conform API 598<\/td>\n<\/tr>\n<tr>\n<td width=\"200\"><strong><b>Expediere<\/b><\/strong><\/td>\n<td width=\"481\"><\/td>\n<\/tr>\n<tr>\n<td width=\"200\">Timpul de livrare<\/td>\n<td width=\"481\">30 de zile<\/td>\n<\/tr>\n<tr>\n<td width=\"200\">Pachet<\/td>\n<td width=\"481\">Carcas\u0103 standard de export de placaj<\/td>\n<\/tr>\n<tr>\n<td width=\"200\">Portul de expediere<\/td>\n<td width=\"481\">Ningbo\/Shanghai, China<\/td>\n<\/tr>\n<tr>\n<td width=\"200\">Termeni de livrare<\/td>\n<td width=\"481\">Exw, FOB, CFR, CIF etc.<\/td>\n<\/tr>\n<tr>\n<td width=\"200\">Termeni de plat\u0103<\/td>\n<td width=\"481\">T\/T, Western Union, PayPal etc.<\/td>\n<\/tr>\n<tr>\n<td width=\"200\"><\/td>\n<td width=\"481\">Plat\u0103 anticipat\u0103 30%, sold 70% pl\u0103tit \u00eenainte de expediere<\/td>\n<\/tr>\n<tr>\n<td width=\"200\">\u021aara de origine<\/td>\n<td width=\"481\">Ora\u0219ul Wenzhou, China<\/td>\n<\/tr>\n<tr>\n<td width=\"200\">Capacitatea de produc\u021bie<\/td>\n<td width=\"481\">6000 tone\/an<\/td>\n<\/tr>\n<tr>\n<td width=\"200\">MOQ<\/td>\n<td width=\"481\">10 buc\/dimensiune<\/td>\n<\/tr>\n<\/tbody>\n<\/table>","protected":false},"excerpt":{"rendered":"<p>Discover the robust 1500LB CF8C Swing Check Valve designed for optimal performance in high-pressure applications. This 8 inch valve features a reliable RTJ (Ring Type Joint) end, ensuring a secure and leak-proof connection. Ideal for a variety of industrial settings, our swing check valve offers durability and efficiency, providing peace of mind for your piping systems. Explore specifications, installation guidelines, and maintenance tips to maximize the longevity and functionality of your valve.<\/p>\n<p>STV Valve Technology Group Co., Ltd is a professional leader China CF8C Swing Check Valve, Pressure Seal CF8C Swing Check Valve, 8 Inch CF8C Swing Check Valve, CL1500 CF8C Swing Check Valve,Flange End CF8C Swing Check Valve Manufacturer with high quality and competitive price.<\/p>\n<p>V\u0103 rug\u0103m s\u0103 contacta\u021bi sales@stvvalve.com pentru alte materiale \u0219i detalii.<\/p>","protected":false},"featured_media":7496,"template":"","meta":[],"product_brand":[],"product_cat":[46,67],"product_tag":[2795,1697,2796,2797,2794],"class_list":{"0":"post-7495","1":"product","2":"type-product","3":"status-publish","4":"has-post-thumbnail","6":"product_cat-check-valves","7":"product_cat-stainless-steel-check-valve","8":"product_tag-8-inch-cf8c-swing-check-valve","9":"product_tag-china-cf8c-swing-check-valve","10":"product_tag-cl1500-cf8c-swing-check-valve","11":"product_tag-flange-end-cf8c-swing-check-valve-manufacturer","12":"product_tag-pressure-seal-cf8c-swing-check-valve","14":"first","15":"instock","16":"shipping-taxable","17":"product-type-simple"},"_links":{"self":[{"href":"https:\/\/www.stvvalves.com\/ro\/wp-json\/wp\/v2\/product\/7495","targetHints":{"allow":["GET"]}}],"collection":[{"href":"https:\/\/www.stvvalves.com\/ro\/wp-json\/wp\/v2\/product"}],"about":[{"href":"https:\/\/www.stvvalves.com\/ro\/wp-json\/wp\/v2\/types\/product"}],"wp:featuredmedia":[{"embeddable":true,"href":"https:\/\/www.stvvalves.com\/ro\/wp-json\/wp\/v2\/media\/7496"}],"wp:attachment":[{"href":"https:\/\/www.stvvalves.com\/ro\/wp-json\/wp\/v2\/media?parent=7495"}],"wp:term":[{"taxonomy":"product_brand","embeddable":true,"href":"https:\/\/www.stvvalves.com\/ro\/wp-json\/wp\/v2\/product_brand?post=7495"},{"taxonomy":"product_cat","embeddable":true,"href":"https:\/\/www.stvvalves.com\/ro\/wp-json\/wp\/v2\/product_cat?post=7495"},{"taxonomy":"product_tag","embeddable":true,"href":"https:\/\/www.stvvalves.com\/ro\/wp-json\/wp\/v2\/product_tag?post=7495"}],"curies":[{"name":"wp","href":"https:\/\/api.w.org\/{rel}","templated":true}]}}