{"id":7499,"date":"2024-08-18T19:28:42","date_gmt":"2024-08-18T11:28:42","guid":{"rendered":"https:\/\/www.stvvalves.com\/?post_type=product&#038;p=7499"},"modified":"2024-12-25T09:25:01","modified_gmt":"2024-12-25T01:25:01","slug":"cf8-swing-check-valve-16-inch-cl300-flange-end","status":"publish","type":"product","link":"https:\/\/www.stvvalves.com\/ro\/products\/cf8-swing-check-valve-16-inch-cl300-flange-end\/","title":{"rendered":"CF8 Swing Check Valve,16 Inch,CL300,Flange End"},"content":{"rendered":"<p>Caracteristici de design:<br \/>\nStandard de proiectare conform: BS1868, ASME B16.34, API 600<br \/>\nDimensiuni fa\u021b\u0103 \u00een fa\u021b\u0103: ANSI B16.10.<br \/>\nDimensiune cap\u0103t flan\u0219\u0103: ANSI B16.5<br \/>\nDimensiuni sudate cap la cap: ANSI B16.25<br \/>\nDesign \u0219i fabrica\u021bie: BS1868<br \/>\nTest de presiune: API598<\/p>\n<p>Structur\u0103 de produs compact\u0103 \u0219i rezonabil\u0103, etan\u0219eitate fiabil\u0103 \u0219i performan\u021b\u0103 bun\u0103;<\/p>\n<p>Pasaj fluid al fluidului \u0219i rezisten\u021b\u0103 mic\u0103 la fluid;<\/p>\n<p>Disc tip balansoar.<\/p>\n<p>Poate fi proiectat cu un cilindru de amortizare sau un disc echilibrat.<\/p>\n<p>Pasaj neted al fluidului \u0219i rezisten\u021b\u0103 mic\u0103 la fluid.<\/p>\n<p>Gam\u0103 de produse<br \/>\nMaterial caroserie: WCB, A105, LCB, LC3, CF8, CF8M, CF3, CF3M, CF8C, CF10M, CG8M, WC1, WC6, WC9, F11 \u0219i etc.<\/p>\n<p>Diametru nominal: 1\/2\u2033~60\u2033\uff08DN15~DN1500\uff09<\/p>\n<p>Interval de presiune: Clasa 150 ~ 2500 (PN10 ~ PN420)<\/p>\n<p>Conexiunea final\u0103: RF, RTJ, BW<\/p>\n<p>Temperatura de lucru: -196\u2103~+560\u2103<\/p>\n<div>\n<p>&nbsp;<\/p>\n<table>\n<tbody>\n<tr>\n<td width=\"200\"><strong><b>numele produsului<\/b><\/strong><\/td>\n<td width=\"481\">CF8 Swing Check Valve,16 Inch,CL300,Flange End<\/td>\n<\/tr>\n<tr>\n<td width=\"200\">1. Material<\/td>\n<td width=\"481\">CF8<\/td>\n<\/tr>\n<tr>\n<td width=\"200\">2. Dimensiunea<\/td>\n<td width=\"481\">16\u201d<\/td>\n<\/tr>\n<tr>\n<td width=\"200\">4. Port<\/td>\n<td width=\"481\">Port complet<\/td>\n<\/tr>\n<tr>\n<td width=\"200\">5. Presiunea de lucru<\/td>\n<td width=\"481\">300 lb<\/td>\n<\/tr>\n<tr>\n<td width=\"200\">6. Conexiunea se termin\u0103<\/td>\n<td width=\"481\">RF<\/td>\n<\/tr>\n<tr>\n<td width=\"200\">7. Temp. de lucru.<\/td>\n<td width=\"481\">-29~250\u00baC,<\/td>\n<\/tr>\n<tr>\n<td width=\"200\">8. Mediu potrivit<\/td>\n<td width=\"481\">Ap\u0103, gaze naturale, ulei \u0219i ceva lichid coroziv<\/td>\n<\/tr>\n<tr>\n<td width=\"200\">9. Operat<\/td>\n<td width=\"481\">\/<\/td>\n<\/tr>\n<tr>\n<td width=\"200\">10. Inspec\u021bie \u0219i testare<\/td>\n<td width=\"481\">Conform API 598<\/td>\n<\/tr>\n<tr>\n<td width=\"200\"><strong><b>Expediere<\/b><\/strong><\/td>\n<td width=\"481\"><\/td>\n<\/tr>\n<tr>\n<td width=\"200\">Timpul de livrare<\/td>\n<td width=\"481\">30 de zile<\/td>\n<\/tr>\n<tr>\n<td width=\"200\">Pachet<\/td>\n<td width=\"481\">Carcas\u0103 standard de export de placaj<\/td>\n<\/tr>\n<tr>\n<td width=\"200\">Portul de expediere<\/td>\n<td width=\"481\">Ningbo\/Shanghai, China<\/td>\n<\/tr>\n<tr>\n<td width=\"200\">Termeni de livrare<\/td>\n<td width=\"481\">Exw, FOB, CFR, CIF etc.<\/td>\n<\/tr>\n<tr>\n<td width=\"200\">Termeni de plat\u0103<\/td>\n<td width=\"481\">T\/T, Western Union, PayPal etc.<\/td>\n<\/tr>\n<tr>\n<td width=\"200\"><\/td>\n<td width=\"481\">Plat\u0103 anticipat\u0103 30%, sold 70% pl\u0103tit \u00eenainte de expediere<\/td>\n<\/tr>\n<tr>\n<td width=\"200\">\u021aara de origine<\/td>\n<td width=\"481\">Ora\u0219ul Wenzhou, China<\/td>\n<\/tr>\n<tr>\n<td width=\"200\">Capacitatea de produc\u021bie<\/td>\n<td width=\"481\">6000 tone\/an<\/td>\n<\/tr>\n<tr>\n<td width=\"200\">MOQ<\/td>\n<td width=\"481\">10 buc\/dimensiune<\/td>\n<\/tr>\n<\/tbody>\n<\/table>\n<\/div>","protected":false},"excerpt":{"rendered":"<p>STV Valve Technology Group Co., Ltd is a professional leader China CF8 Swing Check Valve, 16 Inch Swing Check Valve, CL300 Swing Check Valve,Flange End Swing Check Valve,Bolt Bonnet Swing Check Valve Manufacturer with high quality and competitive price.<\/p>\n<p>&nbsp;<\/p>","protected":false},"featured_media":7500,"template":"","meta":[],"product_brand":[],"product_cat":[46,67],"product_tag":[2799,2306,2798,2800,339],"class_list":{"0":"post-7499","1":"product","2":"type-product","3":"status-publish","4":"has-post-thumbnail","6":"product_cat-check-valves","7":"product_cat-stainless-steel-check-valve","8":"product_tag-16-inch-swing-check-valve","9":"product_tag-bolt-bonnet-swing-check-valve-manufacturer","10":"product_tag-china-cf8-swing-check-valve","11":"product_tag-cl300-swing-check-valve","12":"product_tag-flange-end-swing-check-valve","14":"first","15":"instock","16":"shipping-taxable","17":"product-type-simple"},"_links":{"self":[{"href":"https:\/\/www.stvvalves.com\/ro\/wp-json\/wp\/v2\/product\/7499","targetHints":{"allow":["GET"]}}],"collection":[{"href":"https:\/\/www.stvvalves.com\/ro\/wp-json\/wp\/v2\/product"}],"about":[{"href":"https:\/\/www.stvvalves.com\/ro\/wp-json\/wp\/v2\/types\/product"}],"wp:featuredmedia":[{"embeddable":true,"href":"https:\/\/www.stvvalves.com\/ro\/wp-json\/wp\/v2\/media\/7500"}],"wp:attachment":[{"href":"https:\/\/www.stvvalves.com\/ro\/wp-json\/wp\/v2\/media?parent=7499"}],"wp:term":[{"taxonomy":"product_brand","embeddable":true,"href":"https:\/\/www.stvvalves.com\/ro\/wp-json\/wp\/v2\/product_brand?post=7499"},{"taxonomy":"product_cat","embeddable":true,"href":"https:\/\/www.stvvalves.com\/ro\/wp-json\/wp\/v2\/product_cat?post=7499"},{"taxonomy":"product_tag","embeddable":true,"href":"https:\/\/www.stvvalves.com\/ro\/wp-json\/wp\/v2\/product_tag?post=7499"}],"curies":[{"name":"wp","href":"https:\/\/api.w.org\/{rel}","templated":true}]}}