{"id":7550,"date":"2024-09-01T09:08:39","date_gmt":"2024-09-01T01:08:39","guid":{"rendered":"https:\/\/www.stvvalves.com\/?post_type=product&#038;p=7550"},"modified":"2024-12-24T13:56:11","modified_gmt":"2024-12-24T05:56:11","slug":"astm-a182-f53-gate-valve-1-inch-1500lb-sw-end","status":"publish","type":"product","link":"https:\/\/www.stvvalves.com\/ro\/products\/astm-a182-f53-gate-valve-1-inch-1500lb-sw-end\/","title":{"rendered":"ASTM A182 F53 Gate Valve,1 Inch,1500LB,SW End"},"content":{"rendered":"<p>1. Proiectare \u0219i fabrica\u021bie: API 602<br \/>\n2. Construc\u021bii: OS&amp;Y, Capot\u0103 cu \u0219uruburi, Capot\u0103 sudat\u0103 \u0219i Capot\u0103 etan\u0219at\u0103 la presiune;<br \/>\n3. Tip alezaj: Port complet<br \/>\n4. Size Range: 1\/4\u2033 to 4\u2033.<br \/>\n5. Presiune nominal\u0103: ANSI 150, 300, 600, 900, 1500 \u0219i 2500LBS<br \/>\n6. Conexiuni la cap\u0103t: cu flan\u0219\u0103 (RF, RTJ)<br \/>\nAlte capete disponibile, de asemenea: filetat (\u00een\u0219urubat, NPT), sudare cap la cap (BW), sudare prin soclu (SW).<br \/>\n7. Materiale disponibile \u00een: A105 (N), LF2, F5, F11, F22, F304, F316, F51, F53 sau Echivalent;<br \/>\n8. Sunt disponibile diverse materiale de finisare pentru a se potrivi diferitelor condi\u021bii de service<br \/>\n9. NACE MR 0175 la cerere<br \/>\n10.Test \u0219i inspec\u021bie: API598<\/p>\n<table>\n<tbody>\n<tr>\n<td width=\"200\"><strong><b>numele produsului<\/b><\/strong><\/td>\n<td width=\"481\">ASTM A182 F53 Gate Valve,1 Inch,1500LB,SW End<\/td>\n<\/tr>\n<tr>\n<td width=\"200\">1. Material<\/td>\n<td width=\"481\">\u00a0F53<\/td>\n<\/tr>\n<tr>\n<td width=\"200\">2. Dimensiunea<\/td>\n<td width=\"481\">1\u2033<\/td>\n<\/tr>\n<tr>\n<td width=\"200\">4. Port<\/td>\n<td width=\"481\">Port reductor<\/td>\n<\/tr>\n<tr>\n<td width=\"200\">5. Presiunea de lucru<\/td>\n<td width=\"481\">1500 LB<\/td>\n<\/tr>\n<tr>\n<td width=\"200\">6. Conexiunea se termin\u0103<\/td>\n<td width=\"481\">SW<\/td>\n<\/tr>\n<tr>\n<td width=\"200\">7. Temp. de lucru.<\/td>\n<td width=\"481\">-29~600\u00baC,<\/td>\n<\/tr>\n<tr>\n<td width=\"200\">8. Mediu potrivit<\/td>\n<td width=\"481\">Ap\u0103, gaze naturale, ulei \u0219i ceva lichid coroziv<\/td>\n<\/tr>\n<tr>\n<td width=\"200\">9. Operat<\/td>\n<td width=\"481\">Roat\u0103 de m\u00e2n\u0103<\/td>\n<\/tr>\n<tr>\n<td width=\"200\">10. Inspec\u021bie \u0219i testare<\/td>\n<td width=\"481\">Conform API 598<\/td>\n<\/tr>\n<tr>\n<td width=\"200\"><strong><b>Expediere<\/b><\/strong><\/td>\n<td width=\"481\"><\/td>\n<\/tr>\n<tr>\n<td width=\"200\">Timpul de livrare<\/td>\n<td width=\"481\">30 de zile<\/td>\n<\/tr>\n<tr>\n<td width=\"200\">Pachet<\/td>\n<td width=\"481\">Carcas\u0103 standard de export de placaj<\/td>\n<\/tr>\n<tr>\n<td width=\"200\">Portul de expediere<\/td>\n<td width=\"481\">Ningbo\/Shanghai, China<\/td>\n<\/tr>\n<tr>\n<td width=\"200\">Termeni de livrare<\/td>\n<td width=\"481\">Exw, FOB, CFR, CIF etc.<\/td>\n<\/tr>\n<tr>\n<td width=\"200\">Termeni de plat\u0103<\/td>\n<td width=\"481\">T\/T, Western Union, PayPal etc.<\/td>\n<\/tr>\n<tr>\n<td width=\"200\"><\/td>\n<td width=\"481\">Plat\u0103 anticipat\u0103 30%, sold 70% pl\u0103tit \u00eenainte de expediere<\/td>\n<\/tr>\n<tr>\n<td width=\"200\">\u021aara de origine<\/td>\n<td width=\"481\">Ora\u0219ul Wenzhou, China<\/td>\n<\/tr>\n<tr>\n<td width=\"200\">Capacitatea de produc\u021bie<\/td>\n<td width=\"481\">6000 tone\/an<\/td>\n<\/tr>\n<tr>\n<td width=\"200\">MOQ<\/td>\n<td width=\"481\">10 buc\/dimensiune<\/td>\n<\/tr>\n<\/tbody>\n<\/table>","protected":false},"excerpt":{"rendered":"<p>STV Valve Technology Group Co., Ltd is a professional leader China F53 Forged Gate Valve, Small Size F53 Gate Valve, 1 Inch F53 Gate Valve,\u00a0 A182 F53 Gate Valve, API 602 F53 Gate Valve, Class 1500 LB F53 Gate Valve,SW End F53 Gate Valve, PSB F53 Gate Valve Manufacturer with high quality and competitive price.<\/p>","protected":false},"featured_media":7552,"template":"","meta":[],"product_brand":[],"product_cat":[44,59],"product_tag":[2897,2501,2898,2500,2899,2901,2896,2900],"class_list":{"0":"post-7550","1":"product","2":"type-product","3":"status-publish","4":"has-post-thumbnail","6":"product_cat-gate-valve","7":"product_cat-forged-steel-gate-valve","8":"product_tag-1-inch-f53-gate-valve","9":"product_tag-a182-f53-gate-valve","10":"product_tag-api-602-f53-gate-valve","11":"product_tag-china-f53-forged-gate-valve","12":"product_tag-class-1500-lb-f53-gate-valve","13":"product_tag-psb-f53-gate-valve-manufacturer","14":"product_tag-small-size-f53-gate-valve","15":"product_tag-sw-end-f53-gate-valve","17":"first","18":"instock","19":"shipping-taxable","20":"product-type-simple"},"_links":{"self":[{"href":"https:\/\/www.stvvalves.com\/ro\/wp-json\/wp\/v2\/product\/7550","targetHints":{"allow":["GET"]}}],"collection":[{"href":"https:\/\/www.stvvalves.com\/ro\/wp-json\/wp\/v2\/product"}],"about":[{"href":"https:\/\/www.stvvalves.com\/ro\/wp-json\/wp\/v2\/types\/product"}],"wp:featuredmedia":[{"embeddable":true,"href":"https:\/\/www.stvvalves.com\/ro\/wp-json\/wp\/v2\/media\/7552"}],"wp:attachment":[{"href":"https:\/\/www.stvvalves.com\/ro\/wp-json\/wp\/v2\/media?parent=7550"}],"wp:term":[{"taxonomy":"product_brand","embeddable":true,"href":"https:\/\/www.stvvalves.com\/ro\/wp-json\/wp\/v2\/product_brand?post=7550"},{"taxonomy":"product_cat","embeddable":true,"href":"https:\/\/www.stvvalves.com\/ro\/wp-json\/wp\/v2\/product_cat?post=7550"},{"taxonomy":"product_tag","embeddable":true,"href":"https:\/\/www.stvvalves.com\/ro\/wp-json\/wp\/v2\/product_tag?post=7550"}],"curies":[{"name":"wp","href":"https:\/\/api.w.org\/{rel}","templated":true}]}}