{"id":7562,"date":"2024-09-01T12:49:15","date_gmt":"2024-09-01T04:49:15","guid":{"rendered":"https:\/\/www.stvvalves.com\/?post_type=product&#038;p=7562"},"modified":"2024-12-25T14:57:46","modified_gmt":"2024-12-25T06:57:46","slug":"astm-a182-f91-forged-globe-valve-2-inch-2500-lb-bw-api-602","status":"publish","type":"product","link":"https:\/\/www.stvvalves.com\/ro\/products\/astm-a182-f91-forged-globe-valve-2-inch-2500-lb-bw-api-602\/","title":{"rendered":"ASTM A182 F91 Forged Globe Valve,2 Inch,2500 LB,BW,API 602"},"content":{"rendered":"<div>Products Name: ASTM A182 F91 Forged Globe Valve,2 Inch,2500 LB,BW,API 602<\/div>\n<div>Standard de proiectare: API602.<br \/>\nBody Material: F91<br \/>\nNominal Diameter: 2 Inch (DN50).<br \/>\nPresiune: clasa 2500.<br \/>\nTermina\u021bi conexiunea: BW.<br \/>\nFa\u021b\u0103 \u00een fa\u021b\u0103: ASME B16.10.<br \/>\nTemperatura de lucru: -29\u2103~+560\u2103.<br \/>\nMod de operare: roat\u0103 de m\u00e2n\u0103.<br \/>\nTestare \u0219i inspec\u021bie: API 598.<\/div>\n<div class=\"headline headline-md\">\n<h2>Gam\u0103 de produse<\/h2>\n<\/div>\n<div>Material caroserie: A105\u3001LF2\u3001F5\u3001F11\u3001F22\u3001304\u3001304L\u3001316\u3001316L\u3001F51\u3001F91\u300120#\u3001Inconel .Ect<br \/>\nDiametru normal: 1\/2\u2033~2\u2033 (DN15~DN80).<br \/>\nConexiune final\u0103: NPT, SW, sudur\u0103 cap la cap, cu flan\u0219\u0103.<br \/>\nInterval de presiune: 150lbs~2500lbs(PN10~PN420).<br \/>\nFunc\u021bionare: roat\u0103 de m\u00e2n\u0103, actuator electric, pneumatic<br \/>\nTemperatura de lucru: -196\u2103 ~ +560\u2103.<\/div>\n<div><\/div>\n<div>\n<table>\n<tbody>\n<tr>\n<td width=\"200\"><strong>numele produsului<\/strong><\/td>\n<td width=\"481\">ASTM A182 F91 Forged Globe Valve,2 Inch,2500 LB,BW,API 602<\/td>\n<\/tr>\n<tr>\n<td width=\"200\">1. Material<\/td>\n<td width=\"481\">F91<\/td>\n<\/tr>\n<tr>\n<td width=\"200\">2. Dimensiunea<\/td>\n<td width=\"481\">2\u201d<\/td>\n<\/tr>\n<tr>\n<td width=\"200\">4. Port<\/td>\n<td width=\"481\">Port reductor<\/td>\n<\/tr>\n<tr>\n<td width=\"200\">5. Presiunea de lucru<\/td>\n<td width=\"481\">2500 lb<\/td>\n<\/tr>\n<tr>\n<td width=\"200\">6. Conexiunea se termin\u0103<\/td>\n<td width=\"481\">BW<\/td>\n<\/tr>\n<tr>\n<td width=\"200\">7. Temp. de lucru.<\/td>\n<td width=\"481\">-29~560\u00baC,<\/td>\n<\/tr>\n<tr>\n<td width=\"200\">8. Mediu potrivit<\/td>\n<td width=\"481\">Ap\u0103, gaze naturale, ulei \u0219i ceva lichid coroziv<\/td>\n<\/tr>\n<tr>\n<td width=\"200\">9. Operat<\/td>\n<td width=\"481\">Roat\u0103 de m\u00e2n\u0103<\/td>\n<\/tr>\n<tr>\n<td width=\"200\">10. Inspec\u021bie \u0219i testare<\/td>\n<td width=\"481\">Conform API598<\/td>\n<\/tr>\n<tr>\n<td width=\"200\"><strong>Expediere<\/strong><\/td>\n<td width=\"481\"><\/td>\n<\/tr>\n<tr>\n<td width=\"200\">Timpul de livrare<\/td>\n<td width=\"481\">30 de zile<\/td>\n<\/tr>\n<tr>\n<td width=\"200\">Pachet<\/td>\n<td width=\"481\">Carcas\u0103 standard de export de placaj<\/td>\n<\/tr>\n<tr>\n<td width=\"200\">Portul de expediere<\/td>\n<td width=\"481\">Ningbo\/Shanghai, China<\/td>\n<\/tr>\n<tr>\n<td width=\"200\">Termeni de livrare<\/td>\n<td width=\"481\">Exw, FOB, CFR, CIF etc.<\/td>\n<\/tr>\n<tr>\n<td width=\"200\">Termeni de plat\u0103<\/td>\n<td width=\"481\">T\/T, Western Union, PayPal etc.<\/td>\n<\/tr>\n<tr>\n<td width=\"200\"><\/td>\n<td width=\"481\">Plat\u0103 anticipat\u0103 30%, sold 70% pl\u0103tit \u00eenainte de expediere<\/td>\n<\/tr>\n<tr>\n<td width=\"200\">\u021aara de origine<\/td>\n<td width=\"481\">Ora\u0219ul Wenzhou, China<\/td>\n<\/tr>\n<tr>\n<td width=\"200\">Capacitatea de produc\u021bie<\/td>\n<td width=\"481\">6000 tone\/an<\/td>\n<\/tr>\n<tr>\n<td width=\"200\">MOQ<\/td>\n<td width=\"481\">1 buc\/dimensiune<\/td>\n<\/tr>\n<\/tbody>\n<\/table>\n<\/div>","protected":false},"excerpt":{"rendered":"<p>STV Valve Technology Group Co., Ltd is a professional leader China 2500LB F91 Globe Valve ,F91 High Pressure Globe Valve ,2 Inch F91 Steel Globe Valve,API 602 F91 Globe Valve, ASTM A182 F91 Forged Globe Valve,2 Inch 2500LB Globe Valve,Pressure Seal F91 Globe Valve manufacturer with high quality and competitive price.<\/p>","protected":false},"featured_media":7563,"template":"","meta":[],"product_brand":[],"product_cat":[64,45],"product_tag":[2635,2921,2922,2903,2919,2920,2906],"class_list":{"0":"post-7562","1":"product","2":"type-product","3":"status-publish","4":"has-post-thumbnail","6":"product_cat-foreged-steel-globe-valve","7":"product_cat-globe-valve","8":"product_tag-2-inch-2500lb-globe-valve","9":"product_tag-2-inch-f91-steel-globe-valve","10":"product_tag-api-602-f91-globe-valve","11":"product_tag-astm-a182-f91-forged-globe-valve","12":"product_tag-china-2500lb-f91-globe-valve","13":"product_tag-f91-high-pressure-globe-valve","14":"product_tag-pressure-seal-f91-globe-valve-manufacturer","16":"first","17":"instock","18":"shipping-taxable","19":"product-type-simple"},"_links":{"self":[{"href":"https:\/\/www.stvvalves.com\/ro\/wp-json\/wp\/v2\/product\/7562","targetHints":{"allow":["GET"]}}],"collection":[{"href":"https:\/\/www.stvvalves.com\/ro\/wp-json\/wp\/v2\/product"}],"about":[{"href":"https:\/\/www.stvvalves.com\/ro\/wp-json\/wp\/v2\/types\/product"}],"wp:featuredmedia":[{"embeddable":true,"href":"https:\/\/www.stvvalves.com\/ro\/wp-json\/wp\/v2\/media\/7563"}],"wp:attachment":[{"href":"https:\/\/www.stvvalves.com\/ro\/wp-json\/wp\/v2\/media?parent=7562"}],"wp:term":[{"taxonomy":"product_brand","embeddable":true,"href":"https:\/\/www.stvvalves.com\/ro\/wp-json\/wp\/v2\/product_brand?post=7562"},{"taxonomy":"product_cat","embeddable":true,"href":"https:\/\/www.stvvalves.com\/ro\/wp-json\/wp\/v2\/product_cat?post=7562"},{"taxonomy":"product_tag","embeddable":true,"href":"https:\/\/www.stvvalves.com\/ro\/wp-json\/wp\/v2\/product_tag?post=7562"}],"curies":[{"name":"wp","href":"https:\/\/api.w.org\/{rel}","templated":true}]}}