{"id":7578,"date":"2024-09-01T15:06:46","date_gmt":"2024-09-01T07:06:46","guid":{"rendered":"https:\/\/www.stvvalves.com\/?post_type=product&#038;p=7578"},"modified":"2024-12-25T10:37:17","modified_gmt":"2024-12-25T02:37:17","slug":"weld-bonnet-piston-check-valve-f304l-dn-25-1500lb-sw-end","status":"publish","type":"product","link":"https:\/\/www.stvvalves.com\/ro\/products\/weld-bonnet-piston-check-valve-f304l-dn-25-1500lb-sw-end\/","title":{"rendered":"Weld Bonnet Piston Check Valve,F304L,DN 25,1500LB,SW End"},"content":{"rendered":"<p>Proiectarea \u0219i fabricarea sunt conforme cu BS5351, MSS SP-118<\/p>\n<p>Capetele de conectare sunt conforme cu:<\/p>\n<p>1. Capetele sudate cu muf\u0103 sunt conforme cu ANSI B16.11<\/p>\n<p>2. Capetele \u0219uruburilor sunt conforme cu ANSI B1.20.1<\/p>\n<p>3. Capetele sudate cap la cap sunt conforme cu ANSI B16.25<\/p>\n<p>4. Capetele flan\u0219ei sunt conforme cu ANSI B16.5<\/p>\n<p>5. Testarea \u0219i inspec\u021bia sunt conforme cu: API 598<\/p>\n<p>Caracteristicile structurii:<\/p>\n<p>Capot\u0103 cu \u0219uruburi, Capot\u0103 sudat\u0103, Capot\u0103 cu etan\u0219are sub presiune<\/p>\n<p>O\u021bel forjat, piston, bil\u0103 sau tip balansoar<\/p>\n<p>Scaun de corp integral pentru supape de re\u021binere cu piston \u0219i bil\u0103<\/p>\n<p>Design cu inel de scaun separat pentru supapele de re\u021binere basculante<\/p>\n<p>Garnitur\u0103 \u00eenf\u0103\u015furat\u0103 \u00een spiral\u0103 sau garnitur\u0103 de \u00eembinare cu inel oval<\/p>\n<p>Orificiu redus sau orificiu complet,<\/p>\n<p>T-Pattern sau Y-Pattern,<\/p>\n<p>Gam\u0103 de produse<\/p>\n<p>Material caroserie: A105,LF2,F5,F11,F22,304,304L,316,316L,F51,F91,20#,Inconel .Ect<\/p>\n<p>Diametru nominal: 1\/2\u2033~2\u2033(DN15~DN50)<\/p>\n<p>Termina\u021bi conexiunea: THR,SW,BW,RF,RTJ<\/p>\n<p>Temperatura de lucru: -196\u2103~+560\u2103<\/p>\n<p>&nbsp;<\/p>\n<table>\n<tbody>\n<tr>\n<td width=\"200\"><strong>numele produsului<\/strong><\/td>\n<td width=\"481\">Weld Bonnet Piston Check Valve,F304L,DN 25,1500LB,SW End<\/td>\n<\/tr>\n<tr>\n<td width=\"200\">1. Material<\/td>\n<td width=\"481\">F304L<\/td>\n<\/tr>\n<tr>\n<td width=\"200\">2. Dimensiunea<\/td>\n<td width=\"481\">1\u201d<\/td>\n<\/tr>\n<tr>\n<td width=\"200\">4. Port<\/td>\n<td width=\"481\">Port reductor<\/td>\n<\/tr>\n<tr>\n<td width=\"200\">5. Presiunea de lucru<\/td>\n<td width=\"481\">1500 lb<\/td>\n<\/tr>\n<tr>\n<td width=\"200\">6. Conexiunea se termin\u0103<\/td>\n<td width=\"481\">SW<\/td>\n<\/tr>\n<tr>\n<td width=\"200\">7. Temp. de lucru.<\/td>\n<td width=\"481\">-29~425\u00baC,<\/td>\n<\/tr>\n<tr>\n<td width=\"200\">8. Mediu potrivit<\/td>\n<td width=\"481\">Ap\u0103, gaze naturale, ulei \u0219i ceva lichid coroziv<\/td>\n<\/tr>\n<tr>\n<td width=\"200\">9. Operat<\/td>\n<td width=\"481\">\/<\/td>\n<\/tr>\n<tr>\n<td width=\"200\">10. Inspec\u021bie \u0219i testare<\/td>\n<td width=\"481\">Conform API598<\/td>\n<\/tr>\n<tr>\n<td width=\"200\"><strong>Expediere<\/strong><\/td>\n<td width=\"481\"><\/td>\n<\/tr>\n<tr>\n<td width=\"200\">Timpul de livrare<\/td>\n<td width=\"481\">30 de zile<\/td>\n<\/tr>\n<tr>\n<td width=\"200\">Pachet<\/td>\n<td width=\"481\">Carcas\u0103 standard de export de placaj<\/td>\n<\/tr>\n<tr>\n<td width=\"200\">Portul de expediere<\/td>\n<td width=\"481\">Ningbo\/Shanghai, China<\/td>\n<\/tr>\n<tr>\n<td width=\"200\">Termeni de livrare<\/td>\n<td width=\"481\">Exw, FOB, CFR, CIF etc.<\/td>\n<\/tr>\n<tr>\n<td width=\"200\">Termeni de plat\u0103<\/td>\n<td width=\"481\">T\/T, Western Union, PayPal etc.<\/td>\n<\/tr>\n<tr>\n<td width=\"200\"><\/td>\n<td width=\"481\">Plat\u0103 anticipat\u0103 30%, sold 70% pl\u0103tit \u00eenainte de expediere<\/td>\n<\/tr>\n<tr>\n<td width=\"200\">\u021aara de origine<\/td>\n<td width=\"481\">Ora\u0219ul Wenzhou, China<\/td>\n<\/tr>\n<tr>\n<td width=\"200\">Capacitatea de produc\u021bie<\/td>\n<td width=\"481\">6000 tone\/an<\/td>\n<\/tr>\n<tr>\n<td width=\"200\">MOQ<\/td>\n<td width=\"481\">1 buc\/dimensiune<\/td>\n<\/tr>\n<\/tbody>\n<\/table>","protected":false},"excerpt":{"rendered":"<div class=\"woocommerce-product-details__short-description\">\n<p>Model: STV-H61H-800LB-A105N-11\/4\u2033<\/p>\n<p>STV Valve Technology Group Co., Ltd is a professional leader China Forged Steel Weld Bonnet Piston Check Valve,304 Weld Bonnet Piston Check Valve,DN 25 Weld Bonnet Piston Check Valve,SW End Weld Bonnet Piston Check Valve,Forged Steel Weld Bonnet Piston Check Valve,API 602 Weld Bonnet Piston Check Valve,2 Inch Weld Bonnet Piston Check Valve.<br \/>\nPentru a afla mai multe despre aceste supape Bine a\u021bi venit s\u0103 contacta\u021bi sales@stvvalve.com<\/p>\n<\/div>","protected":false},"featured_media":7579,"template":"","meta":[],"product_brand":[],"product_cat":[46,66],"product_tag":[2963,2958,2962,2957,2959,2961,2960],"class_list":{"0":"post-7578","1":"product","2":"type-product","3":"status-publish","4":"has-post-thumbnail","6":"product_cat-check-valves","7":"product_cat-swing-check-valve","8":"product_tag-2-inch-weld-bonnet-piston-check-valve","9":"product_tag-304-weld-bonnet-piston-check-valve","10":"product_tag-api-602-weld-bonnet-piston-check-valve","11":"product_tag-china-forged-steel-weld-bonnet-piston-check-valve","12":"product_tag-dn-25-weld-bonnet-piston-check-valve","13":"product_tag-forged-steel-weld-bonnet-piston-check-valve","14":"product_tag-sw-end-weld-bonnet-piston-check-valve","16":"first","17":"instock","18":"shipping-taxable","19":"product-type-simple"},"_links":{"self":[{"href":"https:\/\/www.stvvalves.com\/ro\/wp-json\/wp\/v2\/product\/7578","targetHints":{"allow":["GET"]}}],"collection":[{"href":"https:\/\/www.stvvalves.com\/ro\/wp-json\/wp\/v2\/product"}],"about":[{"href":"https:\/\/www.stvvalves.com\/ro\/wp-json\/wp\/v2\/types\/product"}],"wp:featuredmedia":[{"embeddable":true,"href":"https:\/\/www.stvvalves.com\/ro\/wp-json\/wp\/v2\/media\/7579"}],"wp:attachment":[{"href":"https:\/\/www.stvvalves.com\/ro\/wp-json\/wp\/v2\/media?parent=7578"}],"wp:term":[{"taxonomy":"product_brand","embeddable":true,"href":"https:\/\/www.stvvalves.com\/ro\/wp-json\/wp\/v2\/product_brand?post=7578"},{"taxonomy":"product_cat","embeddable":true,"href":"https:\/\/www.stvvalves.com\/ro\/wp-json\/wp\/v2\/product_cat?post=7578"},{"taxonomy":"product_tag","embeddable":true,"href":"https:\/\/www.stvvalves.com\/ro\/wp-json\/wp\/v2\/product_tag?post=7578"}],"curies":[{"name":"wp","href":"https:\/\/api.w.org\/{rel}","templated":true}]}}