{"id":7610,"date":"2024-11-01T22:30:41","date_gmt":"2024-11-01T14:30:41","guid":{"rendered":"https:\/\/www.stvvalves.com\/?post_type=product&#038;p=7610"},"modified":"2024-12-24T22:43:48","modified_gmt":"2024-12-24T14:43:48","slug":"300lb-flange-butterfly-valve-wcb-body-32-inch-metal-seat","status":"publish","type":"product","link":"https:\/\/www.stvvalves.com\/ro\/products\/300lb-flange-butterfly-valve-wcb-body-32-inch-metal-seat\/","title":{"rendered":"300LB Flange Butterfly Valve,WCB Body, 32 Inch,Metal Seat"},"content":{"rendered":"<p>Proiectare \u0219i fabrica\u021bie: API 609<\/p>\n<p>Dimensiune fa\u021b\u0103 \u00een fa\u021b\u0103: API609, ISO5752, ASME B16.10<\/p>\n<p>Dimensiunea conexiunii flan\u0219ei: ASME B16.5, ASME B16.47<\/p>\n<p>Test \u0219i inspec\u021bie: API 598<\/p>\n<p>Evaluare de temperatur\u0103 a presiunii: API 609, ASME B16.34<br \/>\nGam\u0103 de produse<\/p>\n<p>Material corp: font\u0103, o\u021bel turnat, o\u021bel inoxidabil, monel<br \/>\nMaterial disc: font\u0103 ductil\u0103, o\u021bel carbon, o\u021bel inoxidabil, bronz AL<\/p>\n<p>Diametru nominal: 2\u2033~120\u2033 (DN50~DN3000)<\/p>\n<p>Conexiune final\u0103: flan\u0219\u0103 dubl\u0103, napolitan\u0103, umplutur\u0103, etc<\/p>\n<p>Interval de presiune: Clasa 150 ~ 600 (PN16 ~ PN100)<\/p>\n<p>Temperatura de lucru: -46\u2103 ~ +550\u2103<\/p>\n<p>Func\u021bionare: m\u00e2ner, angrenaj, actuator electric etc<\/p>\n<table>\n<tbody>\n<tr>\n<td width=\"200\"><strong><b>numele produsului<\/b><\/strong><\/td>\n<td width=\"481\">300LB Flange Butterfly Valve,WCB Body, 32 Inch,Metal Seat<\/td>\n<\/tr>\n<tr>\n<td width=\"200\">1. Material<\/td>\n<td width=\"481\">WCB<\/td>\n<\/tr>\n<tr>\n<td width=\"200\">2. Dimensiunea<\/td>\n<td width=\"481\">32\u201d<\/td>\n<\/tr>\n<tr>\n<td width=\"200\">4. Port<\/td>\n<td width=\"481\">Port complet<\/td>\n<\/tr>\n<tr>\n<td width=\"200\">5. Presiunea de lucru<\/td>\n<td width=\"481\">300 lb<\/td>\n<\/tr>\n<tr>\n<td width=\"200\">6. Conexiunea se termin\u0103<\/td>\n<td width=\"481\">Flan\u0219\u0103<\/td>\n<\/tr>\n<tr>\n<td width=\"200\">7. Temp. de lucru.<\/td>\n<td width=\"481\">-29~425\u00baC,<\/td>\n<\/tr>\n<tr>\n<td width=\"200\">8. Mediu potrivit<\/td>\n<td width=\"481\">Ap\u0103, gaze naturale, ulei \u0219i ceva lichid coroziv<\/td>\n<\/tr>\n<tr>\n<td width=\"200\">9. Operat<\/td>\n<td width=\"481\">Cutie de viteze<\/td>\n<\/tr>\n<tr>\n<td width=\"200\">10. Inspec\u021bie \u0219i testare<\/td>\n<td width=\"481\">Conform API 598<\/td>\n<\/tr>\n<tr>\n<td width=\"200\">Expediere<\/td>\n<td width=\"481\"><\/td>\n<\/tr>\n<tr>\n<td width=\"200\">Timpul de livrare<\/td>\n<td width=\"481\">30 de zile<\/td>\n<\/tr>\n<tr>\n<td width=\"200\">Pachet<\/td>\n<td width=\"481\">Carcas\u0103 standard de export de placaj<\/td>\n<\/tr>\n<tr>\n<td width=\"200\">Portul de expediere<\/td>\n<td width=\"481\">Ningbo\/Shanghai, China<\/td>\n<\/tr>\n<tr>\n<td width=\"200\">Termeni de livrare<\/td>\n<td width=\"481\">Exw, FOB, CFR, CIF etc.<\/td>\n<\/tr>\n<tr>\n<td width=\"200\">Termeni de plat\u0103<\/td>\n<td width=\"481\">T\/T, Western Union, PayPal etc.<\/td>\n<\/tr>\n<tr>\n<td width=\"200\"><\/td>\n<td width=\"481\">Plat\u0103 anticipat\u0103 30%, sold 70% pl\u0103tit \u00eenainte de expediere<\/td>\n<\/tr>\n<tr>\n<td width=\"200\">\u021aara de origine<\/td>\n<td width=\"481\">Ora\u0219ul Wenzhou, China<\/td>\n<\/tr>\n<tr>\n<td width=\"200\">Capacitatea de produc\u021bie<\/td>\n<td width=\"481\">6000 tone\/an<\/td>\n<\/tr>\n<tr>\n<td width=\"200\">MOQ<\/td>\n<td width=\"481\">10 buc\/dimensiune<\/td>\n<\/tr>\n<\/tbody>\n<\/table>","protected":false},"excerpt":{"rendered":"<p>STV Valve Technology Group Co., Ltd is a professional leader China Flange Butterfly Valve Manufacture,300LB Flange Butterfly Valve ,WCB Body Flange Butterfly Valve,32 Inch\u00a0 Flange Butterfly Valve,Bare Stem Flange Butterfly Valve,Metal Seat Flange Butterfly Valve,Worm Gear Flange .<\/p>","protected":false},"featured_media":7611,"template":"","meta":[],"product_brand":[],"product_cat":[965,972],"product_tag":[2140,3001,3002,2134,2138,3000,3003],"class_list":{"0":"post-7610","1":"product","2":"type-product","3":"status-publish","4":"has-post-thumbnail","6":"product_cat-butterfly-valve","7":"product_cat-flange-butterfly-valve","8":"product_tag-300lb-flange-butterfly-valve","9":"product_tag-32-inch-flange-butterfly-valve","10":"product_tag-bare-stem-flange-butterfly-valve","11":"product_tag-china-flange-butterfly-valve-manufacture","12":"product_tag-metal-seat-flange-butterfly-valve","13":"product_tag-wcb-body-flange-butterfly-valve","14":"product_tag-worm-gear-flange","16":"first","17":"instock","18":"shipping-taxable","19":"product-type-simple"},"_links":{"self":[{"href":"https:\/\/www.stvvalves.com\/ro\/wp-json\/wp\/v2\/product\/7610","targetHints":{"allow":["GET"]}}],"collection":[{"href":"https:\/\/www.stvvalves.com\/ro\/wp-json\/wp\/v2\/product"}],"about":[{"href":"https:\/\/www.stvvalves.com\/ro\/wp-json\/wp\/v2\/types\/product"}],"wp:featuredmedia":[{"embeddable":true,"href":"https:\/\/www.stvvalves.com\/ro\/wp-json\/wp\/v2\/media\/7611"}],"wp:attachment":[{"href":"https:\/\/www.stvvalves.com\/ro\/wp-json\/wp\/v2\/media?parent=7610"}],"wp:term":[{"taxonomy":"product_brand","embeddable":true,"href":"https:\/\/www.stvvalves.com\/ro\/wp-json\/wp\/v2\/product_brand?post=7610"},{"taxonomy":"product_cat","embeddable":true,"href":"https:\/\/www.stvvalves.com\/ro\/wp-json\/wp\/v2\/product_cat?post=7610"},{"taxonomy":"product_tag","embeddable":true,"href":"https:\/\/www.stvvalves.com\/ro\/wp-json\/wp\/v2\/product_tag?post=7610"}],"curies":[{"name":"wp","href":"https:\/\/api.w.org\/{rel}","templated":true}]}}