{"id":7638,"date":"2024-12-09T09:42:38","date_gmt":"2024-12-09T01:42:38","guid":{"rendered":"https:\/\/www.stvvalves.com\/?post_type=product&#038;p=7638"},"modified":"2024-12-24T22:42:38","modified_gmt":"2024-12-24T14:42:38","slug":"300lb-axial-flow-check-valve-api-6d-10-inch-rf-end","status":"publish","type":"product","link":"https:\/\/www.stvvalves.com\/ro\/products\/300lb-axial-flow-check-valve-api-6d-10-inch-rf-end\/","title":{"rendered":"300LB Axial Flow Check Valve, API 6D, 10 Inch,RF End"},"content":{"rendered":"<p><strong>Axial Flow Check Valve-Features<\/strong><\/p>\n<p>1. Efficient streamlined Axial flow<br \/>\n2. Integral diffuser<br \/>\n3. Disc easy opening and stability<br \/>\n4. Tilting disc check valves<br \/>\n5. Piston check valves<br \/>\n6. Non-slam operation<\/p>\n<p><strong>Axial Flow Check Valve-Specifications and Standard<\/strong><\/p>\n<p>Design and Manufacture: BS 1868 or ASME B16.34<br \/>\nInspec\u021bie \u0219i testare: API 598<br \/>\nEnd flange dimension: ASME B16.5, ASME B16.47 (API 605, MSS SP-44)<br \/>\nDimensiune final\u0103 BW: ASME B16.25<br \/>\nFace to face, end to end: ASME B16.10<br \/>\nEvalu\u0103ri presiune-temperatura: ASME B16.34<br \/>\nNACE: NACE 0175<br \/>\nSize Range: 2 Inch \u2013 36 Inch<br \/>\nPressure Range: ASME Class 150 \u2013 2500 LB<br \/>\nMaterials: ASTM A216 WCB, WCC, ASTM A217 WC1, WC6, WC9, ASTM A351 CF8, A351 CF8M, A351 CF3, A351 CF3M, A351 CN7M, ASTM A352 LC1, LCB, LCC, LC3, Hastelloy C276, Monel, Titanium and Alloy 20 (Cast Steel, Alloy Steel, Stainless Steel, Special Steel)ed<\/p>\n<table>\n<tbody>\n<tr>\n<td width=\"200\"><strong>numele produsului<\/strong><\/td>\n<td width=\"481\">300LB Axial Flow Check Valve, API 6D, 10 Inch,RF End<\/td>\n<\/tr>\n<tr>\n<td width=\"200\">1. Material<\/td>\n<td width=\"481\">WCb<\/td>\n<\/tr>\n<tr>\n<td width=\"200\">2. Dimensiunea<\/td>\n<td width=\"481\">10\u201d<\/td>\n<\/tr>\n<tr>\n<td width=\"200\">4. Port<\/td>\n<td width=\"481\">Port complet<\/td>\n<\/tr>\n<tr>\n<td width=\"200\">5. Presiunea de lucru<\/td>\n<td width=\"481\">300 lb<\/td>\n<\/tr>\n<tr>\n<td width=\"200\">6. Conexiunea se termin\u0103<\/td>\n<td width=\"481\">Rf<\/td>\n<\/tr>\n<tr>\n<td width=\"200\">7. Temp. de lucru.<\/td>\n<td width=\"481\">-29~425\u00baC,<\/td>\n<\/tr>\n<tr>\n<td width=\"200\">8. Mediu potrivit<\/td>\n<td width=\"481\">Ap\u0103, gaze naturale, ulei \u0219i ceva lichid coroziv<\/td>\n<\/tr>\n<tr>\n<td width=\"200\">9. Operat<\/td>\n<td width=\"481\">\/<\/td>\n<\/tr>\n<tr>\n<td width=\"200\">10. Inspec\u021bie \u0219i testare<\/td>\n<td width=\"481\">Conform API598<\/td>\n<\/tr>\n<tr>\n<td width=\"200\"><strong>Expediere<\/strong><\/td>\n<td width=\"481\"><\/td>\n<\/tr>\n<tr>\n<td width=\"200\">Timpul de livrare<\/td>\n<td width=\"481\">30 de zile<\/td>\n<\/tr>\n<tr>\n<td width=\"200\">Pachet<\/td>\n<td width=\"481\">Carcas\u0103 standard de export de placaj<\/td>\n<\/tr>\n<tr>\n<td width=\"200\">Portul de expediere<\/td>\n<td width=\"481\">Ningbo\/Shanghai, China<\/td>\n<\/tr>\n<tr>\n<td width=\"200\">Termeni de livrare<\/td>\n<td width=\"481\">Exw, FOB, CFR, CIF etc.<\/td>\n<\/tr>\n<tr>\n<td width=\"200\">Termeni de plat\u0103<\/td>\n<td width=\"481\">T\/T, Western Union, PayPal etc.<\/td>\n<\/tr>\n<tr>\n<td width=\"200\"><\/td>\n<td width=\"481\">Plat\u0103 anticipat\u0103 30%, sold 70% pl\u0103tit \u00eenainte de expediere<\/td>\n<\/tr>\n<tr>\n<td width=\"200\">\u021aara de origine<\/td>\n<td width=\"481\">Ora\u0219ul Wenzhou, China<\/td>\n<\/tr>\n<tr>\n<td width=\"200\">Capacitatea de produc\u021bie<\/td>\n<td width=\"481\">6000 tone\/an<\/td>\n<\/tr>\n<tr>\n<td width=\"200\">MOQ<\/td>\n<td width=\"481\">1 buc\/dimensiune<\/td>\n<\/tr>\n<\/tbody>\n<\/table>\n<p>&nbsp;<\/p>","protected":false},"excerpt":{"rendered":"<p>Model:STV-H41Y-WCB-10&#8243;-300LB<\/p>\n<p>STV Valve Technology Group Co., Ltd is a professional leader China 300LB Axial Flow Check Valve ,API6D 300LB Axial Flow Check Valve,10300LB Axial Flow Check Valve,WCB 300LB Axial Flow Check Valve,Flange End 300LB Axial Flow Check Valve, ASME B16.34 Axial Flow Check Valve manufacturer with high quality and competitive price.<\/p>","protected":false},"featured_media":7640,"template":"","meta":[],"product_brand":[],"product_cat":[83,46],"product_tag":[3038,3037,3041,3036,3040,3039],"class_list":{"0":"post-7638","1":"product","2":"type-product","3":"status-publish","4":"has-post-thumbnail","6":"product_cat-cast-steel-check-valve","7":"product_cat-check-valves","8":"product_tag-10300lb-axial-flow-check-valve","9":"product_tag-api6d-300lb-axial-flow-check-valve","10":"product_tag-asme-b16-34-axial-flow-check-valve-manufacturer","11":"product_tag-china-300lb-axial-flow-check-valve","12":"product_tag-flange-end-300lb-axial-flow-check-valve","13":"product_tag-wcb-300lb-axial-flow-check-valve","15":"first","16":"instock","17":"shipping-taxable","18":"product-type-simple"},"_links":{"self":[{"href":"https:\/\/www.stvvalves.com\/ro\/wp-json\/wp\/v2\/product\/7638","targetHints":{"allow":["GET"]}}],"collection":[{"href":"https:\/\/www.stvvalves.com\/ro\/wp-json\/wp\/v2\/product"}],"about":[{"href":"https:\/\/www.stvvalves.com\/ro\/wp-json\/wp\/v2\/types\/product"}],"wp:featuredmedia":[{"embeddable":true,"href":"https:\/\/www.stvvalves.com\/ro\/wp-json\/wp\/v2\/media\/7640"}],"wp:attachment":[{"href":"https:\/\/www.stvvalves.com\/ro\/wp-json\/wp\/v2\/media?parent=7638"}],"wp:term":[{"taxonomy":"product_brand","embeddable":true,"href":"https:\/\/www.stvvalves.com\/ro\/wp-json\/wp\/v2\/product_brand?post=7638"},{"taxonomy":"product_cat","embeddable":true,"href":"https:\/\/www.stvvalves.com\/ro\/wp-json\/wp\/v2\/product_cat?post=7638"},{"taxonomy":"product_tag","embeddable":true,"href":"https:\/\/www.stvvalves.com\/ro\/wp-json\/wp\/v2\/product_tag?post=7638"}],"curies":[{"name":"wp","href":"https:\/\/api.w.org\/{rel}","templated":true}]}}