{"id":7652,"date":"2024-12-09T22:24:28","date_gmt":"2024-12-09T14:24:28","guid":{"rendered":"https:\/\/www.stvvalves.com\/?post_type=product&#038;p=7652"},"modified":"2025-09-05T10:31:11","modified_gmt":"2025-09-05T02:31:11","slug":"1500lb-swing-check-valve-6-inch-a216-lcc-api-6d-psb-rf-end","status":"publish","type":"product","link":"https:\/\/www.stvvalves.com\/ro\/products\/1500lb-swing-check-valve-6-inch-a216-lcc-api-6d-psb-rf-end\/","title":{"rendered":"1500 LB Swing Check Valve,6 Inch,A216 LCC, API 6D, PSB, RF End"},"content":{"rendered":"<p><strong>Supap\u0103 de re\u021binere oscilant\u0103<\/strong>, Ansi Class 600Lbs, Api 6d, Bolted, Pressure Sealing Bonnet, Flanged, Rf, Rtj, Bw Ends, Carbon Steel, Stainless Steel, Duplex Steel Swing Check Valves, Non Return Valve, Industrial Cast Steel Swing Check Valve Supplier, Exporter.<\/p>\n<p>Specifica\u021bii pentru\u00a0<strong>Supap\u0103 de re\u021binere oscilant\u0103 900LBS (cu flan\u0219\u0103, capete Bw)<\/strong><\/p>\n<p>1. Proiectare \u0219i fabrica\u021bie: API6D, ANSI B16.34, BS1868<br \/>\n2. Capot\u0103 cu \u0219uruburi, capot\u0103 de etan\u0219are sub presiune, disc de tip balansoar,<br \/>\n3. Interval de dimensiuni: 2\u2033 p\u00e2n\u0103 la 24\u2033.<br \/>\n4. Pressure Ratings: ANSI 1500Lbs<br \/>\n5. Conexiuni la cap\u0103t: cu flan\u0219\u0103, sudare cap la cap.<br \/>\n6. Materiale: WCB, LCB, CF8, CF8M, CF3, CF3M, WC6, WC9, C5, C12, 4A sau echivalent,<br \/>\n7. Diverse materiale de finisare disponibile pentru a se potrivi condi\u021biilor de service<br \/>\n8. NACE MR 0175 la cerere<\/p>\n<table>\n<tbody>\n<tr>\n<td width=\"200\"><strong>numele produsului<\/strong><\/td>\n<td width=\"481\">1500 LB Swing Check Valve,6 Inch,A216 LCC, API 6D, PSB, RF End<\/td>\n<\/tr>\n<tr>\n<td width=\"200\">1. Material<\/td>\n<td width=\"481\">LCC<\/td>\n<\/tr>\n<tr>\n<td width=\"200\">2. Dimensiunea<\/td>\n<td width=\"481\">6\u201d<\/td>\n<\/tr>\n<tr>\n<td width=\"200\">4. Port<\/td>\n<td width=\"481\">Port complet<\/td>\n<\/tr>\n<tr>\n<td width=\"200\">5. Presiunea de lucru<\/td>\n<td width=\"481\">900 lb<\/td>\n<\/tr>\n<tr>\n<td width=\"200\">6. Conexiunea se termin\u0103<\/td>\n<td width=\"481\">RF<\/td>\n<\/tr>\n<tr>\n<td width=\"200\">7. Temp. de lucru.<\/td>\n<td width=\"481\">-29~425\u00baC,<\/td>\n<\/tr>\n<tr>\n<td width=\"200\">8. Mediu potrivit<\/td>\n<td width=\"481\">Ap\u0103, gaze naturale, ulei \u0219i ceva lichid coroziv<\/td>\n<\/tr>\n<tr>\n<td width=\"200\">9. Operat<\/td>\n<td width=\"481\">\/<\/td>\n<\/tr>\n<tr>\n<td width=\"200\">10. Inspec\u021bie \u0219i testare<\/td>\n<td width=\"481\">Conform API 598<\/td>\n<\/tr>\n<tr>\n<td width=\"200\"><strong>Expediere<\/strong><\/td>\n<td width=\"481\"><\/td>\n<\/tr>\n<tr>\n<td width=\"200\">Timpul de livrare<\/td>\n<td width=\"481\">30 de zile<\/td>\n<\/tr>\n<tr>\n<td width=\"200\">Pachet<\/td>\n<td width=\"481\">Carcas\u0103 standard de export de placaj<\/td>\n<\/tr>\n<tr>\n<td width=\"200\">Portul de expediere<\/td>\n<td width=\"481\">Ningbo\/Shanghai, China<\/td>\n<\/tr>\n<tr>\n<td width=\"200\">Termeni de livrare<\/td>\n<td width=\"481\">Exw, FOB, CFR, CIF etc.<\/td>\n<\/tr>\n<tr>\n<td width=\"200\">Termeni de plat\u0103<\/td>\n<td width=\"481\">T\/T, Western Union, PayPal etc.<\/td>\n<\/tr>\n<tr>\n<td width=\"200\"><\/td>\n<td width=\"481\">Plat\u0103 anticipat\u0103 30%, sold 70% pl\u0103tit \u00eenainte de expediere<\/td>\n<\/tr>\n<tr>\n<td width=\"200\">\u021aara de origine<\/td>\n<td width=\"481\">Ora\u0219ul Wenzhou, China<\/td>\n<\/tr>\n<tr>\n<td width=\"200\">Capacitatea de produc\u021bie<\/td>\n<td width=\"481\">6000 tone\/an<\/td>\n<\/tr>\n<tr>\n<td width=\"200\">MOQ<\/td>\n<td width=\"481\">10 buc\/dimensiune<\/td>\n<\/tr>\n<\/tbody>\n<\/table>","protected":false},"excerpt":{"rendered":"<p>STV Valve Technology Group Co., Ltd\u00a0 is Swing Check Valve, Ansi Class 1500Lbs Lcc Swing Check Valve, Api 6d Lcc Swing Check Valve, Industrial Swing Check Valve,\u00a0 A216-LCC Swing Check Valve,\u00a0 Nace Mr0175 Swing Check Valve, 6 Inch LCC Swing Check Valve, High Pressure LCC Swing Check Valve, Pressure Seal LCC Swing Check Valve, Self Sealing LCC Swing Check manufacturer with high quality and low pric<\/p>","protected":false},"featured_media":7807,"template":"","meta":[],"product_brand":[],"product_cat":[46,83],"product_tag":[3059,3062,3061,3060,3063,2382,2385,3064,3065],"class_list":{"0":"post-7652","1":"product","2":"type-product","3":"status-publish","4":"has-post-thumbnail","6":"product_cat-check-valves","7":"product_cat-cast-steel-check-valve","8":"product_tag-1500lbs-lcc-swing-check-valve","9":"product_tag-6-inch-lcc-swing-check-valve","10":"product_tag-a216-lcc-swing-check-valve","11":"product_tag-api-6d-lcc-swing-check-valve","12":"product_tag-high-pressure-lcc-swing-check-valve","13":"product_tag-industrial-swing-check-valve","14":"product_tag-nace-mr0175-swing-check-valve","15":"product_tag-pressure-seal-lcc-swing-check-valve","16":"product_tag-self-sealing-lcc-swing-check-manufacturer","18":"first","19":"instock","20":"shipping-taxable","21":"product-type-simple"},"_links":{"self":[{"href":"https:\/\/www.stvvalves.com\/ro\/wp-json\/wp\/v2\/product\/7652","targetHints":{"allow":["GET"]}}],"collection":[{"href":"https:\/\/www.stvvalves.com\/ro\/wp-json\/wp\/v2\/product"}],"about":[{"href":"https:\/\/www.stvvalves.com\/ro\/wp-json\/wp\/v2\/types\/product"}],"wp:featuredmedia":[{"embeddable":true,"href":"https:\/\/www.stvvalves.com\/ro\/wp-json\/wp\/v2\/media\/7807"}],"wp:attachment":[{"href":"https:\/\/www.stvvalves.com\/ro\/wp-json\/wp\/v2\/media?parent=7652"}],"wp:term":[{"taxonomy":"product_brand","embeddable":true,"href":"https:\/\/www.stvvalves.com\/ro\/wp-json\/wp\/v2\/product_brand?post=7652"},{"taxonomy":"product_cat","embeddable":true,"href":"https:\/\/www.stvvalves.com\/ro\/wp-json\/wp\/v2\/product_cat?post=7652"},{"taxonomy":"product_tag","embeddable":true,"href":"https:\/\/www.stvvalves.com\/ro\/wp-json\/wp\/v2\/product_tag?post=7652"}],"curies":[{"name":"wp","href":"https:\/\/api.w.org\/{rel}","templated":true}]}}