{"id":7679,"date":"2024-12-24T14:24:18","date_gmt":"2024-12-24T06:24:18","guid":{"rendered":"https:\/\/www.stvvalves.com\/?post_type=product&#038;p=7679"},"modified":"2024-12-24T14:28:25","modified_gmt":"2024-12-24T06:28:25","slug":"astm-a217-wc6-pressure-seal-bonnet-gate-valve1500lb-12-inch-rtj-end","status":"publish","type":"product","link":"https:\/\/www.stvvalves.com\/ro\/products\/astm-a217-wc6-pressure-seal-bonnet-gate-valve1500lb-12-inch-rtj-end\/","title":{"rendered":"ASTM A217 WC6 Pressure Seal Bonnet Gate Valve,1500LB,12 Inch,RTJ End"},"content":{"rendered":"<p>Proiectare \u0219i fabrica\u021bie: supap\u0103 cu gur\u0103 din o\u021bel turnat la API 600 (16.34)<\/p>\n<p>Inspec\u021bie \u0219i testare: API598, API600 sau API 6D<br \/>\nASME B16.5(pentru NPS\u226424,ASME B 16.47 seria B,API 605,ASME B16.47A seria,MSS SP-44(pentru NPS\uff1e24)<\/p>\n<p>Dimensiune final\u0103 BW: ASME B16.25<\/p>\n<p>Fa\u021b\u0103 \u00een fa\u021b\u0103 \u0219i cap\u0103t la cap\u0103t: ASME B16.10<\/p>\n<p>Evalu\u0103ri presiune-temperatura: ASME B16.34<\/p>\n<p>Gam\u0103 de produse<\/p>\n<p>Material corp: o\u021bel carbon, o\u021bel inoxidabil, o\u021bel aliat<\/p>\n<p>Diametru nominal: 2\u2033~36\u2033(DN50~DN900)<\/p>\n<p>Termina\u021bi conexiunea: RF,RTJ, BW<\/p>\n<p>Interval de presiune: Class150~2500(PN16~PN420)<\/p>\n<p>Temperatura de lucru: -29\u2103~+560\u2103<\/p>\n<p>Operare: roat\u0103 de m\u00e2n\u0103, angrenaj, actuator electric, etc.<\/p>\n<p>&nbsp;<\/p>\n<table>\n<tbody>\n<tr>\n<td width=\"200\"><strong>numele produsului<\/strong><\/td>\n<td width=\"481\">ASTM A217 WC6 Pressure Seal Bonnet Gate Valve,1500LB,12 Inch,RTJ End<\/td>\n<\/tr>\n<tr>\n<td width=\"200\">1. Material<\/td>\n<td width=\"481\">WC6<\/td>\n<\/tr>\n<tr>\n<td width=\"200\">2. Dimensiunea<\/td>\n<td width=\"481\">12\u201d<\/td>\n<\/tr>\n<tr>\n<td width=\"200\">4. Port<\/td>\n<td width=\"481\">Port complet<\/td>\n<\/tr>\n<tr>\n<td width=\"200\">5. Presiunea de lucru<\/td>\n<td width=\"481\">1500 lb<\/td>\n<\/tr>\n<tr>\n<td width=\"200\">6. Conexiunea se termin\u0103<\/td>\n<td width=\"481\">RTJ<\/td>\n<\/tr>\n<tr>\n<td width=\"200\">7. Temp. de lucru.<\/td>\n<td width=\"481\">-29~520\u00baC,<\/td>\n<\/tr>\n<tr>\n<td width=\"200\">8. Mediu potrivit<\/td>\n<td width=\"481\">Ap\u0103, gaze naturale, ulei \u0219i ceva lichid coroziv<\/td>\n<\/tr>\n<tr>\n<td width=\"200\">9. Operat<\/td>\n<td width=\"481\">Cutie de viteze<\/td>\n<\/tr>\n<tr>\n<td width=\"200\">10. Inspec\u021bie \u0219i testare<\/td>\n<td width=\"481\">Conform API598<\/td>\n<\/tr>\n<tr>\n<td width=\"200\"><strong>Expediere<\/strong><\/td>\n<td width=\"481\"><\/td>\n<\/tr>\n<tr>\n<td width=\"200\">Timpul de livrare<\/td>\n<td width=\"481\">30 de zile<\/td>\n<\/tr>\n<tr>\n<td width=\"200\">Pachet<\/td>\n<td width=\"481\">Carcas\u0103 standard de export de placaj<\/td>\n<\/tr>\n<tr>\n<td width=\"200\">Portul de expediere<\/td>\n<td width=\"481\">Ningbo\/Shanghai, China<\/td>\n<\/tr>\n<tr>\n<td width=\"200\">Termeni de livrare<\/td>\n<td width=\"481\">Exw, FOB, CFR, CIF etc.<\/td>\n<\/tr>\n<tr>\n<td width=\"200\">Termeni de plat\u0103<\/td>\n<td width=\"481\">T\/T, Western Union, PayPal etc.<\/td>\n<\/tr>\n<tr>\n<td width=\"200\"><\/td>\n<td width=\"481\">Plat\u0103 anticipat\u0103 30%, sold 70% pl\u0103tit \u00eenainte de expediere<\/td>\n<\/tr>\n<tr>\n<td width=\"200\">\u021aara de origine<\/td>\n<td width=\"481\">Ora\u0219ul Wenzhou, China<\/td>\n<\/tr>\n<tr>\n<td width=\"200\">Capacitatea de produc\u021bie<\/td>\n<td width=\"481\">6000 tone\/an<\/td>\n<\/tr>\n<tr>\n<td width=\"200\">MOQ<\/td>\n<td width=\"481\">1 buc\/dimensiune<\/td>\n<\/tr>\n<\/tbody>\n<\/table>","protected":false},"excerpt":{"rendered":"<p>STV Valve Technology Group Co., Ltd is a professional leader China 1500Lb cast steel Pressure Seal Gate valve,WC6 GATE VALVE 1500Lb ,1500 lb Cast Steel Gate Valve ,RTJ End Gate Valve,High Pressure Gate Valve,12 Inch Pressure Seal Gate Valve Manufacturer with high quality and competitive price.<\/p>","protected":false},"featured_media":7680,"template":"","meta":[],"product_brand":[],"product_cat":[44,58],"product_tag":[2246,2248,2247,2244,195,2245],"class_list":{"0":"post-7679","1":"product","2":"type-product","3":"status-publish","4":"has-post-thumbnail","6":"product_cat-gate-valve","7":"product_cat-cast-steel-gate-valve","8":"product_tag-1500-lb-cast-steel-gate-valve","9":"product_tag-8-inch-pressure-seal-gate-valve-manufacturer","10":"product_tag-bw-end-gate-valve","11":"product_tag-china-1500lb-cast-steel-pressure-seal-gate-valve","12":"product_tag-high-pressure-gate-valve","13":"product_tag-wc6-gate-valve-1500lb","15":"first","16":"instock","17":"shipping-taxable","18":"product-type-simple"},"_links":{"self":[{"href":"https:\/\/www.stvvalves.com\/ro\/wp-json\/wp\/v2\/product\/7679","targetHints":{"allow":["GET"]}}],"collection":[{"href":"https:\/\/www.stvvalves.com\/ro\/wp-json\/wp\/v2\/product"}],"about":[{"href":"https:\/\/www.stvvalves.com\/ro\/wp-json\/wp\/v2\/types\/product"}],"wp:featuredmedia":[{"embeddable":true,"href":"https:\/\/www.stvvalves.com\/ro\/wp-json\/wp\/v2\/media\/7680"}],"wp:attachment":[{"href":"https:\/\/www.stvvalves.com\/ro\/wp-json\/wp\/v2\/media?parent=7679"}],"wp:term":[{"taxonomy":"product_brand","embeddable":true,"href":"https:\/\/www.stvvalves.com\/ro\/wp-json\/wp\/v2\/product_brand?post=7679"},{"taxonomy":"product_cat","embeddable":true,"href":"https:\/\/www.stvvalves.com\/ro\/wp-json\/wp\/v2\/product_cat?post=7679"},{"taxonomy":"product_tag","embeddable":true,"href":"https:\/\/www.stvvalves.com\/ro\/wp-json\/wp\/v2\/product_tag?post=7679"}],"curies":[{"name":"wp","href":"https:\/\/api.w.org\/{rel}","templated":true}]}}