{"id":7817,"date":"2025-02-15T21:53:06","date_gmt":"2025-02-15T13:53:06","guid":{"rendered":"https:\/\/www.stvvalves.com\/?post_type=product&#038;p=7817"},"modified":"2025-02-15T21:53:08","modified_gmt":"2025-02-15T13:53:08","slug":"ta2-swing-check-valve-pn16-dn50-rf-end","status":"publish","type":"product","link":"https:\/\/www.stvvalves.com\/ro\/products\/ta2-swing-check-valve-pn16-dn50-rf-end\/","title":{"rendered":"TA2 Swing Check Valve,PN16,DN50,RF END"},"content":{"rendered":"<p>Product name: TA2 Swing Check Valve,PN16,DN50,RF END<br \/>\nDesign: ASME B16.34.<br \/>\nMaterial: Titan TA2<br \/>\nDimensiune nominal\u0103: 2 inch.<br \/>\nPresiune nominal\u0103: Clasa 150 LB.<br \/>\nTermina\u021bi conexiunea: RF.<br \/>\nFa\u021b\u0103 \u00een fa\u021b\u0103: ASME B16.10.<br \/>\nTestare \u0219i inspec\u021bie: API 598.<\/p>\n<p>Conexiuni: cu flan\u0219e, filetate, sudate prin muf\u0103, sudur\u0103 cap la cap<\/p>\n<p>Presiune nominal\u0103: PN 1,0 p\u00e2n\u0103 la 25 Mpa, clasa 150 p\u00e2n\u0103 la 2500<\/p>\n<p>Dimensiune: DN15 p\u00e2n\u0103 la 200 mm, NPS 1\/4\u2033 p\u00e2n\u0103 la 20\u2033<\/p>\n<p>Temperatura: de la -198\u00b0c la +450\u00b0c<\/p>\n<p>Design and Manufacture:DIN3352, EN558<\/p>\n<p>Face to face (end to end): EN 558,<\/p>\n<p>Flanged connection: DIN3202-F5\/F7<\/p>\n<p>Test and inspection: API598, ISO5208, DIN 3230<\/p>\n<p>Capat sudat cap la cap: ANSI B16.5<\/p>\n<p><strong>Piese \u0219i materiale:<\/strong><\/p>\n<p>Corp: titan TA1, TA2, TA10, TC4, GR2, GR3, GR5, o\u021bel inoxidabil duplex, o\u021bel inoxidabil super duplex, aliaj<\/p>\n<p>20, CN7M, Hastelloy, o\u021bel carbon, WC6, WC9, C5, C12, LCB, CF3M<\/p>\n<p>Capota, poarta: otel inoxidabil duplex, otel inoxidabil super duplex, aliaj 20, CN7M, Hastelloy, otel carbon, WC6,<\/p>\n<p>WC9, C5, C12, LCB, CF3M, Titan TA1, TA2, TA10, TC4, GR2, GR3, GR5<\/p>\n<p>Trim: Incoloy 800, Incoloy 800H, Incoloy 825, SS304, SS316, SS304L, SS316L, 13%Cr.Steel, Stellit, Hastelloy,<\/p>\n<p>Aliaj 20, o\u021bel inoxidabil duplex, o\u021bel inoxidabil super duplex<\/p>\n<p>Garnitur\u0103 de garnitur\u0103: Grafit, PTFE<\/p>\n<p>Conexiuni de cap\u0103t: cu flan\u0219\u0103, sudur\u0103 prin mu\u0219ca, sudur\u0103 cap<\/p>\n<p>&nbsp;<\/p>\n<table>\n<tbody>\n<tr>\n<td width=\"200\"><strong>numele produsului<\/strong><\/td>\n<td width=\"481\">TA2 Swing Check Valve,PN16,DN50,RF END<\/td>\n<\/tr>\n<tr>\n<td width=\"200\">1. Material<\/td>\n<td width=\"481\">Titan TA2<\/td>\n<\/tr>\n<tr>\n<td width=\"200\">2. Dimensiunea<\/td>\n<td width=\"481\">2\u201d<\/td>\n<\/tr>\n<tr>\n<td width=\"200\">4. Port<\/td>\n<td width=\"481\">Port complet<\/td>\n<\/tr>\n<tr>\n<td width=\"200\">5. Presiunea de lucru<\/td>\n<td width=\"481\">PN16<\/td>\n<\/tr>\n<tr>\n<td width=\"200\">6. Conexiunea se termin\u0103<\/td>\n<td width=\"481\">RF<\/td>\n<\/tr>\n<tr>\n<td width=\"200\">7. Temp. de lucru.<\/td>\n<td width=\"481\">-29~200\u00baC,<\/td>\n<\/tr>\n<tr>\n<td width=\"200\">8. Mediu potrivit<\/td>\n<td width=\"481\">Ap\u0103, gaze naturale, ulei \u0219i ceva lichid coroziv<\/td>\n<\/tr>\n<tr>\n<td width=\"200\">9. Operat<\/td>\n<td width=\"481\">\/<\/td>\n<\/tr>\n<tr>\n<td width=\"200\">10. Inspec\u021bie \u0219i testare<\/td>\n<td width=\"481\">Conform API598<\/td>\n<\/tr>\n<tr>\n<td width=\"200\"><strong>Expediere<\/strong><\/td>\n<td width=\"481\"><\/td>\n<\/tr>\n<tr>\n<td width=\"200\">Timpul de livrare<\/td>\n<td width=\"481\">30 de zile<\/td>\n<\/tr>\n<tr>\n<td width=\"200\">Pachet<\/td>\n<td width=\"481\">Carcas\u0103 standard de export de placaj<\/td>\n<\/tr>\n<tr>\n<td width=\"200\">Portul de expediere<\/td>\n<td width=\"481\">Ningbo\/Shanghai, China<\/td>\n<\/tr>\n<tr>\n<td width=\"200\">Termeni de livrare<\/td>\n<td width=\"481\">Exw, FOB, CFR, CIF etc.<\/td>\n<\/tr>\n<tr>\n<td width=\"200\">Termeni de plat\u0103<\/td>\n<td width=\"481\">T\/T, Western Union, PayPal etc.<\/td>\n<\/tr>\n<tr>\n<td width=\"200\"><\/td>\n<td width=\"481\">Plat\u0103 anticipat\u0103 30%, sold 70% pl\u0103tit \u00eenainte de expediere<\/td>\n<\/tr>\n<tr>\n<td width=\"200\">\u021aara de origine<\/td>\n<td width=\"481\">Ora\u0219ul Wenzhou, China<\/td>\n<\/tr>\n<tr>\n<td width=\"200\">Capacitatea de produc\u021bie<\/td>\n<td width=\"481\">6000 tone\/an<\/td>\n<\/tr>\n<tr>\n<td width=\"200\">MOQ<\/td>\n<td width=\"481\">1 buc\/dimensiune<\/td>\n<\/tr>\n<\/tbody>\n<\/table>","protected":false},"excerpt":{"rendered":"<p>STV Valve Technology Group Co., Ltd is a professional leader China \u00a0TA2 Swing Check Valve,PN16 \u00a0TA2 Swing Check Valve,DN50 \u00a0TA2 Swing Check Valve,Flange End \u00a0TA2 Swing Check Valve ,RF END \u00a0TA2 Swing Check Valve,DIN3352 \u00a0TA2 Swing Check Valve Manufacturer with high quality and competitive price<\/p>","protected":false},"featured_media":7818,"template":"","meta":[],"product_brand":[],"product_cat":[46,67],"product_tag":[3117,3122,3119,3120,3118,3121],"class_list":{"0":"post-7817","1":"product","2":"type-product","3":"status-publish","4":"has-post-thumbnail","6":"product_cat-check-valves","7":"product_cat-stainless-steel-check-valve","8":"product_tag-china-ta2-swing-check-valve","9":"product_tag-din3352-ta2-swing-check-valve-manufacturer","10":"product_tag-dn50-ta2-swing-check-valve","11":"product_tag-flange-end-ta2-swing-check-valve","12":"product_tag-pn16-ta2-swing-check-valve","13":"product_tag-rf-end-ta2-swing-check-valve","15":"first","16":"instock","17":"shipping-taxable","18":"product-type-simple"},"_links":{"self":[{"href":"https:\/\/www.stvvalves.com\/ro\/wp-json\/wp\/v2\/product\/7817","targetHints":{"allow":["GET"]}}],"collection":[{"href":"https:\/\/www.stvvalves.com\/ro\/wp-json\/wp\/v2\/product"}],"about":[{"href":"https:\/\/www.stvvalves.com\/ro\/wp-json\/wp\/v2\/types\/product"}],"wp:featuredmedia":[{"embeddable":true,"href":"https:\/\/www.stvvalves.com\/ro\/wp-json\/wp\/v2\/media\/7818"}],"wp:attachment":[{"href":"https:\/\/www.stvvalves.com\/ro\/wp-json\/wp\/v2\/media?parent=7817"}],"wp:term":[{"taxonomy":"product_brand","embeddable":true,"href":"https:\/\/www.stvvalves.com\/ro\/wp-json\/wp\/v2\/product_brand?post=7817"},{"taxonomy":"product_cat","embeddable":true,"href":"https:\/\/www.stvvalves.com\/ro\/wp-json\/wp\/v2\/product_cat?post=7817"},{"taxonomy":"product_tag","embeddable":true,"href":"https:\/\/www.stvvalves.com\/ro\/wp-json\/wp\/v2\/product_tag?post=7817"}],"curies":[{"name":"wp","href":"https:\/\/api.w.org\/{rel}","templated":true}]}}