{"id":7821,"date":"2025-02-16T09:27:20","date_gmt":"2025-02-16T01:27:20","guid":{"rendered":"https:\/\/www.stvvalves.com\/?post_type=product&#038;p=7821"},"modified":"2025-02-27T15:43:52","modified_gmt":"2025-02-27T07:43:52","slug":"monel-400-gate-valve-800lb-3-4-inch-npt-end","status":"publish","type":"product","link":"https:\/\/www.stvvalves.com\/ro\/products\/monel-400-gate-valve-800lb-3-4-inch-npt-end\/","title":{"rendered":"Monel 400 Gate Valve,800LB,3\/4 Inch,NPT End"},"content":{"rendered":"<p>Caracteristici de design<br \/>\n1. Port complet sau port conven\u021bional<br \/>\n2. \u0218urub \u0219i jug exterior (OS&amp;Y)<br \/>\n3. Presetup\u0103 cu auto-aliniere din dou\u0103 piese<br \/>\n4. Capot\u0103 cu \u0219uruburi cu garnitur\u0103 \u00eenf\u0103\u0219urat\u0103 \u00een spiral\u0103, capac filetat \u0219i etan\u0219at sudat sau capac filetat \u0219i etan\u0219are sub presiune<br \/>\n5. Banc\u0103 din spate integral\u0103<br \/>\n6.Available in ANSI 150-2500LB, sizes: 1\/4\u2033 to 4\u2033.<br \/>\n7.Materials:A105N,LF2,F304,F316,F11,F22,F5,F91,MONEL400,Alloy Steel Ect.<br \/>\n8.Temperature range: 0\u00b0C to 600\u00b0C.<br \/>\n9.Port: Port reductor \u0219i Port complet.<br \/>\n10.End Connect\uff1bNPT,BW,SW,RF,RTJ.<\/p>\n<table>\n<tbody>\n<tr>\n<td width=\"200\"><strong><b>numele produsului<\/b><\/strong><\/td>\n<td width=\"481\">Monel 400 Gate Valve,800LB,3\/4 Inch,NPT End<\/td>\n<\/tr>\n<tr>\n<td width=\"200\">1. Material<\/td>\n<td width=\"481\">Monel 400<\/td>\n<\/tr>\n<tr>\n<td width=\"200\">2. Dimensiunea<\/td>\n<td width=\"481\">3\/4\u201d<\/td>\n<\/tr>\n<tr>\n<td width=\"200\">4. Port<\/td>\n<td width=\"481\">Port reductor<\/td>\n<\/tr>\n<tr>\n<td width=\"200\">5. Presiunea de lucru<\/td>\n<td width=\"481\">800 lb<\/td>\n<\/tr>\n<tr>\n<td width=\"200\">6. Conexiunea se termin\u0103<\/td>\n<td width=\"481\">NPT End<\/td>\n<\/tr>\n<tr>\n<td width=\"200\">7. Temp. de lucru.<\/td>\n<td width=\"481\">-29~425\u00baC,<\/td>\n<\/tr>\n<tr>\n<td width=\"200\">8. Mediu potrivit<\/td>\n<td width=\"481\">Ap\u0103, gaze naturale, ulei \u0219i ceva lichid coroziv<\/td>\n<\/tr>\n<tr>\n<td width=\"200\">9. Operat<\/td>\n<td width=\"481\">Roat\u0103 de m\u00e2n\u0103<\/td>\n<\/tr>\n<tr>\n<td width=\"200\">10. Inspec\u021bie \u0219i testare<\/td>\n<td width=\"481\">Conform API 598<\/td>\n<\/tr>\n<tr>\n<td width=\"200\"><strong><b>Expediere<\/b><\/strong><\/td>\n<td width=\"481\"><\/td>\n<\/tr>\n<tr>\n<td width=\"200\">Timpul de livrare<\/td>\n<td width=\"481\">30 de zile<\/td>\n<\/tr>\n<tr>\n<td width=\"200\">Pachet<\/td>\n<td width=\"481\">Carcas\u0103 standard de export de placaj<\/td>\n<\/tr>\n<tr>\n<td width=\"200\">Portul de expediere<\/td>\n<td width=\"481\">Ningbo\/Shanghai, China<\/td>\n<\/tr>\n<tr>\n<td width=\"200\">Termeni de livrare<\/td>\n<td width=\"481\">Exw, FOB, CFR, CIF etc.<\/td>\n<\/tr>\n<tr>\n<td width=\"200\">Termeni de plat\u0103<\/td>\n<td width=\"481\">T\/T, Western Union, PayPal etc.<\/td>\n<\/tr>\n<tr>\n<td width=\"200\"><\/td>\n<td width=\"481\">Plat\u0103 anticipat\u0103 30%, sold 70% pl\u0103tit \u00eenainte de expediere<\/td>\n<\/tr>\n<tr>\n<td width=\"200\">\u021aara de origine<\/td>\n<td width=\"481\">Ora\u0219ul Wenzhou, China<\/td>\n<\/tr>\n<tr>\n<td width=\"200\">Capacitatea de produc\u021bie<\/td>\n<td width=\"481\">6000 tone\/an<\/td>\n<\/tr>\n<tr>\n<td width=\"200\">MOQ<\/td>\n<td width=\"481\">10 buc\/dimensiune<\/td>\n<\/tr>\n<\/tbody>\n<\/table>","protected":false},"excerpt":{"rendered":"<p>STV Valve Technology Group Co., Ltd is a professional leader China Monel 400 Gate Valve ,800LB Monel 400 Gate Valve,3\/4 Inch Monel 400 Gate Valve,NPT End Monel 400 Gate Valve,Bolt Bonnet Monel 400 Gate Valve,API 602 Monel 400 Gate Valve Manufacturer With High Quality And Low Price.To lear<\/p>\n<p>&nbsp;<\/p>\n<p>&nbsp;<\/p>","protected":false},"featured_media":7845,"template":"","meta":[],"product_brand":[],"product_cat":[59,44],"product_tag":[3163,3162,3166,3165,3161,3164],"class_list":{"0":"post-7821","1":"product","2":"type-product","3":"status-publish","4":"has-post-thumbnail","6":"product_cat-forged-steel-gate-valve","7":"product_cat-gate-valve","8":"product_tag-3-4-inch-monel-400-gate-valve","9":"product_tag-800lb-monel-400-gate-valve","10":"product_tag-api-602-monel-400-gate-valve-manufacturer","11":"product_tag-bolt-bonnet-monel-400-gate-valve","12":"product_tag-china-monel-400-gate-valve","13":"product_tag-npt-end-monel-400-gate-valve","15":"first","16":"instock","17":"shipping-taxable","18":"product-type-simple"},"_links":{"self":[{"href":"https:\/\/www.stvvalves.com\/ro\/wp-json\/wp\/v2\/product\/7821","targetHints":{"allow":["GET"]}}],"collection":[{"href":"https:\/\/www.stvvalves.com\/ro\/wp-json\/wp\/v2\/product"}],"about":[{"href":"https:\/\/www.stvvalves.com\/ro\/wp-json\/wp\/v2\/types\/product"}],"wp:featuredmedia":[{"embeddable":true,"href":"https:\/\/www.stvvalves.com\/ro\/wp-json\/wp\/v2\/media\/7845"}],"wp:attachment":[{"href":"https:\/\/www.stvvalves.com\/ro\/wp-json\/wp\/v2\/media?parent=7821"}],"wp:term":[{"taxonomy":"product_brand","embeddable":true,"href":"https:\/\/www.stvvalves.com\/ro\/wp-json\/wp\/v2\/product_brand?post=7821"},{"taxonomy":"product_cat","embeddable":true,"href":"https:\/\/www.stvvalves.com\/ro\/wp-json\/wp\/v2\/product_cat?post=7821"},{"taxonomy":"product_tag","embeddable":true,"href":"https:\/\/www.stvvalves.com\/ro\/wp-json\/wp\/v2\/product_tag?post=7821"}],"curies":[{"name":"wp","href":"https:\/\/api.w.org\/{rel}","templated":true}]}}