{"id":7822,"date":"2025-02-16T09:28:11","date_gmt":"2025-02-16T01:28:11","guid":{"rendered":"https:\/\/www.stvvalves.com\/?post_type=product&#038;p=7822"},"modified":"2025-02-16T09:40:52","modified_gmt":"2025-02-16T01:40:52","slug":"astm-a352-lcc-lug-check-valve-20-in-600lb-api-594","status":"publish","type":"product","link":"https:\/\/www.stvvalves.com\/ro\/products\/astm-a352-lcc-lug-check-valve-20-in-600lb-api-594\/","title":{"rendered":"ASTM A352 LCC Lug Check Valve, 20 IN, 600LB, API 594"},"content":{"rendered":"<p>Lungime structural\u0103 scurt\u0103, doar 1\/4 ~ 1\/8 din cea a supapei de re\u021binere tradi\u021bionale cu flan\u0219\u0103;<\/p>\n<p>Volum redus, greutate redus\u0103, doar 1\/4 ~ 1\/20 din cele ale supapei de re\u021binere tradi\u021bionale cu flan\u0219\u0103;<\/p>\n<p>\u00cenchidere rapid\u0103 a discului supapei, presiune sc\u0103zut\u0103 a ciocanului de ariete;<\/p>\n<p>Aplicabil \u0219i u\u0219or de instalat pentru conducte verticale sau orizontale;<\/p>\n<p>Pasaj de curgere lin\u0103 \u0219i rezisten\u021b\u0103 mic\u0103 la fluid;<\/p>\n<p>Ac\u021biune flexibil\u0103 \u0219i performan\u021b\u0103 bun\u0103 de etan\u0219are;<\/p>\n<p>Curs\u0103 \u00eengust\u0103 a supapei \u0219i impact mic de \u00eenchidere;<\/p>\n<p>Structur\u0103 integrat\u0103, simpl\u0103 \u0219i compact\u0103, \u00eentr-o form\u0103 frumoas\u0103;<\/p>\n<p>Durat\u0103 lung\u0103 de via\u021b\u0103 \u0219i fiabilitate bun\u0103.<\/p>\n<p>Specifica\u021bia parametrului principal<\/p>\n<p>Proiectare \u0219i fabrica\u021bie:API594,API 6D,;<br \/>\nFa\u021b\u0103 \u00een fa\u021b\u0103 \u0219i cap\u0103t la cap\u0103t: API594, API6D, DIN3202;<br \/>\nEvaluare presiune-temperatura: ASME B16.34, DIN2410;<br \/>\nInspec\u021bie \u0219i testare: API598<br \/>\nFlan\u0219\u0103 \u021beav\u0103: ,ASME B16.5,DIN2543~2548,API605,ASME B16.47.<\/p>\n<p>Gam\u0103 de produse<\/p>\n<p>Body material: WCB,LCB,WC6,WC9,CF8,CF8M,CF3,CF3M, alloy steel,bronze<\/p>\n<p>Nominal diameter:1.5\u2033~48\u2033(DN40~DN1200)<\/p>\n<p>Termina\u021bi conexiunea: RF,RTJ, BW<\/p>\n<p>Interval de presiune: Class150~2500(PN16~PN420)<\/p>\n<p>Temperatura de lucru: -196\u2103~+560\u2103<\/p>\n<p>&nbsp;<\/p>\n<table>\n<tbody>\n<tr>\n<td width=\"200\"><strong>numele produsului<\/strong><\/td>\n<td width=\"481\">\u00a0ASTM A352 LCC Lug Check Valve, 20 IN, 600LB, API 594<\/td>\n<\/tr>\n<tr>\n<td width=\"200\">1. Material<\/td>\n<td width=\"481\">LCC<\/td>\n<\/tr>\n<tr>\n<td width=\"200\">2. Dimensiunea<\/td>\n<td width=\"481\">20\u201d<\/td>\n<\/tr>\n<tr>\n<td width=\"200\">4. Port<\/td>\n<td width=\"481\">Port complet<\/td>\n<\/tr>\n<tr>\n<td width=\"200\">5. Presiunea de lucru<\/td>\n<td width=\"481\">600 lb<\/td>\n<\/tr>\n<tr>\n<td width=\"200\">6. Conexiunea se termin\u0103<\/td>\n<td width=\"481\">Lug<\/td>\n<\/tr>\n<tr>\n<td width=\"200\">7. Temp. de lucru.<\/td>\n<td width=\"481\">-29~343\u00baC,<\/td>\n<\/tr>\n<tr>\n<td width=\"200\">8. Mediu potrivit<\/td>\n<td width=\"481\">Ap\u0103, gaze naturale, ulei \u0219i ceva lichid coroziv<\/td>\n<\/tr>\n<tr>\n<td width=\"200\">9. Operat<\/td>\n<td width=\"481\">\/<\/td>\n<\/tr>\n<tr>\n<td width=\"200\">10. Inspec\u021bie \u0219i testare<\/td>\n<td width=\"481\">Conform API598<\/td>\n<\/tr>\n<tr>\n<td width=\"200\"><strong>Expediere<\/strong><\/td>\n<td width=\"481\"><\/td>\n<\/tr>\n<tr>\n<td width=\"200\">Timpul de livrare<\/td>\n<td width=\"481\">30 de zile<\/td>\n<\/tr>\n<tr>\n<td width=\"200\">Pachet<\/td>\n<td width=\"481\">Carcas\u0103 standard de export de placaj<\/td>\n<\/tr>\n<tr>\n<td width=\"200\">Portul de expediere<\/td>\n<td width=\"481\">Ningbo\/Shanghai, China<\/td>\n<\/tr>\n<tr>\n<td width=\"200\">Termeni de livrare<\/td>\n<td width=\"481\">Exw, FOB, CFR, CIF etc.<\/td>\n<\/tr>\n<tr>\n<td width=\"200\">Termeni de plat\u0103<\/td>\n<td width=\"481\">T\/T, Western Union, PayPal etc.<\/td>\n<\/tr>\n<tr>\n<td width=\"200\"><\/td>\n<td width=\"481\">Plat\u0103 anticipat\u0103 30%, sold 70% pl\u0103tit \u00eenainte de expediere<\/td>\n<\/tr>\n<tr>\n<td width=\"200\">\u021aara de origine<\/td>\n<td width=\"481\">Ora\u0219ul Wenzhou, China<\/td>\n<\/tr>\n<tr>\n<td width=\"200\">Capacitatea de produc\u021bie<\/td>\n<td width=\"481\">6000 tone\/an<\/td>\n<\/tr>\n<tr>\n<td width=\"200\">MOQ<\/td>\n<td width=\"481\">1 buc\/dimensiune<\/td>\n<\/tr>\n<\/tbody>\n<\/table>","protected":false},"excerpt":{"rendered":"<p>STV Valve Technology Group Co., Ltd is a professional leader ASTM A352 LCC Lug Check Valve Manufacture,STV also known as the ASTM A351 CF8M Check Valve, 20 IN, 600LB, LUG, API 594 ,STV offers a reliable solution for your industrial needs. This valve, designed with precision and adherence to ASTM standards, ensures optimal performance and longevity. With its robust construction and adherence to API 594 specifications, this valve is a dependable choice for critical applications in various industries.<\/p>","protected":false},"featured_media":7824,"template":"","meta":[],"product_brand":[],"product_cat":[46,84],"product_tag":[3132,3133,3131,3128,3130,498,499,3129],"class_list":{"0":"post-7822","1":"product","2":"type-product","3":"status-publish","4":"has-post-thumbnail","6":"product_cat-check-valves","7":"product_cat-wafer-check-valve","8":"product_tag-20-inch-astm-a352-lcc-lug-check-valve","9":"product_tag-600lb-astm-a352-lcc-lug-check-valve-manufacturer","10":"product_tag-cf8m-disc-dual-plate-wafer-check-valve","11":"product_tag-china-astm-a352-lcc-lug-check-valve","12":"product_tag-dual-plate-astm-a352-lcc-lug-check-valve","13":"product_tag-dual-plate-check-valve-api-594","14":"product_tag-lug-and-wafer-check-valves","15":"product_tag-lug-type-astm-a352-lcc-lug-check-valve","17":"first","18":"instock","19":"shipping-taxable","20":"product-type-simple"},"_links":{"self":[{"href":"https:\/\/www.stvvalves.com\/ro\/wp-json\/wp\/v2\/product\/7822","targetHints":{"allow":["GET"]}}],"collection":[{"href":"https:\/\/www.stvvalves.com\/ro\/wp-json\/wp\/v2\/product"}],"about":[{"href":"https:\/\/www.stvvalves.com\/ro\/wp-json\/wp\/v2\/types\/product"}],"wp:featuredmedia":[{"embeddable":true,"href":"https:\/\/www.stvvalves.com\/ro\/wp-json\/wp\/v2\/media\/7824"}],"wp:attachment":[{"href":"https:\/\/www.stvvalves.com\/ro\/wp-json\/wp\/v2\/media?parent=7822"}],"wp:term":[{"taxonomy":"product_brand","embeddable":true,"href":"https:\/\/www.stvvalves.com\/ro\/wp-json\/wp\/v2\/product_brand?post=7822"},{"taxonomy":"product_cat","embeddable":true,"href":"https:\/\/www.stvvalves.com\/ro\/wp-json\/wp\/v2\/product_cat?post=7822"},{"taxonomy":"product_tag","embeddable":true,"href":"https:\/\/www.stvvalves.com\/ro\/wp-json\/wp\/v2\/product_tag?post=7822"}],"curies":[{"name":"wp","href":"https:\/\/api.w.org\/{rel}","templated":true}]}}