{"id":7827,"date":"2025-02-16T10:37:45","date_gmt":"2025-02-16T02:37:45","guid":{"rendered":"https:\/\/www.stvvalves.com\/?post_type=product&#038;p=7827"},"modified":"2025-02-16T10:49:15","modified_gmt":"2025-02-16T02:49:15","slug":"2507-wafer-check-valve-dn80-pn160-din3202","status":"publish","type":"product","link":"https:\/\/www.stvvalves.com\/ro\/products\/2507-wafer-check-valve-dn80-pn160-din3202\/","title":{"rendered":"2507 Wafer Check Valve,DN80,PN160,DIN3202"},"content":{"rendered":"<h2>Descriere<\/h2>\n<p>Product name: 2507 Wafer Check Valve,DN80,PN160,DIN3202<br \/>\nDesign: DIN3202.<br \/>\nMaterial: F53<br \/>\nDimensiune nominal\u0103: 3 inch.<br \/>\nNominal pressure: PN160.<br \/>\nEnd Connection: Wafer.<br \/>\nFace to face: EN558.<br \/>\nTestare \u0219i inspec\u021bie: API 598.<\/p>\n<p>&nbsp;<\/p>\n<p>Dimensiune: de la 2\u2033 la 48\u2033<br \/>\nPresiune: 150 \u2013 1500LB<br \/>\nMaterial: putem oferi valve realizate \u00een Duplex S31803\u3001Super Duplex S32750\u3001Super Duplex S32760<br \/>\n1A\u3001\u30012A\u30013A\u30014A\u30015A\u30016A\u30011B\u30011C<br \/>\nCD4MCu\u3001CD4MCuN\u3001CD3MCuN\u3001CE8MN\u3001CD6MN\u3001CD3MN\u3001CE3MN,CD3MWCuN<br \/>\nF51\u3001F53\u3001F55\u3001F60<br \/>\nStandard de proiectare \u0219i produc\u021bie: API 594 sau DIN<br \/>\nDistan\u021ba dintre flan\u0219e: ASME B16.10, EN558, DIN3202<br \/>\nConectat \u00een conformitate cu standardul: ANSI, API, DIN<br \/>\nStandard de testare: API598, API 600, ISO5208<br \/>\nMediu: Supapa este potrivit\u0103 pentru mai multe medii, inclusiv ap\u0103, abur, ulei, gaz, produse petroliere, acid azotic, acid acetic etc.<br \/>\nTemperatura de lucru: de la -46\u00baC sau -50\u00baC (construc\u021bii din o\u021bel inoxidabil) \u0219i -29\u00baC sau -46\u00baC (construc\u021bii din o\u021bel carbon) p\u00e2n\u0103 la 600\u2103<\/p>\n<table>\n<tbody>\n<tr>\n<td width=\"200\"><strong>numele produsului<\/strong><\/td>\n<td width=\"481\">2507 Wafer Check Valve,DN80,PN160,DIN3202<\/td>\n<\/tr>\n<tr>\n<td width=\"200\">1. Material<\/td>\n<td width=\"481\">F53<\/td>\n<\/tr>\n<tr>\n<td width=\"200\">2. Dimensiunea<\/td>\n<td width=\"481\">3\u201d<\/td>\n<\/tr>\n<tr>\n<td width=\"200\">4. Port<\/td>\n<td width=\"481\">Port reductor<\/td>\n<\/tr>\n<tr>\n<td width=\"200\">5. Presiunea de lucru<\/td>\n<td width=\"481\">PN160<\/td>\n<\/tr>\n<tr>\n<td width=\"200\">6. Conexiunea se termin\u0103<\/td>\n<td width=\"481\">napolitana<\/td>\n<\/tr>\n<tr>\n<td width=\"200\">7. Temp. de lucru.<\/td>\n<td width=\"481\">-29~300\u00baC,<\/td>\n<\/tr>\n<tr>\n<td width=\"200\">8. Mediu potrivit<\/td>\n<td width=\"481\">Ap\u0103, gaze naturale, ulei \u0219i ceva lichid coroziv<\/td>\n<\/tr>\n<tr>\n<td width=\"200\">9. Operat<\/td>\n<td width=\"481\">\/<\/td>\n<\/tr>\n<tr>\n<td width=\"200\">10. Inspec\u021bie \u0219i testare<\/td>\n<td width=\"481\">Conform API598<\/td>\n<\/tr>\n<tr>\n<td width=\"200\"><strong>Expediere<\/strong><\/td>\n<td width=\"481\"><\/td>\n<\/tr>\n<tr>\n<td width=\"200\">Timpul de livrare<\/td>\n<td width=\"481\">30 de zile<\/td>\n<\/tr>\n<tr>\n<td width=\"200\">Pachet<\/td>\n<td width=\"481\">Carcas\u0103 standard de export de placaj<\/td>\n<\/tr>\n<tr>\n<td width=\"200\">Portul de expediere<\/td>\n<td width=\"481\">Ningbo\/Shanghai, China<\/td>\n<\/tr>\n<tr>\n<td width=\"200\">Termeni de livrare<\/td>\n<td width=\"481\">Exw, FOB, CFR, CIF etc.<\/td>\n<\/tr>\n<tr>\n<td width=\"200\">Termeni de plat\u0103<\/td>\n<td width=\"481\">T\/T, Western Union, PayPal etc.<\/td>\n<\/tr>\n<tr>\n<td width=\"200\"><\/td>\n<td width=\"481\">Plat\u0103 anticipat\u0103 30%, sold 70% pl\u0103tit \u00eenainte de expediere<\/td>\n<\/tr>\n<tr>\n<td width=\"200\">\u021aara de origine<\/td>\n<td width=\"481\">Ora\u0219ul Wenzhou, China<\/td>\n<\/tr>\n<tr>\n<td width=\"200\">Capacitatea de produc\u021bie<\/td>\n<td width=\"481\">6000 tone\/an<\/td>\n<\/tr>\n<tr>\n<td width=\"200\">MOQ<\/td>\n<td width=\"481\">1 buc\/dimensiune<\/td>\n<\/tr>\n<\/tbody>\n<\/table>\n<p>&nbsp;<\/p>","protected":false},"excerpt":{"rendered":"<p>2507 Wafer Check Valve, DN80, PN160, DIN3202, is a top-quality valve that ensures efficient operation in industrial settings. With expertise in manufacturing premium valves, the 2507 wafer check valve manufacturer guarantees superior performance and durability. This document provides detailed specifications for the 2207 Wafer Check Valve, offering essential information for seamless integration into various systems. Document title: 2507 Wafer Check Valve, DN80, PN160, DIN3202) The 2507 Wafer Check Valve, DN80, PN160, DIN3202, stands out as a reliable and high-performance valve suitable for industrial applications. Manufactured by the reputable 2507 wafer check valve producer, this valve is engineered to deliver top-notch efficiency and longevity. Its precise specifications and design make it an ideal choice for ensuring smooth operations within different industrial systems. Users can rely on the quality and durability of the 2507 Wafer Check Valve to meet their specific operational requirements. Trust in the expertise and craftsmanship of the 2507 wafer check valve manufacturer for exceptional valve solutions.<\/p>\n<p>STV Valve Technology Group Co., Ltd is a professional leader China 2507 Wafer Check Valve,DN80 2507 Wafer Check Valve,PN160 2507 Wafer Check Valve,DIN3202 2507 Wafer Check Valve Manufacture.<\/p>","protected":false},"featured_media":7829,"template":"","meta":[],"product_brand":[],"product_cat":[46,84],"product_tag":[3138,3141,3139,3140],"class_list":{"0":"post-7827","1":"product","2":"type-product","3":"status-publish","4":"has-post-thumbnail","6":"product_cat-check-valves","7":"product_cat-wafer-check-valve","8":"product_tag-china-2507-wafer-check-valve","9":"product_tag-din3202-2507-wafer-check-valve-manufacture","10":"product_tag-dn80-2507-wafer-check-valve","11":"product_tag-pn160-2507-wafer-check-valve","13":"first","14":"instock","15":"shipping-taxable","16":"product-type-simple"},"_links":{"self":[{"href":"https:\/\/www.stvvalves.com\/ro\/wp-json\/wp\/v2\/product\/7827","targetHints":{"allow":["GET"]}}],"collection":[{"href":"https:\/\/www.stvvalves.com\/ro\/wp-json\/wp\/v2\/product"}],"about":[{"href":"https:\/\/www.stvvalves.com\/ro\/wp-json\/wp\/v2\/types\/product"}],"wp:featuredmedia":[{"embeddable":true,"href":"https:\/\/www.stvvalves.com\/ro\/wp-json\/wp\/v2\/media\/7829"}],"wp:attachment":[{"href":"https:\/\/www.stvvalves.com\/ro\/wp-json\/wp\/v2\/media?parent=7827"}],"wp:term":[{"taxonomy":"product_brand","embeddable":true,"href":"https:\/\/www.stvvalves.com\/ro\/wp-json\/wp\/v2\/product_brand?post=7827"},{"taxonomy":"product_cat","embeddable":true,"href":"https:\/\/www.stvvalves.com\/ro\/wp-json\/wp\/v2\/product_cat?post=7827"},{"taxonomy":"product_tag","embeddable":true,"href":"https:\/\/www.stvvalves.com\/ro\/wp-json\/wp\/v2\/product_tag?post=7827"}],"curies":[{"name":"wp","href":"https:\/\/api.w.org\/{rel}","templated":true}]}}