{"id":7834,"date":"2025-02-16T18:01:35","date_gmt":"2025-02-16T10:01:35","guid":{"rendered":"https:\/\/www.stvvalves.com\/?post_type=product&#038;p=7834"},"modified":"2025-02-16T18:07:33","modified_gmt":"2025-02-16T10:07:33","slug":"asme-b1634-basket-type-strainer-astm-a351-cf8-1-inch-150-lb","status":"publish","type":"product","link":"https:\/\/www.stvvalves.com\/ro\/products\/asme-b1634-basket-type-strainer-astm-a351-cf8-1-inch-150-lb\/","title":{"rendered":"ASME B16.34 Basket Type Strainer, ASTM A351 CF8,1 Inch,150 LB"},"content":{"rendered":"<p>ASME B16.34 Basket Type Strainer, ASTM A351 CF8,1 Inch,150 LB<br \/>\nScurta introducere:<br \/>\nFiltrul poate fi utilizat pe toate tipurile de conducte pentru a colecta substan\u021be str\u0103ine granulate \u0219i contaminan\u021bi colecta\u021bi. Poate \u00eembun\u0103t\u0103\u021bi spa\u021biul de joc \u00een mediu \u0219i poate prelungi durata de via\u021b\u0103 a supapelor \u0219i a altor echipamente. Este potrivit pentru ap\u0103, petrol \u0219i abur.<br \/>\nFurniz\u0103m sit\u0103 co\u0219 turnat\u0103 \u0219i sudat\u0103<br \/>\n1) Sizes: 1\/2 \u2013 24\u2033<br \/>\n2) Presiune nominal\u0103: 150lb, 300lb, 600lb<br \/>\n3) Suitable temperature: -196oC \u2013 600oC<br \/>\n4) Mediu potrivit: ap\u0103, gaz, ulei, abur etc.<br \/>\n5) Material caroserie: A106\/WCB, WCC, WC6, WC9, LCB, LCC, SS304\/CF8, SS316\/CF8M, 304L\/CF3, SS316L\/CF3M<br \/>\n6) Ecran: o\u021bel inoxidabil (SS304\/SS316)<br \/>\n7) Termina\u021bi conexiunea: FF, RF, THD, BW<br \/>\n8, Forma de intrare\/ie\u0219ire: Flan\u0219\u0103\/Fir interior\/Fir exterior\/Instalare rapid\u0103<br \/>\n9, Forma de compresie a capacului: \u0219urub\/\u0219urub rapid<br \/>\n10, V\u00e2scozitate adecvat\u0103 (cp): 1-30000<br \/>\n11, Forma co\u0219ului: plas\u0103 de perforare\/ plas\u0103 cu un singur strat\/ plas\u0103 compozit\u0103<\/p>\n<h2>Descriere<\/h2>\n<p>Design: ASME B16.34.<br \/>\nMaterial: ASTM A216 WCB.<br \/>\nDimensiune nominal\u0103: 3 inch.<br \/>\nPresiune nominal\u0103: Clasa 150 LB.<br \/>\nTermina\u021bi conexiunea: RF.<br \/>\nFa\u021b\u0103 \u00een fa\u021b\u0103: ASME B16.10.<br \/>\nTestare \u0219i inspec\u021bie: API 598.<\/p>\n<p>Gam\u0103 de produse:<br \/>\nMaterial corp: o\u021bel carbon, o\u021bel inoxidabil, o\u021bel aliat.<br \/>\nDiametru normal: 1\/2 \u2013 48 inch (DN15 \u2013 DN1200).<br \/>\nConexiune final\u0103: BW, cu flan\u0219\u0103.<br \/>\nInterval de presiune: 150 \u2013 2500 LB (PN16 \u2013 PN420).<br \/>\nTemperatura de lucru: -196\u2103 \u2013 +573\u2103.<\/p>\n<table>\n<tbody>\n<tr>\n<td width=\"200\"><strong>numele produsului<\/strong><\/td>\n<td width=\"481\">ASME B16.34 Basket Type Strainer, ASTM A351 CF8,1 Inch,150 LB<\/td>\n<\/tr>\n<tr>\n<td width=\"200\">1. Material<\/td>\n<td width=\"481\">304<\/td>\n<\/tr>\n<tr>\n<td width=\"200\">2. Dimensiunea<\/td>\n<td width=\"481\">1\u201d<\/td>\n<\/tr>\n<tr>\n<td width=\"200\">4. Port<\/td>\n<td width=\"481\">Port complet<\/td>\n<\/tr>\n<tr>\n<td width=\"200\">5. Presiunea de lucru<\/td>\n<td width=\"481\">150 lb<\/td>\n<\/tr>\n<tr>\n<td width=\"200\">6. Conexiunea se termin\u0103<\/td>\n<td width=\"481\">RF<\/td>\n<\/tr>\n<tr>\n<td width=\"200\">7. Temp. de lucru.<\/td>\n<td width=\"481\">-29~425\u00baC,<\/td>\n<\/tr>\n<tr>\n<td width=\"200\">8. Mediu potrivit<\/td>\n<td width=\"481\">Ap\u0103, gaze naturale, ulei \u0219i ceva lichid coroziv<\/td>\n<\/tr>\n<tr>\n<td width=\"200\">9. Operat<\/td>\n<td width=\"481\">\/<\/td>\n<\/tr>\n<tr>\n<td width=\"200\">10. Inspec\u021bie \u0219i testare<\/td>\n<td width=\"481\">API 598<\/td>\n<\/tr>\n<tr>\n<td width=\"200\"><strong>Expediere<\/strong><\/td>\n<td width=\"481\"><\/td>\n<\/tr>\n<tr>\n<td width=\"200\">Timpul de livrare<\/td>\n<td width=\"481\">30 de zile<\/td>\n<\/tr>\n<tr>\n<td width=\"200\">Pachet<\/td>\n<td width=\"481\">Carcas\u0103 standard de export de placaj<\/td>\n<\/tr>\n<tr>\n<td width=\"200\">Portul de expediere<\/td>\n<td width=\"481\">Ningbo\/Shanghai, China<\/td>\n<\/tr>\n<tr>\n<td width=\"200\">Termeni de livrare<\/td>\n<td width=\"481\">Exw, FOB, CFR, CIF etc.<\/td>\n<\/tr>\n<tr>\n<td width=\"200\">Termeni de plat\u0103<\/td>\n<td width=\"481\">T\/T, Western Union, PayPal etc.<\/td>\n<\/tr>\n<tr>\n<td width=\"200\"><\/td>\n<td width=\"481\">Plat\u0103 anticipat\u0103 30%, sold 70% pl\u0103tit \u00eenainte de expediere<\/td>\n<\/tr>\n<tr>\n<td width=\"200\">\u021aara de origine<\/td>\n<td width=\"481\">Ora\u0219ul Wenzhou, China<\/td>\n<\/tr>\n<tr>\n<td width=\"200\">Capacitatea de produc\u021bie<\/td>\n<td width=\"481\">6000 tone\/an<\/td>\n<\/tr>\n<tr>\n<td width=\"200\">MOQ<\/td>\n<td width=\"481\">1 buc\/dimensiune<\/td>\n<\/tr>\n<\/tbody>\n<\/table>\n<p>&nbsp;<\/p>","protected":false},"excerpt":{"rendered":"<p>STV Valve Technology Group Co., Ltd is a professional leader China ASME B16.34 Basket Type Strainer, CF8 Body Basket Strainer,304 Screen Basket Strainer,40 mesch Basket Strainer. RF Basket Strainer, Flanged Basket Strainer,1 Inch Basket Strainer,150 LB Basket Strainer Manufacturer with high quality and competitive price.<\/p>\n<p>&nbsp;<\/p>","protected":false},"featured_media":7835,"template":"","meta":[],"product_brand":[],"product_cat":[85,48],"product_tag":[3148,3149,1774,1775,1773,3146,3147],"class_list":{"0":"post-7834","1":"product","2":"type-product","3":"status-publish","4":"has-post-thumbnail","6":"product_cat-stainless-steel-y-type-strainer","7":"product_cat-y-strainer","8":"product_tag-1-inch-basket-strainer","9":"product_tag-150-lb-basket-strainer-manufacturer","10":"product_tag-304-screen-basket-strainer","11":"product_tag-40-mesch-basket-strainer-rf-basket-strainer","12":"product_tag-cf8-body-basket-strainer","13":"product_tag-china-asme-b16-34-basket-type-strainer","14":"product_tag-flanged-basket-strainer","16":"first","17":"instock","18":"shipping-taxable","19":"product-type-simple"},"_links":{"self":[{"href":"https:\/\/www.stvvalves.com\/ro\/wp-json\/wp\/v2\/product\/7834","targetHints":{"allow":["GET"]}}],"collection":[{"href":"https:\/\/www.stvvalves.com\/ro\/wp-json\/wp\/v2\/product"}],"about":[{"href":"https:\/\/www.stvvalves.com\/ro\/wp-json\/wp\/v2\/types\/product"}],"wp:featuredmedia":[{"embeddable":true,"href":"https:\/\/www.stvvalves.com\/ro\/wp-json\/wp\/v2\/media\/7835"}],"wp:attachment":[{"href":"https:\/\/www.stvvalves.com\/ro\/wp-json\/wp\/v2\/media?parent=7834"}],"wp:term":[{"taxonomy":"product_brand","embeddable":true,"href":"https:\/\/www.stvvalves.com\/ro\/wp-json\/wp\/v2\/product_brand?post=7834"},{"taxonomy":"product_cat","embeddable":true,"href":"https:\/\/www.stvvalves.com\/ro\/wp-json\/wp\/v2\/product_cat?post=7834"},{"taxonomy":"product_tag","embeddable":true,"href":"https:\/\/www.stvvalves.com\/ro\/wp-json\/wp\/v2\/product_tag?post=7834"}],"curies":[{"name":"wp","href":"https:\/\/api.w.org\/{rel}","templated":true}]}}