{"id":7838,"date":"2025-02-16T18:33:44","date_gmt":"2025-02-16T10:33:44","guid":{"rendered":"https:\/\/www.stvvalves.com\/?post_type=product&#038;p=7838"},"modified":"2025-09-05T10:08:23","modified_gmt":"2025-09-05T02:08:23","slug":"3-inch-gate-valve-astm-a105n-1500-lb-bw-end","status":"publish","type":"product","link":"https:\/\/www.stvvalves.com\/ro\/products\/3-inch-gate-valve-astm-a105n-1500-lb-bw-end\/","title":{"rendered":"3 Inch Gate Valve,ASTM A105N,1500 LB,BW END"},"content":{"rendered":"<h2>3 Inch Gate Valve,ASTM A105N,1500 LB,BW END<\/h2>\n<p>Design and manufacture conform to BS 5352,API602<\/p>\n<p>Capetele de conectare sunt conforme cu:<\/p>\n<p>1. Capetele sudate cu muf\u0103 sunt conforme cu ANSI B16.11<\/p>\n<p>2. Capetele \u0219uruburilor sunt conforme cu ANSI B1.20.1<\/p>\n<p>3..Capetele sudate cap la cap sunt conforme cu ANSI B16.25<\/p>\n<p>Testarea \u0219i inspec\u021bia sunt conforme cu: API 598<\/p>\n<p>1) Informa\u021bii despre produs: supapele furnizate sunt utilizate \u00een principal pentru ap\u0103, aer, ulei, gaz<br \/>\n2) Tip de conexiune: tip flan\u0219, tip de sudare cu priz\u0103, tip de sudare cap la cap, tip \u0219urub<br \/>\n3) Material:<br \/>\na) Caroseria: A105, LF2, F11, F22, F304, F316, F304L, F316L<br \/>\nb) Disc: A105, LF2, F11, F22, F304, F316, F304L, F316L<br \/>\nc) Tij\u0103: F6a, F11, F22, F304, F316, F304L, F316L<br \/>\nd) Capota: A105, LF2, F11, F22, F304, F316, F304L, F316L<br \/>\n4) Dimensiune: 15-50mm\/1\/2\u2033 \u2013 2\u2033<br \/>\n5) Gradul de presiune: PN16~PN100, 150Lb~2500Lb<br \/>\n6) Acoperire: Acoperire conform cerin\u021belor clien\u021bilor<br \/>\n7) Pachet: Cutii de lemn<\/p>\n<table>\n<tbody>\n<tr>\n<td width=\"200\"><strong><b>numele produsului<\/b><\/strong><\/td>\n<td width=\"481\">3 Inch Gate Valve,ASTM A105N,1500 LB,BW END<\/td>\n<\/tr>\n<tr>\n<td width=\"200\">1. Material<\/td>\n<td width=\"481\">A105N<\/td>\n<\/tr>\n<tr>\n<td width=\"200\">2. Dimensiunea<\/td>\n<td width=\"481\">3\u201d<\/td>\n<\/tr>\n<tr>\n<td width=\"200\">4. Port<\/td>\n<td width=\"481\">Port reductor<\/td>\n<\/tr>\n<tr>\n<td width=\"200\">5. Presiunea de lucru<\/td>\n<td width=\"481\">1500 LB<\/td>\n<\/tr>\n<tr>\n<td width=\"200\">6. Conexiunea se termin\u0103<\/td>\n<td width=\"481\">BW<\/td>\n<\/tr>\n<tr>\n<td width=\"200\">7. Temp. de lucru.<\/td>\n<td width=\"481\">-29~425\u00baC,<\/td>\n<\/tr>\n<tr>\n<td width=\"200\">8. Mediu potrivit<\/td>\n<td width=\"481\">Ap\u0103, gaze naturale, ulei \u0219i ceva lichid coroziv<\/td>\n<\/tr>\n<tr>\n<td width=\"200\">9. Operat<\/td>\n<td width=\"481\">Roat\u0103 de m\u00e2n\u0103<\/td>\n<\/tr>\n<tr>\n<td width=\"200\">10. Inspec\u021bie \u0219i testare<\/td>\n<td width=\"481\">Conform API 598<\/td>\n<\/tr>\n<tr>\n<td width=\"200\"><strong><b>Expediere<\/b><\/strong><\/td>\n<td width=\"481\"><\/td>\n<\/tr>\n<tr>\n<td width=\"200\">Timpul de livrare<\/td>\n<td width=\"481\">30 de zile<\/td>\n<\/tr>\n<tr>\n<td width=\"200\">Pachet<\/td>\n<td width=\"481\">Carcas\u0103 standard de export de placaj<\/td>\n<\/tr>\n<tr>\n<td width=\"200\">Portul de expediere<\/td>\n<td width=\"481\">Ningbo\/Shanghai, China<\/td>\n<\/tr>\n<tr>\n<td width=\"200\">Termeni de livrare<\/td>\n<td width=\"481\">Exw, FOB, CFR, CIF etc.<\/td>\n<\/tr>\n<tr>\n<td width=\"200\">Termeni de plat\u0103<\/td>\n<td width=\"481\">T\/T, Western Union, PayPal etc.<\/td>\n<\/tr>\n<tr>\n<td width=\"200\"><\/td>\n<td width=\"481\">Plat\u0103 anticipat\u0103 30%, sold 70% pl\u0103tit \u00eenainte de expediere<\/td>\n<\/tr>\n<tr>\n<td width=\"200\">\u021aara de origine<\/td>\n<td width=\"481\">Ora\u0219ul Wenzhou, China<\/td>\n<\/tr>\n<tr>\n<td width=\"200\">Capacitatea de produc\u021bie<\/td>\n<td width=\"481\">6000 tone\/an<\/td>\n<\/tr>\n<tr>\n<td width=\"200\">MOQ<\/td>\n<td width=\"481\">10 buc\/dimensiune<\/td>\n<\/tr>\n<\/tbody>\n<\/table>","protected":false},"excerpt":{"rendered":"<p>STV Valve Technology Group Co., Ltd is a professional leader China 3 Inch Gate Valve, 1500Lb3 Inch Gate Valve,Pressure Seal Bonnet 3 Inch Gate Valve,ASTM A105N 3 Inch Gate Valve,Forged Steel Pressure Seal Bonnet Gate valve,China API 602 3 Inch Gate Valve Manufacturer with high quality and competitive price.<\/p>\n<p>&nbsp;<\/p>","protected":false},"featured_media":7839,"template":"","meta":[],"product_brand":[],"product_cat":[59,44],"product_tag":[3168,3170,3167,3171,661,3169],"class_list":{"0":"post-7838","1":"product","2":"type-product","3":"status-publish","4":"has-post-thumbnail","6":"product_cat-forged-steel-gate-valve","7":"product_cat-gate-valve","8":"product_tag-1500lb3-inch-gate-valve","9":"product_tag-astm-a105n-3-inch-gate-valve","10":"product_tag-china-3-inch-gate-valve","11":"product_tag-china-api-602-3-inch-gate-valve-manufacturer","12":"product_tag-forged-steel-pressure-seal-bonnet-gate-valve","13":"product_tag-pressure-seal-bonnet-3-inch-gate-valve","15":"first","16":"instock","17":"featured","18":"shipping-taxable","19":"product-type-simple"},"_links":{"self":[{"href":"https:\/\/www.stvvalves.com\/ro\/wp-json\/wp\/v2\/product\/7838","targetHints":{"allow":["GET"]}}],"collection":[{"href":"https:\/\/www.stvvalves.com\/ro\/wp-json\/wp\/v2\/product"}],"about":[{"href":"https:\/\/www.stvvalves.com\/ro\/wp-json\/wp\/v2\/types\/product"}],"wp:featuredmedia":[{"embeddable":true,"href":"https:\/\/www.stvvalves.com\/ro\/wp-json\/wp\/v2\/media\/7839"}],"wp:attachment":[{"href":"https:\/\/www.stvvalves.com\/ro\/wp-json\/wp\/v2\/media?parent=7838"}],"wp:term":[{"taxonomy":"product_brand","embeddable":true,"href":"https:\/\/www.stvvalves.com\/ro\/wp-json\/wp\/v2\/product_brand?post=7838"},{"taxonomy":"product_cat","embeddable":true,"href":"https:\/\/www.stvvalves.com\/ro\/wp-json\/wp\/v2\/product_cat?post=7838"},{"taxonomy":"product_tag","embeddable":true,"href":"https:\/\/www.stvvalves.com\/ro\/wp-json\/wp\/v2\/product_tag?post=7838"}],"curies":[{"name":"wp","href":"https:\/\/api.w.org\/{rel}","templated":true}]}}