{"id":7881,"date":"2025-02-19T16:41:23","date_gmt":"2025-02-19T08:41:23","guid":{"rendered":"https:\/\/www.stvvalves.com\/?post_type=product&#038;p=7881"},"modified":"2025-02-19T16:41:42","modified_gmt":"2025-02-19T08:41:42","slug":"lcc-swing-check-valve-150lb-3-inch-rf-end","status":"publish","type":"product","link":"https:\/\/www.stvvalves.com\/ro\/products\/lcc-swing-check-valve-150lb-3-inch-rf-end\/","title":{"rendered":"LCC Swing Check Valve,150LB,3 Inch,RF End"},"content":{"rendered":"<p>Proiectare \u0219i fabrica\u021bie: supap\u0103 de re\u021binere din o\u021bel turnat conform BS 1868, ASME B16.34, API 6D<\/p>\n<p>Inspec\u021bie \u0219i testare: API598, API600 sau API 6D<\/p>\n<p>Dimensiunea flan\u0219ei de cap\u0103t: ASME B16.5 (pentru NPS\u226424, ASME B 16.47 seria B, API 605, ASME B16.47 A Series, MSS SP-44 (pentru NPS\uff1e24)<\/p>\n<p>Dimensiune final\u0103 BW: ASME B16.25<\/p>\n<p>Fa\u021b\u0103 \u00een fa\u021b\u0103 \u0219i cap\u0103t la cap\u0103t: ASME B16.10<\/p>\n<p>Evalu\u0103ri presiune-temperatura: ASME B16.34<\/p>\n<p>Dimensiunea grosimii peretelui: API 600, BS 1868<\/p>\n<p>Gam\u0103 de produse<\/p>\n<p>Body material: WCB, LCB, LCC, CF8, CF8M, CF3, CF3M, , LCB, WC6, WC9, C12, C5<\/p>\n<p>Diametru nominal: 1\/2\u2033~48\u2033(DN15~DN1200)<\/p>\n<p>Termina\u021bi conexiunea: RF,RTJ, BW<\/p>\n<p>Interval de presiune: Class150~2500(PN16~PN420)<\/p>\n<p>Temperatura de lucru: -196\u2103~+560\u2103<\/p>\n<p>&nbsp;<\/p>\n<table width=\"751\">\n<tbody>\n<tr>\n<td>Numele produsului:<\/td>\n<td>LCC Swing Check Valve,150LB,3 Inch,RF End<\/td>\n<\/tr>\n<tr>\n<td>1.Material:<\/td>\n<td>LCC<\/td>\n<\/tr>\n<tr>\n<td>2. Dimensiune:<\/td>\n<td>3\u2033<\/td>\n<\/tr>\n<tr>\n<td>3.Port:<\/td>\n<td>DEPLIN<\/td>\n<\/tr>\n<tr>\n<td>4. Temperatura de lucru:<\/td>\n<td>-29 \u00b0C-340 \u00b0C<\/td>\n<\/tr>\n<tr>\n<td>5. Sf\u00e2r\u0219itul conexiunii:<\/td>\n<td>RF<\/td>\n<\/tr>\n<tr>\n<td>6. Presiune de lucru:<\/td>\n<td>150 lb<\/td>\n<\/tr>\n<tr>\n<td>7. Mediu potrivit:<\/td>\n<td>Ap\u0103, gaze naturale, ulei \u0219i ceva lichid coroziv<\/td>\n<\/tr>\n<tr>\n<td>8. Operat:<\/td>\n<td>\/<\/td>\n<\/tr>\n<tr>\n<td>9. Inspec\u021bie \u0219i testare<\/td>\n<td>Conform API 598<\/td>\n<\/tr>\n<tr>\n<td>Certificat:<\/td>\n<td>ISO, CE\/API 6D<\/td>\n<\/tr>\n<tr>\n<td><strong>Expediere<\/strong><\/td>\n<td><\/td>\n<\/tr>\n<tr>\n<td>Timpul de livrare<\/td>\n<td>30 de zile<\/td>\n<\/tr>\n<tr>\n<td>Pachet<\/td>\n<td>Carcas\u0103 standard de export de placaj<\/td>\n<\/tr>\n<tr>\n<td>Portul de expediere<\/td>\n<td>Ningbo\/Shanghai, China<\/td>\n<\/tr>\n<tr>\n<td>Termeni de livrare<\/td>\n<td>Exw, FOB, CFR, CIF etc.<\/td>\n<\/tr>\n<tr>\n<td>Termeni de plat\u0103<\/td>\n<td>T\/T, Western Union, PayPal etc.<\/td>\n<\/tr>\n<tr>\n<td><\/td>\n<td>Plat\u0103 anticipat\u0103 30%, sold 70% pl\u0103tit \u00eenainte de expediere<\/td>\n<\/tr>\n<tr>\n<td>\u021aara de origine<\/td>\n<td>Ora\u0219ul Wenzhou, China<\/td>\n<\/tr>\n<tr>\n<td>Capacitatea de produc\u021bie<\/td>\n<td>6000 tone\/an<\/td>\n<\/tr>\n<tr>\n<td>MOQ<\/td>\n<td>10 buc\/dimensiune<\/td>\n<\/tr>\n<\/tbody>\n<\/table>","protected":false},"excerpt":{"rendered":"<p>STV Valve Technology Group Co., Ltd is China LCC Swing Check Valve, BS 1868 LCC Swing Check Valve,3 Inch LCC Swing Check Valve,150LB LCC Swing Check Valve,Raised Face LCC Swing Check Valve, A352 LCC Swing Check Valve,Flange End LCC Swing Check Valve manufacturer with high quality and low price<\/p>\n<p>&nbsp;<\/p>","protected":false},"featured_media":7883,"template":"","meta":[],"product_brand":[],"product_cat":[83,46],"product_tag":[3190,3189,3192,3188,3187,3193,3191],"class_list":{"0":"post-7881","1":"product","2":"type-product","3":"status-publish","4":"has-post-thumbnail","6":"product_cat-cast-steel-check-valve","7":"product_cat-check-valves","8":"product_tag-150lb-lcc-swing-check-valve","9":"product_tag-3-inch-lcc-swing-check-valve","10":"product_tag-a352-lcc-swing-check-valve","11":"product_tag-bs-1868-lcc-swing-check-valve","12":"product_tag-china-lcc-swing-check-valve","13":"product_tag-flange-end-lcc-swing-check-valve-manufacturer","14":"product_tag-raised-face-lcc-swing-check-valve","16":"first","17":"instock","18":"shipping-taxable","19":"product-type-simple"},"_links":{"self":[{"href":"https:\/\/www.stvvalves.com\/ro\/wp-json\/wp\/v2\/product\/7881","targetHints":{"allow":["GET"]}}],"collection":[{"href":"https:\/\/www.stvvalves.com\/ro\/wp-json\/wp\/v2\/product"}],"about":[{"href":"https:\/\/www.stvvalves.com\/ro\/wp-json\/wp\/v2\/types\/product"}],"wp:featuredmedia":[{"embeddable":true,"href":"https:\/\/www.stvvalves.com\/ro\/wp-json\/wp\/v2\/media\/7883"}],"wp:attachment":[{"href":"https:\/\/www.stvvalves.com\/ro\/wp-json\/wp\/v2\/media?parent=7881"}],"wp:term":[{"taxonomy":"product_brand","embeddable":true,"href":"https:\/\/www.stvvalves.com\/ro\/wp-json\/wp\/v2\/product_brand?post=7881"},{"taxonomy":"product_cat","embeddable":true,"href":"https:\/\/www.stvvalves.com\/ro\/wp-json\/wp\/v2\/product_cat?post=7881"},{"taxonomy":"product_tag","embeddable":true,"href":"https:\/\/www.stvvalves.com\/ro\/wp-json\/wp\/v2\/product_tag?post=7881"}],"curies":[{"name":"wp","href":"https:\/\/api.w.org\/{rel}","templated":true}]}}