{"id":7913,"date":"2025-02-23T14:58:40","date_gmt":"2025-02-23T06:58:40","guid":{"rendered":"https:\/\/www.stvvalves.com\/?post_type=product&#038;p=7913"},"modified":"2025-02-23T15:07:10","modified_gmt":"2025-02-23T07:07:10","slug":"a217-wc1-wedge-gate-valve-dn1000-pn25-din-3352","status":"publish","type":"product","link":"https:\/\/www.stvvalves.com\/ro\/products\/a217-wc1-wedge-gate-valve-dn1000-pn25-din-3352\/","title":{"rendered":"A217 WC1 Wedge Gate Valve,DN1000,PN25,DIN 3352"},"content":{"rendered":"<p>A217 WC1 Wedge Gate Valve,DN1000,PN25,DIN 3352<\/p>\n<p>OS&amp;Y, tulpin\u0103 \u00een sus, pan\u0103 flexibil\u0103<br \/>\nCapot\u0103 cu \u0219uruburi, inel de scaun filetat sau sudat<br \/>\nMaterial:ASTM A216 WCB, ASTM A216 WCC, ASTM A217 WC6, ASTM A217 WC9,<br \/>\nASTM A217 C5, ASTM A217 C12A, ASTM A352 LCB, ASTM A352 LCC<br \/>\nASTM A351 CF8, ASTM A351 CF8M, ASTM A351 CF3M, ASTM A351 CF8C<br \/>\nCN3MN, CK3MCUN, CN7M, ASTM A890 4A (CD3MN), ASTM A890 5A (CE3MN),<br \/>\nASTM A890 6A (CD3MWCuN)<br \/>\nASTM B148 C95800, ASTM B148 C95500<\/p>\n<p>Conformitatea standardelor<br \/>\nSize range: DN50 &#8211; DN1500.<br \/>\nDesign pressure:\u00a0 PN10 &#8211; PN420.<br \/>\nDesign standard:EN 1984, DIN 3352.<br \/>\nDesign temp.: -196\u2103 &#8211; 573\u2103.<br \/>\nOperation: Hand wheel, gearbox, electric<br \/>\nApplication: electric power, petroleum refining, petrochemical engineering, offshore oil, chemical engineering<\/p>\n<table>\n<tbody>\n<tr>\n<td width=\"200\"><strong>numele produsului<\/strong><\/td>\n<td width=\"481\">A217 WC1 Wedge Gate Valve,DN1000,PN25,DIN 3352<\/td>\n<\/tr>\n<tr>\n<td width=\"200\">1. Material<\/td>\n<td width=\"481\">WC1<\/td>\n<\/tr>\n<tr>\n<td width=\"200\">2. Dimensiunea<\/td>\n<td width=\"481\">40\u201d<\/td>\n<\/tr>\n<tr>\n<td width=\"200\">4. Port<\/td>\n<td width=\"481\">Port complet<\/td>\n<\/tr>\n<tr>\n<td width=\"200\">5. Presiunea de lucru<\/td>\n<td width=\"481\">PN25<\/td>\n<\/tr>\n<tr>\n<td width=\"200\">6. Conexiunea se termin\u0103<\/td>\n<td width=\"481\">RF<\/td>\n<\/tr>\n<tr>\n<td width=\"200\">7. Temp. de lucru.<\/td>\n<td width=\"481\">-29~570\u00baC,<\/td>\n<\/tr>\n<tr>\n<td width=\"200\">8. Mediu potrivit<\/td>\n<td width=\"481\">Ap\u0103, gaze naturale, ulei \u0219i ceva lichid coroziv<\/td>\n<\/tr>\n<tr>\n<td width=\"200\">9. Operat<\/td>\n<td width=\"481\">Roat\u0103 de m\u00e2n\u0103<\/td>\n<\/tr>\n<tr>\n<td width=\"200\">10. Inspec\u021bie \u0219i testare<\/td>\n<td width=\"481\">Conform API598<\/td>\n<\/tr>\n<tr>\n<td width=\"200\"><strong>Expediere<\/strong><\/td>\n<td width=\"481\"><\/td>\n<\/tr>\n<tr>\n<td width=\"200\">Timpul de livrare<\/td>\n<td width=\"481\">30 de zile<\/td>\n<\/tr>\n<tr>\n<td width=\"200\">Pachet<\/td>\n<td width=\"481\">Carcas\u0103 standard de export de placaj<\/td>\n<\/tr>\n<tr>\n<td width=\"200\">Portul de expediere<\/td>\n<td width=\"481\">Ningbo\/Shanghai, China<\/td>\n<\/tr>\n<tr>\n<td width=\"200\">Termeni de livrare<\/td>\n<td width=\"481\">Exw, FOB, CFR, CIF etc.<\/td>\n<\/tr>\n<tr>\n<td width=\"200\">Termeni de plat\u0103<\/td>\n<td width=\"481\">T\/T, Western Union, PayPal etc.<\/td>\n<\/tr>\n<tr>\n<td width=\"200\"><\/td>\n<td width=\"481\">Plat\u0103 anticipat\u0103 30%, sold 70% pl\u0103tit \u00eenainte de expediere<\/td>\n<\/tr>\n<tr>\n<td width=\"200\">\u021aara de origine<\/td>\n<td width=\"481\">Ora\u0219ul Wenzhou, China<\/td>\n<\/tr>\n<tr>\n<td width=\"200\">Capacitatea de produc\u021bie<\/td>\n<td width=\"481\">6000 tone\/an<\/td>\n<\/tr>\n<tr>\n<td width=\"200\">MOQ<\/td>\n<td width=\"481\">1 buc\/dimensiune<\/td>\n<\/tr>\n<\/tbody>\n<\/table>","protected":false},"excerpt":{"rendered":"<p>Model:STV-Z541Y-PN25-DN1000-WC1<\/p>\n<p>STV Valve Technology Group Co., Ltd is a professional leader China A217 WC1 Wedge Gate Valve,DN1000 A217 WC1 Wedge Gate Valve,PN25 A217 WC1 Wedge Gate Valve,DIN3202 A217 WC1 Wedge Gate Valve, EN1984 A217 WC1 Wedge Gate Valve,Big Size WC1 Gate Valve Manufacturer with high quality and competitive price.<\/p>\n<p>&nbsp;<\/p>\n<p>&nbsp;<\/p>\n<p>&nbsp;<\/p>","protected":false},"featured_media":7914,"template":"","meta":[],"product_brand":[],"product_cat":[58,44],"product_tag":[3252,3247,3250,3248,3251,3249],"class_list":{"0":"post-7913","1":"product","2":"type-product","3":"status-publish","4":"has-post-thumbnail","6":"product_cat-cast-steel-gate-valve","7":"product_cat-gate-valve","8":"product_tag-big-size-wc1-gate-valve-manufacturer","9":"product_tag-china-a217-wc1-wedge-gate-valve","10":"product_tag-din3202-a217-wc1-wedge-gate-valve","11":"product_tag-dn1000-a217-wc1-wedge-gate-valve","12":"product_tag-en1984-a217-wc1-wedge-gate-valve","13":"product_tag-pn25-a217-wc1-wedge-gate-valve","15":"first","16":"instock","17":"shipping-taxable","18":"product-type-simple"},"_links":{"self":[{"href":"https:\/\/www.stvvalves.com\/ro\/wp-json\/wp\/v2\/product\/7913","targetHints":{"allow":["GET"]}}],"collection":[{"href":"https:\/\/www.stvvalves.com\/ro\/wp-json\/wp\/v2\/product"}],"about":[{"href":"https:\/\/www.stvvalves.com\/ro\/wp-json\/wp\/v2\/types\/product"}],"wp:featuredmedia":[{"embeddable":true,"href":"https:\/\/www.stvvalves.com\/ro\/wp-json\/wp\/v2\/media\/7914"}],"wp:attachment":[{"href":"https:\/\/www.stvvalves.com\/ro\/wp-json\/wp\/v2\/media?parent=7913"}],"wp:term":[{"taxonomy":"product_brand","embeddable":true,"href":"https:\/\/www.stvvalves.com\/ro\/wp-json\/wp\/v2\/product_brand?post=7913"},{"taxonomy":"product_cat","embeddable":true,"href":"https:\/\/www.stvvalves.com\/ro\/wp-json\/wp\/v2\/product_cat?post=7913"},{"taxonomy":"product_tag","embeddable":true,"href":"https:\/\/www.stvvalves.com\/ro\/wp-json\/wp\/v2\/product_tag?post=7913"}],"curies":[{"name":"wp","href":"https:\/\/api.w.org\/{rel}","templated":true}]}}