{"id":7917,"date":"2025-02-23T15:21:15","date_gmt":"2025-02-23T07:21:15","guid":{"rendered":"https:\/\/www.stvvalves.com\/?post_type=product&#038;p=7917"},"modified":"2025-02-23T15:26:38","modified_gmt":"2025-02-23T07:26:38","slug":"din-3356-wcb-globe-valve-pn16-dn150-rf-end","status":"publish","type":"product","link":"https:\/\/www.stvvalves.com\/ro\/products\/din-3356-wcb-globe-valve-pn16-dn150-rf-end\/","title":{"rendered":"DIN 3356 WCB Globe Valve,PN16, DN150, RF End"},"content":{"rendered":"<p>Conexiuni: cu flan\u0219e, filetate, sudate prin muf\u0103, sudur\u0103 cap la cap<\/p>\n<p>Presiune nominal\u0103: PN 1,0 p\u00e2n\u0103 la 25 Mpa, clasa 150 p\u00e2n\u0103 la 2500<\/p>\n<p>Dimensiune: DN15 p\u00e2n\u0103 la 200 mm, NPS 1\/4\u2033 p\u00e2n\u0103 la 20\u2033<\/p>\n<p>Temperatura: de la -198\u00b0c la +450\u00b0c<\/p>\n<p>Design and Manufacture:\u00a0 DIN 3356<\/p>\n<p>Face to face (end to end): , EN 558, DIN 3202<\/p>\n<p>Conexiune cu flan\u0219\u0103: 2\u2033 la 24\u2033, ANSI B16.5, 26\u2033 la 36\u2033, MSS-SP-44 la API605<\/p>\n<p>Test and inspection:DIN 3230<\/p>\n<p>Capat sudat cap la cap: ANSI B16.5<\/p>\n<p><strong>Piese \u0219i materiale:<\/strong><\/p>\n<p>Corp: titan TA1, TA2, TA10, TC4, GR2, GR3, GR5, o\u021bel inoxidabil duplex, o\u021bel inoxidabil super duplex, aliaj<\/p>\n<p>20, CN7M, Hastelloy, o\u021bel carbon, WC6, WC9, C5, C12, LCB, CF3M<\/p>\n<p>Capota, poarta: otel inoxidabil duplex, otel inoxidabil super duplex, aliaj 20, CN7M, Hastelloy, otel carbon, WC6,<\/p>\n<p>WC9, C5, C12, LCB, CF3M, Titan TA1, TA2, TA10, TC4, GR2, GR3, GR5<\/p>\n<p>Trim: Incoloy 800, Incoloy 800H, Incoloy 825, SS304, SS316, SS304L, SS316L, 13%Cr.Steel, Stellit, Hastelloy,<\/p>\n<p>Aliaj 20, o\u021bel inoxidabil duplex, o\u021bel inoxidabil super duplex<\/p>\n<p>Garnitur\u0103 de garnitur\u0103: Grafit, PTFE<\/p>\n<p>Conexiuni de cap\u0103t: cu flan\u0219\u0103, sudur\u0103 prin mu\u0219ca, sudur\u0103 cap<\/p>\n<p>Opera\u021bii: ac\u021bionat cu roat\u0103 de m\u00e2n\u0103, ac\u021bionat electric, ac\u021bionat pneumatic<\/p>\n<table>\n<tbody>\n<tr>\n<td width=\"200\"><strong>numele produsului<\/strong><\/td>\n<td width=\"481\">DIN 3356 WCB Globe Valve,PN16, DN150, RF End<\/td>\n<\/tr>\n<tr>\n<td width=\"200\">1. Material<\/td>\n<td width=\"481\">WCB<\/td>\n<\/tr>\n<tr>\n<td width=\"200\">2. Dimensiunea<\/td>\n<td width=\"481\">6\u201d<\/td>\n<\/tr>\n<tr>\n<td width=\"200\">4. Port<\/td>\n<td width=\"481\">Port complet<\/td>\n<\/tr>\n<tr>\n<td width=\"200\">5. Presiunea de lucru<\/td>\n<td width=\"481\">PN16<\/td>\n<\/tr>\n<tr>\n<td width=\"200\">6. Conexiunea se termin\u0103<\/td>\n<td width=\"481\">RF<\/td>\n<\/tr>\n<tr>\n<td width=\"200\">7. Temp. de lucru.<\/td>\n<td width=\"481\">-29~425\u00baC,<\/td>\n<\/tr>\n<tr>\n<td width=\"200\">8. Mediu potrivit<\/td>\n<td width=\"481\">Ap\u0103, gaze naturale, ulei \u0219i ceva lichid coroziv<\/td>\n<\/tr>\n<tr>\n<td width=\"200\">9. Operat<\/td>\n<td width=\"481\">Roat\u0103 de m\u00e2n\u0103<\/td>\n<\/tr>\n<tr>\n<td width=\"200\">10. Inspec\u021bie \u0219i testare<\/td>\n<td width=\"481\">Conform API598<\/td>\n<\/tr>\n<tr>\n<td width=\"200\"><strong>Expediere<\/strong><\/td>\n<td width=\"481\"><\/td>\n<\/tr>\n<tr>\n<td width=\"200\">Timpul de livrare<\/td>\n<td width=\"481\">30 de zile<\/td>\n<\/tr>\n<tr>\n<td width=\"200\">Pachet<\/td>\n<td width=\"481\">Carcas\u0103 standard de export de placaj<\/td>\n<\/tr>\n<tr>\n<td width=\"200\">Portul de expediere<\/td>\n<td width=\"481\">Ningbo\/Shanghai, China<\/td>\n<\/tr>\n<tr>\n<td width=\"200\">Termeni de livrare<\/td>\n<td width=\"481\">Exw, FOB, CFR, CIF etc.<\/td>\n<\/tr>\n<tr>\n<td width=\"200\">Termeni de plat\u0103<\/td>\n<td width=\"481\">T\/T, Western Union, PayPal etc.<\/td>\n<\/tr>\n<tr>\n<td width=\"200\"><\/td>\n<td width=\"481\">Plat\u0103 anticipat\u0103 30%, sold 70% pl\u0103tit \u00eenainte de expediere<\/td>\n<\/tr>\n<tr>\n<td width=\"200\">\u021aara de origine<\/td>\n<td width=\"481\">Ora\u0219ul Wenzhou, China<\/td>\n<\/tr>\n<tr>\n<td width=\"200\">Capacitatea de produc\u021bie<\/td>\n<td width=\"481\">6000 tone\/an<\/td>\n<\/tr>\n<tr>\n<td width=\"200\">MOQ<\/td>\n<td width=\"481\">1 buc\/dimensiune<\/td>\n<\/tr>\n<\/tbody>\n<\/table>","protected":false},"excerpt":{"rendered":"<p>Model:STV-J41H-PN16-16\u2033-WCB<\/p>\n<p>STV Valve Technology Group Co., Ltd is a professional leader China DIN 3356 WCB Globe Valve,Bolted Bonnet\u00a0 Globe Valves,DN150 Globe Valves,Flanged RF Ends angle Globe Valves,WCB angle globe valve, globe valve Manufacturer with high quality and competitive price.<\/p>\n<p>&nbsp;<\/p>","protected":false},"featured_media":7918,"template":"","meta":[],"product_brand":[],"product_cat":[63,45],"product_tag":[946,3260,3261,2691,3262,2692],"class_list":{"0":"post-7917","1":"product","2":"type-product","3":"status-publish","4":"has-post-thumbnail","6":"product_cat-cast-steel-globe-valve","7":"product_cat-globe-valve","8":"product_tag-bolted-bonnet-globe-valves","9":"product_tag-china-din-3356-wcb-globe-valve","10":"product_tag-dn150-globe-valves","11":"product_tag-flanged-rf-ends-angle-globe-valves","12":"product_tag-globe-valve-manufacturer","13":"product_tag-wcb-angle-globe-valve","15":"first","16":"instock","17":"shipping-taxable","18":"product-type-simple"},"_links":{"self":[{"href":"https:\/\/www.stvvalves.com\/ro\/wp-json\/wp\/v2\/product\/7917","targetHints":{"allow":["GET"]}}],"collection":[{"href":"https:\/\/www.stvvalves.com\/ro\/wp-json\/wp\/v2\/product"}],"about":[{"href":"https:\/\/www.stvvalves.com\/ro\/wp-json\/wp\/v2\/types\/product"}],"wp:featuredmedia":[{"embeddable":true,"href":"https:\/\/www.stvvalves.com\/ro\/wp-json\/wp\/v2\/media\/7918"}],"wp:attachment":[{"href":"https:\/\/www.stvvalves.com\/ro\/wp-json\/wp\/v2\/media?parent=7917"}],"wp:term":[{"taxonomy":"product_brand","embeddable":true,"href":"https:\/\/www.stvvalves.com\/ro\/wp-json\/wp\/v2\/product_brand?post=7917"},{"taxonomy":"product_cat","embeddable":true,"href":"https:\/\/www.stvvalves.com\/ro\/wp-json\/wp\/v2\/product_cat?post=7917"},{"taxonomy":"product_tag","embeddable":true,"href":"https:\/\/www.stvvalves.com\/ro\/wp-json\/wp\/v2\/product_tag?post=7917"}],"curies":[{"name":"wp","href":"https:\/\/api.w.org\/{rel}","templated":true}]}}