{"id":7936,"date":"2025-02-27T14:15:42","date_gmt":"2025-02-27T06:15:42","guid":{"rendered":"https:\/\/www.stvvalves.com\/?post_type=product&#038;p=7936"},"modified":"2025-02-27T14:22:52","modified_gmt":"2025-02-27T06:22:52","slug":"flanged-wedge-gate-valve-dn400-pn16-wcb-en-12516","status":"publish","type":"product","link":"https:\/\/www.stvvalves.com\/ro\/products\/flanged-wedge-gate-valve-dn400-pn16-wcb-en-12516\/","title":{"rendered":"Flanged Wedge Gate Valve,DN400 ,PN16,WCB, EN 12516"},"content":{"rendered":"<p>Flanged Wedge Gate Valve,DN400 ,PN16,WCB, EN 12516<\/p>\n<p>OS&amp;Y, tulpin\u0103 \u00een sus, pan\u0103 flexibil\u0103<br \/>\nCapot\u0103 cu \u0219uruburi, inel de scaun filetat sau sudat<br \/>\nMaterial:ASTM A216 WCB, ASTM A216 WCC, ASTM A217 WC6, ASTM A217 WC9,<br \/>\nASTM A217 C5, ASTM A217 C12A, ASTM A352 LCB, ASTM A352 LCC<br \/>\nASTM A351 CF8, ASTM A351 CF8M, ASTM A351 CF3M, ASTM A351 CF8C<br \/>\nCN3MN, CK3MCUN, CN7M, ASTM A890 4A (CD3MN), ASTM A890 5A (CE3MN),<br \/>\nASTM A890 6A (CD3MWCuN)<br \/>\nASTM B148 C95800, ASTM B148 C95500<\/p>\n<p>Conformitatea standardelor<br \/>\nSize range: DN50 &#8211; DN1500.<br \/>\nDesign pressure:\u00a0 PN10 &#8211; PN420.<br \/>\nDesign standard:EN 1984, DIN 3352.<br \/>\nDesign temp.: -196\u2103 &#8211; 573\u2103.<br \/>\nOperation: Hand wheel, gearbox, electric<br \/>\nApplication: electric power, petroleum refining, petrochemical engineering, offshore oil, chemical engineering<\/p>\n<table>\n<tbody>\n<tr>\n<td width=\"200\"><strong>numele produsului<\/strong><\/td>\n<td width=\"481\">Flanged Wedge Gate Valve,DN400 ,PN16,WCB, EN 12516<\/td>\n<\/tr>\n<tr>\n<td width=\"200\">1. Material<\/td>\n<td width=\"481\">WCB<\/td>\n<\/tr>\n<tr>\n<td width=\"200\">2. Dimensiunea<\/td>\n<td width=\"481\">DN400<\/td>\n<\/tr>\n<tr>\n<td width=\"200\">4. Port<\/td>\n<td width=\"481\">Port complet<\/td>\n<\/tr>\n<tr>\n<td width=\"200\">5. Presiunea de lucru<\/td>\n<td width=\"481\">PN16<\/td>\n<\/tr>\n<tr>\n<td width=\"200\">6. Conexiunea se termin\u0103<\/td>\n<td width=\"481\">RF<\/td>\n<\/tr>\n<tr>\n<td width=\"200\">7. Temp. de lucru.<\/td>\n<td width=\"481\">-29~425\u00baC,<\/td>\n<\/tr>\n<tr>\n<td width=\"200\">8. Mediu potrivit<\/td>\n<td width=\"481\">Ap\u0103, gaze naturale, ulei \u0219i ceva lichid coroziv<\/td>\n<\/tr>\n<tr>\n<td width=\"200\">9. Operat<\/td>\n<td width=\"481\">Cutie de viteze<\/td>\n<\/tr>\n<tr>\n<td width=\"200\">10. Inspec\u021bie \u0219i testare<\/td>\n<td width=\"481\">EN 12266-1<\/td>\n<\/tr>\n<tr>\n<td width=\"200\"><strong>Expediere<\/strong><\/td>\n<td width=\"481\"><\/td>\n<\/tr>\n<tr>\n<td width=\"200\">Timpul de livrare<\/td>\n<td width=\"481\">30 de zile<\/td>\n<\/tr>\n<tr>\n<td width=\"200\">Pachet<\/td>\n<td width=\"481\">Carcas\u0103 standard de export de placaj<\/td>\n<\/tr>\n<tr>\n<td width=\"200\">Portul de expediere<\/td>\n<td width=\"481\">Ningbo\/Shanghai, China<\/td>\n<\/tr>\n<tr>\n<td width=\"200\">Termeni de livrare<\/td>\n<td width=\"481\">Exw, FOB, CFR, CIF etc.<\/td>\n<\/tr>\n<tr>\n<td width=\"200\">Termeni de plat\u0103<\/td>\n<td width=\"481\">T\/T, Western Union, PayPal etc.<\/td>\n<\/tr>\n<tr>\n<td width=\"200\"><\/td>\n<td width=\"481\">Plat\u0103 anticipat\u0103 30%, sold 70% pl\u0103tit \u00eenainte de expediere<\/td>\n<\/tr>\n<tr>\n<td width=\"200\">\u021aara de origine<\/td>\n<td width=\"481\">Ora\u0219ul Wenzhou, China<\/td>\n<\/tr>\n<tr>\n<td width=\"200\">Capacitatea de produc\u021bie<\/td>\n<td width=\"481\">6000 tone\/an<\/td>\n<\/tr>\n<tr>\n<td width=\"200\">MOQ<\/td>\n<td width=\"481\">1 buc\/dimensiune<\/td>\n<\/tr>\n<\/tbody>\n<\/table>","protected":false},"excerpt":{"rendered":"<p>Model:STV-Z41Y-PN64-DN350-WCB<\/p>\n<p>STV Valve Technology Group Co., Ltd is a professional leader China Flanged Wedge Gate Valve,PN16 Wedge Gate Valve,A216 WCB Flanged Wedge Gate Valve,DIN3202Flanged Wedge Gate Valve, EN1984 Flanged Wedge Gate Valve,F5 Wedge Gate Valve ,EN12516\u00a0 Wedge Gate Valve Manufacturer with high quality and competitive price.<\/p>\n<p>&nbsp;<\/p>\n<p>&nbsp;<\/p>\n<p>&nbsp;<\/p>\n<p>&nbsp;<\/p>","protected":false},"featured_media":7937,"template":"","meta":[],"product_brand":[],"product_cat":[58,44],"product_tag":[3296,3294,3297,3300,3298,3299,3295],"class_list":{"0":"post-7936","1":"product","2":"type-product","3":"status-publish","4":"has-post-thumbnail","6":"product_cat-cast-steel-gate-valve","7":"product_cat-gate-valve","8":"product_tag-a216-wcb-flanged-wedge-gate-valve","9":"product_tag-china-flanged-wedge-gate-valve","10":"product_tag-din3202flanged-wedge-gate-valve","11":"product_tag-en12516-wedge-gate-valve-manufacturer","12":"product_tag-en1984-flanged-wedge-gate-valve","13":"product_tag-f5-wedge-gate-valve","14":"product_tag-pn16-wedge-gate-valve","16":"first","17":"instock","18":"shipping-taxable","19":"product-type-simple"},"_links":{"self":[{"href":"https:\/\/www.stvvalves.com\/ro\/wp-json\/wp\/v2\/product\/7936","targetHints":{"allow":["GET"]}}],"collection":[{"href":"https:\/\/www.stvvalves.com\/ro\/wp-json\/wp\/v2\/product"}],"about":[{"href":"https:\/\/www.stvvalves.com\/ro\/wp-json\/wp\/v2\/types\/product"}],"wp:featuredmedia":[{"embeddable":true,"href":"https:\/\/www.stvvalves.com\/ro\/wp-json\/wp\/v2\/media\/7937"}],"wp:attachment":[{"href":"https:\/\/www.stvvalves.com\/ro\/wp-json\/wp\/v2\/media?parent=7936"}],"wp:term":[{"taxonomy":"product_brand","embeddable":true,"href":"https:\/\/www.stvvalves.com\/ro\/wp-json\/wp\/v2\/product_brand?post=7936"},{"taxonomy":"product_cat","embeddable":true,"href":"https:\/\/www.stvvalves.com\/ro\/wp-json\/wp\/v2\/product_cat?post=7936"},{"taxonomy":"product_tag","embeddable":true,"href":"https:\/\/www.stvvalves.com\/ro\/wp-json\/wp\/v2\/product_tag?post=7936"}],"curies":[{"name":"wp","href":"https:\/\/api.w.org\/{rel}","templated":true}]}}