{"id":7980,"date":"2025-03-04T21:09:02","date_gmt":"2025-03-04T13:09:02","guid":{"rendered":"https:\/\/www.stvvalves.com\/?post_type=product&#038;p=7980"},"modified":"2025-03-04T21:15:40","modified_gmt":"2025-03-04T13:15:40","slug":"f347h-gate-valve-1500lb-11-2-inch-sw-end","status":"publish","type":"product","link":"https:\/\/www.stvvalves.com\/ro\/products\/f347h-gate-valve-1500lb-11-2-inch-sw-end\/","title":{"rendered":"F347H Gate Valve,1500LB,11\/2 Inch,SW End"},"content":{"rendered":"<p>Caracteristici de design<br \/>\n1. Port complet sau port conven\u021bional<br \/>\n2. \u0218urub \u0219i jug exterior (OS&amp;Y)<br \/>\n3. Presetup\u0103 cu auto-aliniere din dou\u0103 piese<br \/>\n4. Capot\u0103 cu \u0219uruburi cu garnitur\u0103 \u00eenf\u0103\u0219urat\u0103 \u00een spiral\u0103, capac filetat \u0219i etan\u0219at sudat sau capac filetat \u0219i etan\u0219are sub presiune<br \/>\n5. Banc\u0103 din spate integral\u0103<br \/>\n6.Available in ANSI 150-2500LB, sizes: 1\/4\u2033 to 4\u2033.<br \/>\n7.Materials:A105N,LF2,F304,F316,F11,F22,F5,F91,MONEL400,Alloy Steel Ect.<br \/>\n8.Temperature range: 0\u00b0C to 600\u00b0C.<br \/>\n9.Port: Port reductor \u0219i Port complet.<br \/>\n10.End Connect\uff1bNPT,BW,SW,RF,RTJ.<\/p>\n<table>\n<tbody>\n<tr>\n<td width=\"200\"><strong><b>numele produsului<\/b><\/strong><\/td>\n<td width=\"481\">F347H Gate Valve,1500LB,11\/2 Inch,SW End<\/td>\n<\/tr>\n<tr>\n<td width=\"200\">1. Material<\/td>\n<td width=\"481\">F347H<\/td>\n<\/tr>\n<tr>\n<td width=\"200\">2. Dimensiunea<\/td>\n<td width=\"481\">11\/2\u201d<\/td>\n<\/tr>\n<tr>\n<td width=\"200\">4. Port<\/td>\n<td width=\"481\">Port reductor<\/td>\n<\/tr>\n<tr>\n<td width=\"200\">5. Presiunea de lucru<\/td>\n<td width=\"481\">1500 LB<\/td>\n<\/tr>\n<tr>\n<td width=\"200\">6. Conexiunea se termin\u0103<\/td>\n<td width=\"481\">Sf\u00e2r\u0219it SW<\/td>\n<\/tr>\n<tr>\n<td width=\"200\">7. Temp. de lucru.<\/td>\n<td width=\"481\">-29~425\u00baC,<\/td>\n<\/tr>\n<tr>\n<td width=\"200\">8. Mediu potrivit<\/td>\n<td width=\"481\">Ap\u0103, gaze naturale, ulei \u0219i ceva lichid coroziv<\/td>\n<\/tr>\n<tr>\n<td width=\"200\">9. Operat<\/td>\n<td width=\"481\">Roat\u0103 de m\u00e2n\u0103<\/td>\n<\/tr>\n<tr>\n<td width=\"200\">10. Inspec\u021bie \u0219i testare<\/td>\n<td width=\"481\">Conform API 598<\/td>\n<\/tr>\n<tr>\n<td width=\"200\"><strong><b>Expediere<\/b><\/strong><\/td>\n<td width=\"481\"><\/td>\n<\/tr>\n<tr>\n<td width=\"200\">Timpul de livrare<\/td>\n<td width=\"481\">30 de zile<\/td>\n<\/tr>\n<tr>\n<td width=\"200\">Pachet<\/td>\n<td width=\"481\">Carcas\u0103 standard de export de placaj<\/td>\n<\/tr>\n<tr>\n<td width=\"200\">Portul de expediere<\/td>\n<td width=\"481\">Ningbo\/Shanghai, China<\/td>\n<\/tr>\n<tr>\n<td width=\"200\">Termeni de livrare<\/td>\n<td width=\"481\">Exw, FOB, CFR, CIF etc.<\/td>\n<\/tr>\n<tr>\n<td width=\"200\">Termeni de plat\u0103<\/td>\n<td width=\"481\">T\/T, Western Union, PayPal etc.<\/td>\n<\/tr>\n<tr>\n<td width=\"200\"><\/td>\n<td width=\"481\">Plat\u0103 anticipat\u0103 30%, sold 70% pl\u0103tit \u00eenainte de expediere<\/td>\n<\/tr>\n<tr>\n<td width=\"200\">\u021aara de origine<\/td>\n<td width=\"481\">Ora\u0219ul Wenzhou, China<\/td>\n<\/tr>\n<tr>\n<td width=\"200\">Capacitatea de produc\u021bie<\/td>\n<td width=\"481\">6000 tone\/an<\/td>\n<\/tr>\n<tr>\n<td width=\"200\">MOQ<\/td>\n<td width=\"481\">10 buc\/dimensiune<\/td>\n<\/tr>\n<\/tbody>\n<\/table>","protected":false},"excerpt":{"rendered":"<p>STV Valve Technology Group Co., Ltd is a professional leader China F347H Gate Valve ,1500LB F347H Gate Valve,11\/2 Inch F347H Gate Valve,SW End F347H Gate Valve,Bolt Bonnet F347H Gate Valve,API 602 F347H Gate Valve Gate Valve Manufacturer With High Quality And Low Price.<\/p>\n<p>&nbsp;<\/p>\n<p>&nbsp;<\/p>","protected":false},"featured_media":7981,"template":"","meta":[],"product_brand":[],"product_cat":[59,44],"product_tag":[3339,3338,3342,3341,3337,3340],"class_list":{"0":"post-7980","1":"product","2":"type-product","3":"status-publish","4":"has-post-thumbnail","6":"product_cat-forged-steel-gate-valve","7":"product_cat-gate-valve","8":"product_tag-11-2-inch-f347h-gate-valve","9":"product_tag-1500lb-f347h-gate-valve","10":"product_tag-api-602-f347h-gate-valve-gate-valve-manufacturer","11":"product_tag-bolt-bonnet-f347h-gate-valve","12":"product_tag-china-f347h-gate-valve","13":"product_tag-sw-end-f347h-gate-valve","15":"first","16":"instock","17":"shipping-taxable","18":"product-type-simple"},"_links":{"self":[{"href":"https:\/\/www.stvvalves.com\/ro\/wp-json\/wp\/v2\/product\/7980","targetHints":{"allow":["GET"]}}],"collection":[{"href":"https:\/\/www.stvvalves.com\/ro\/wp-json\/wp\/v2\/product"}],"about":[{"href":"https:\/\/www.stvvalves.com\/ro\/wp-json\/wp\/v2\/types\/product"}],"wp:featuredmedia":[{"embeddable":true,"href":"https:\/\/www.stvvalves.com\/ro\/wp-json\/wp\/v2\/media\/7981"}],"wp:attachment":[{"href":"https:\/\/www.stvvalves.com\/ro\/wp-json\/wp\/v2\/media?parent=7980"}],"wp:term":[{"taxonomy":"product_brand","embeddable":true,"href":"https:\/\/www.stvvalves.com\/ro\/wp-json\/wp\/v2\/product_brand?post=7980"},{"taxonomy":"product_cat","embeddable":true,"href":"https:\/\/www.stvvalves.com\/ro\/wp-json\/wp\/v2\/product_cat?post=7980"},{"taxonomy":"product_tag","embeddable":true,"href":"https:\/\/www.stvvalves.com\/ro\/wp-json\/wp\/v2\/product_tag?post=7980"}],"curies":[{"name":"wp","href":"https:\/\/api.w.org\/{rel}","templated":true}]}}