{"id":7999,"date":"2025-03-20T15:46:14","date_gmt":"2025-03-20T07:46:14","guid":{"rendered":"https:\/\/www.stvvalves.com\/?post_type=product&#038;p=7999"},"modified":"2025-03-20T15:50:00","modified_gmt":"2025-03-20T07:50:00","slug":"f316l-flanged-globe-valve-1-2-inch-1500lb-rf-end","status":"publish","type":"product","link":"https:\/\/www.stvvalves.com\/ro\/products\/f316l-flanged-globe-valve-1-2-inch-1500lb-rf-end\/","title":{"rendered":"F316L Flanged Globe Valve,1\/2 Inch,1500LB,RF End"},"content":{"rendered":"<div class=\"headline headline-md\">\n<h2>Detaliile produsului<\/h2>\n<\/div>\n<div>Standard de proiectare: API602.<br \/>\nBody Material: F316L<br \/>\nNominal Diameter: 1\/2 Inch (DN15).<br \/>\nPresiune: clasa 1500.<br \/>\nTermina\u021bi conexiunea: RF.<br \/>\nFa\u021b\u0103 \u00een fa\u021b\u0103: ASME B16.10.<br \/>\nTemperatura de lucru: -29\u2103~+560\u2103.<br \/>\nMod de operare: roat\u0103 de m\u00e2n\u0103.<br \/>\nTestare \u0219i inspec\u021bie: API 598.<\/div>\n<div class=\"headline headline-md\">\n<h2>Gam\u0103 de produse<\/h2>\n<\/div>\n<div>Material caroserie: A105\u3001LF2\u3001F5\u3001F11\u3001F22\u3001304\u3001304L\u3001316\u3001316L\u3001F51\u3001F91\u300120#\u3001Inconel .Ect<br \/>\nDiametru normal: 1\/2\u2033~2\u2033 (DN15~DN80).<br \/>\nConexiune final\u0103: NPT, SW, sudur\u0103 cap la cap, cu flan\u0219\u0103.<br \/>\nInterval de presiune: 150lbs~2500lbs(PN10~PN420).<br \/>\nFunc\u021bionare: roat\u0103 de m\u00e2n\u0103, actuator electric, pneumatic<br \/>\nTemperatura de lucru: -196\u2103 ~ +560\u2103.<\/div>\n<div><\/div>\n<div>\n<table>\n<tbody>\n<tr>\n<td width=\"200\"><strong>numele produsului<\/strong><\/td>\n<td width=\"481\">F316L Flanged Globe Valve,1\/2 Inch,1500LB,RF End<\/td>\n<\/tr>\n<tr>\n<td width=\"200\">1. Material<\/td>\n<td width=\"481\">F316L<\/td>\n<\/tr>\n<tr>\n<td width=\"200\">2. Dimensiunea<\/td>\n<td width=\"481\">1\/2\u201d<\/td>\n<\/tr>\n<tr>\n<td width=\"200\">4. Port<\/td>\n<td width=\"481\">Port reductor<\/td>\n<\/tr>\n<tr>\n<td width=\"200\">5. Presiunea de lucru<\/td>\n<td width=\"481\">1500 lb<\/td>\n<\/tr>\n<tr>\n<td width=\"200\">6. Conexiunea se termin\u0103<\/td>\n<td width=\"481\">RF<\/td>\n<\/tr>\n<tr>\n<td width=\"200\">7. Temp. de lucru.<\/td>\n<td width=\"481\">-29~425\u00baC,<\/td>\n<\/tr>\n<tr>\n<td width=\"200\">8. Mediu potrivit<\/td>\n<td width=\"481\">Ap\u0103, gaze naturale, ulei \u0219i ceva lichid coroziv<\/td>\n<\/tr>\n<tr>\n<td width=\"200\">9. Operat<\/td>\n<td width=\"481\">Roat\u0103 de m\u00e2n\u0103<\/td>\n<\/tr>\n<tr>\n<td width=\"200\">10. Inspec\u021bie \u0219i testare<\/td>\n<td width=\"481\">Conform API598<\/td>\n<\/tr>\n<tr>\n<td width=\"200\"><strong>Expediere<\/strong><\/td>\n<td width=\"481\"><\/td>\n<\/tr>\n<tr>\n<td width=\"200\">Timpul de livrare<\/td>\n<td width=\"481\">30 de zile<\/td>\n<\/tr>\n<tr>\n<td width=\"200\">Pachet<\/td>\n<td width=\"481\">Carcas\u0103 standard de export de placaj<\/td>\n<\/tr>\n<tr>\n<td width=\"200\">Portul de expediere<\/td>\n<td width=\"481\">Ningbo\/Shanghai, China<\/td>\n<\/tr>\n<tr>\n<td width=\"200\">Termeni de livrare<\/td>\n<td width=\"481\">Exw, FOB, CFR, CIF etc.<\/td>\n<\/tr>\n<tr>\n<td width=\"200\">Termeni de plat\u0103<\/td>\n<td width=\"481\">T\/T, Western Union, PayPal etc.<\/td>\n<\/tr>\n<tr>\n<td width=\"200\"><\/td>\n<td width=\"481\">Plat\u0103 anticipat\u0103 30%, sold 70% pl\u0103tit \u00eenainte de expediere<\/td>\n<\/tr>\n<tr>\n<td width=\"200\">\u021aara de origine<\/td>\n<td width=\"481\">Ora\u0219ul Wenzhou, China<\/td>\n<\/tr>\n<tr>\n<td width=\"200\">Capacitatea de produc\u021bie<\/td>\n<td width=\"481\">6000 tone\/an<\/td>\n<\/tr>\n<tr>\n<td width=\"200\">MOQ<\/td>\n<td width=\"481\">1 buc\/dimensiune<\/td>\n<\/tr>\n<\/tbody>\n<\/table>\n<\/div>","protected":false},"excerpt":{"rendered":"<p>Model:STV-J41Y-1500LB-DN15-F316L<\/p>\n<p>The shape of the API 602\u00a0 Globe Valve opening and closing member and the valve flow passage allows the valve to have a certain flow characteristic. This must be taken into consideration when selecting a valve.<\/p>\n<p>STV Valve Technology Group Co., Ltd is a professional leader China F316L Flanged Globe Valve ,High Pressure F316L Globe Valve ,Forged F316L Globe Valve,API 602 F316L Globe Valve, API 602 Forged Steel Globe Valve,1500LB F316L Globe Valve,1\/2 Inch F51 Globe Valve manufacturer with high quality and competitive price.<\/p>\n<p>&nbsp;<\/p>","protected":false},"featured_media":8000,"template":"","meta":[],"product_brand":[],"product_cat":[64,45],"product_tag":[3376,3375,3374,2326,3371,3373,3372],"class_list":{"0":"post-7999","1":"product","2":"type-product","3":"status-publish","4":"has-post-thumbnail","6":"product_cat-foreged-steel-globe-valve","7":"product_cat-globe-valve","8":"product_tag-1-2-inch-f51-globe-valve-manufacturer","9":"product_tag-1500lb-f316l-globe-valve","10":"product_tag-api-602-f316l-globe-valve","11":"product_tag-api-602-forged-steel-globe-valve","12":"product_tag-china-f316l-flanged-globe-valve","13":"product_tag-forged-f316l-globe-valve","14":"product_tag-high-pressure-f316l-globe-valve","16":"first","17":"instock","18":"shipping-taxable","19":"product-type-simple"},"_links":{"self":[{"href":"https:\/\/www.stvvalves.com\/ro\/wp-json\/wp\/v2\/product\/7999","targetHints":{"allow":["GET"]}}],"collection":[{"href":"https:\/\/www.stvvalves.com\/ro\/wp-json\/wp\/v2\/product"}],"about":[{"href":"https:\/\/www.stvvalves.com\/ro\/wp-json\/wp\/v2\/types\/product"}],"wp:featuredmedia":[{"embeddable":true,"href":"https:\/\/www.stvvalves.com\/ro\/wp-json\/wp\/v2\/media\/8000"}],"wp:attachment":[{"href":"https:\/\/www.stvvalves.com\/ro\/wp-json\/wp\/v2\/media?parent=7999"}],"wp:term":[{"taxonomy":"product_brand","embeddable":true,"href":"https:\/\/www.stvvalves.com\/ro\/wp-json\/wp\/v2\/product_brand?post=7999"},{"taxonomy":"product_cat","embeddable":true,"href":"https:\/\/www.stvvalves.com\/ro\/wp-json\/wp\/v2\/product_cat?post=7999"},{"taxonomy":"product_tag","embeddable":true,"href":"https:\/\/www.stvvalves.com\/ro\/wp-json\/wp\/v2\/product_tag?post=7999"}],"curies":[{"name":"wp","href":"https:\/\/api.w.org\/{rel}","templated":true}]}}