{"id":8021,"date":"2025-04-26T19:11:22","date_gmt":"2025-04-26T11:11:22","guid":{"rendered":"https:\/\/www.stvvalves.com\/?post_type=product&#038;p=8021"},"modified":"2025-04-26T19:17:55","modified_gmt":"2025-04-26T11:17:55","slug":"bolt-bonnet-lift-check-valve-f304-dn25-pn100-rf-end","status":"publish","type":"product","link":"https:\/\/www.stvvalves.com\/ro\/products\/bolt-bonnet-lift-check-valve-f304-dn25-pn100-rf-end\/","title":{"rendered":"Bolt Bonnet Lift Check Valve,F304,DN25,PN100,RF End"},"content":{"rendered":"<p>Bolt Bonnet Lift Check Valve,F304,DN25,PN100,RF End<br \/>\nDesign: API 602<br \/>\nBody: F304<br \/>\nDimensiune nominal\u0103: 1 inch<br \/>\nClasa nominala: PN100<br \/>\nTermina\u021bi conexiunea: RF<br \/>\nFa\u021b\u0103 \u00een fa\u021b\u0103: Fabricare<br \/>\nTest and Inspection: EN12266-1.<br \/>\nDiametru nominal: 1\/4 inch \u2013 4 inch<br \/>\nTemperatur\u0103 de proiectare: -196\u2103 \u2013 573\u2103<br \/>\nPresiune de proiectare: Clasa 150 LB \u2013 Clasa 2500 LB<br \/>\nMaterial: ASTM A105, ASTM A182 F304, ASTM A182 F304L, ASTM A182 F316, ASTM A182 F316L, ASTM A350 LF2, ASTM A182 F11, ASTM A182 F22, ASTM A182 F5, ASTM A182 F51, ASTM A182 F321.<br \/>\nStandard de proiectare: API 602, BS 5352<br \/>\nFa\u021b\u0103 \u00een fa\u021b\u0103: Standard de fabrica\u021bie, ASME B16.10<br \/>\nCap\u0103t de conectare: NPT, SW, BW, cu flan\u0219\u0103<br \/>\nStandard de testare: API 598, ISO 5208<br \/>\nOpera\u021bie: X<br \/>\nAplica\u021bie: central\u0103 electric\u0103, petrol, inginerie chimic\u0103<\/p>\n<table>\n<tbody>\n<tr>\n<td width=\"200\"><strong><b>numele produsului<\/b><\/strong><\/td>\n<td width=\"481\">Bolt Bonnet Lift Check Valve,F304,DN25,PN100,RF End<\/td>\n<\/tr>\n<tr>\n<td width=\"200\">1. Material<\/td>\n<td width=\"481\">F304<\/td>\n<\/tr>\n<tr>\n<td width=\"200\">2. Dimensiunea<\/td>\n<td width=\"481\">1\u201d<\/td>\n<\/tr>\n<tr>\n<td width=\"200\">4. Port<\/td>\n<td width=\"481\">Port reductor<\/td>\n<\/tr>\n<tr>\n<td width=\"200\">5. Presiunea de lucru<\/td>\n<td width=\"481\">PN100<\/td>\n<\/tr>\n<tr>\n<td width=\"200\">6. Conexiunea se termin\u0103<\/td>\n<td width=\"481\">Sf\u00e2r\u0219it RF<\/td>\n<\/tr>\n<tr>\n<td width=\"200\">7. Temp. de lucru.<\/td>\n<td width=\"481\">-29~425\u00baC,<\/td>\n<\/tr>\n<tr>\n<td width=\"200\">8. Mediu potrivit<\/td>\n<td width=\"481\">Ap\u0103, gaze naturale, ulei \u0219i ceva lichid coroziv<\/td>\n<\/tr>\n<tr>\n<td width=\"200\">9. Operat<\/td>\n<td width=\"481\">X<\/td>\n<\/tr>\n<tr>\n<td width=\"200\">10. Inspec\u021bie \u0219i testare<\/td>\n<td width=\"481\">Conform API 598<\/td>\n<\/tr>\n<tr>\n<td width=\"200\"><strong><b>Expediere<\/b><\/strong><\/td>\n<td width=\"481\"><\/td>\n<\/tr>\n<tr>\n<td width=\"200\">Timpul de livrare<\/td>\n<td width=\"481\">30 de zile<\/td>\n<\/tr>\n<tr>\n<td width=\"200\">Pachet<\/td>\n<td width=\"481\">Carcas\u0103 standard de export de placaj<\/td>\n<\/tr>\n<tr>\n<td width=\"200\">Portul de expediere<\/td>\n<td width=\"481\">Ningbo\/Shanghai, China<\/td>\n<\/tr>\n<tr>\n<td width=\"200\">Termeni de livrare<\/td>\n<td width=\"481\">Exw, FOB, CFR, CIF etc.<\/td>\n<\/tr>\n<tr>\n<td width=\"200\">Termeni de plat\u0103<\/td>\n<td width=\"481\">T\/T, Western Union, PayPal etc.<\/td>\n<\/tr>\n<tr>\n<td width=\"200\"><\/td>\n<td width=\"481\">Plat\u0103 anticipat\u0103 30%, sold 70% pl\u0103tit \u00eenainte de expediere<\/td>\n<\/tr>\n<tr>\n<td width=\"200\">\u021aara de origine<\/td>\n<td width=\"481\">Ora\u0219ul Wenzhou, China<\/td>\n<\/tr>\n<tr>\n<td width=\"200\">Capacitatea de produc\u021bie<\/td>\n<td width=\"481\">6000 tone\/an<\/td>\n<\/tr>\n<tr>\n<td width=\"200\">MOQ<\/td>\n<td width=\"481\">10 buc\/dimensiune<\/td>\n<\/tr>\n<\/tbody>\n<\/table>","protected":false},"excerpt":{"rendered":"<p>STV Valve Technology Group Co., Ltd is a professional leader China Bolt Bonnet Lift Check Valve Manufacture,F304 Bolt Bonnet Lift Check Valve , DN25 Bolt Bonnet Lift Check Valve Manufacture, PN100 Bolt Bonnet Lift Check Valve Manufacture, RF END Bolt Bonnet Lift Check Valve Manufacture,BW End\u00a0 Weld Bonnet Lift Check Valve Manufacture with high quality and competitive price.<\/p>\n<p>&nbsp;<\/p>","protected":false},"featured_media":8022,"template":"","meta":[],"product_brand":[],"product_cat":[46,66],"product_tag":[3403,3398,3400,3399,3401,3402],"class_list":{"0":"post-8021","1":"product","2":"type-product","3":"status-publish","4":"has-post-thumbnail","6":"product_cat-check-valves","7":"product_cat-swing-check-valve","8":"product_tag-bw-end-weld-bonnet-lift-check-valve-manufacture","9":"product_tag-china-bolt-bonnet-lift-check-valve-manufacture","10":"product_tag-dn25-bolt-bonnet-lift-check-valve-manufacture","11":"product_tag-f304-bolt-bonnet-lift-check-valve","12":"product_tag-pn100-bolt-bonnet-lift-check-valve-manufacture","13":"product_tag-rf-end-bolt-bonnet-lift-check-valve-manufacture","15":"first","16":"instock","17":"shipping-taxable","18":"product-type-simple"},"_links":{"self":[{"href":"https:\/\/www.stvvalves.com\/ro\/wp-json\/wp\/v2\/product\/8021","targetHints":{"allow":["GET"]}}],"collection":[{"href":"https:\/\/www.stvvalves.com\/ro\/wp-json\/wp\/v2\/product"}],"about":[{"href":"https:\/\/www.stvvalves.com\/ro\/wp-json\/wp\/v2\/types\/product"}],"wp:featuredmedia":[{"embeddable":true,"href":"https:\/\/www.stvvalves.com\/ro\/wp-json\/wp\/v2\/media\/8022"}],"wp:attachment":[{"href":"https:\/\/www.stvvalves.com\/ro\/wp-json\/wp\/v2\/media?parent=8021"}],"wp:term":[{"taxonomy":"product_brand","embeddable":true,"href":"https:\/\/www.stvvalves.com\/ro\/wp-json\/wp\/v2\/product_brand?post=8021"},{"taxonomy":"product_cat","embeddable":true,"href":"https:\/\/www.stvvalves.com\/ro\/wp-json\/wp\/v2\/product_cat?post=8021"},{"taxonomy":"product_tag","embeddable":true,"href":"https:\/\/www.stvvalves.com\/ro\/wp-json\/wp\/v2\/product_tag?post=8021"}],"curies":[{"name":"wp","href":"https:\/\/api.w.org\/{rel}","templated":true}]}}