{"id":8046,"date":"2025-05-20T20:29:34","date_gmt":"2025-05-20T12:29:34","guid":{"rendered":"https:\/\/www.stvvalves.com\/?post_type=product&#038;p=8046"},"modified":"2025-05-20T20:35:20","modified_gmt":"2025-05-20T12:35:20","slug":"din-3840-lift-check-valve-cast-seel-dn200-pn16-flange-end","status":"publish","type":"product","link":"https:\/\/www.stvvalves.com\/ro\/products\/din-3840-lift-check-valve-cast-seel-dn200-pn16-flange-end\/","title":{"rendered":"DIN 3840 lift Check Valve, Cast Seel,DN200 ,PN16,Flange End"},"content":{"rendered":"<p>Proiectare \u0219i fabrica\u021bie: DIN 3840 \/ BS EN 1868<br \/>\nFa\u021b\u0103 \u00een fa\u021b\u0103: DIN 3202\/BS EN558-1<br \/>\nCapetele cu flan\u0219\u0103: DIN 2543\/BS EN1092-1<br \/>\nInspec\u021bie \u0219i testare: DIN 3230\/BS EN12569<\/p>\n<p>Presiune: PN10~PN160<br \/>\nDimensiune: DN40~DN900<br \/>\nMaterial: GS-C25,1.0619,1.4803,1.4408,WCB,LCB,CF8,CF8M,CF3,CF3M,CF8C etc.<\/p>\n<table width=\"751\">\n<tbody>\n<tr>\n<td>Numele produsului:<\/td>\n<td>DIN 3840 lift Check Valve, Cast Seel,DN200 ,PN16,Flange End<\/td>\n<\/tr>\n<tr>\n<td>1.Material:<\/td>\n<td>WCB<\/td>\n<\/tr>\n<tr>\n<td>2. Dimensiune:<\/td>\n<td>8 inchi<\/td>\n<\/tr>\n<tr>\n<td>3.Port:<\/td>\n<td>DEPLIN<\/td>\n<\/tr>\n<tr>\n<td>4. Temperatura de lucru:<\/td>\n<td>-29 \u00b0C-425 \u00b0C<\/td>\n<\/tr>\n<tr>\n<td>5. Sf\u00e2r\u0219itul conexiunii:<\/td>\n<td>RF<\/td>\n<\/tr>\n<tr>\n<td>6. Presiune de lucru:<\/td>\n<td>PN16<\/td>\n<\/tr>\n<tr>\n<td>7. Mediu potrivit:<\/td>\n<td>Ap\u0103, gaze naturale, ulei \u0219i ceva lichid coroziv<\/td>\n<\/tr>\n<tr>\n<td>8. Operat:<\/td>\n<td>\/<\/td>\n<\/tr>\n<tr>\n<td>9. Inspec\u021bie \u0219i testare<\/td>\n<td>Conform DIN 3230<\/td>\n<\/tr>\n<tr>\n<td>Certificat:<\/td>\n<td>ISO, CE\/API 6D<\/td>\n<\/tr>\n<tr>\n<td><strong>Expediere<\/strong><\/td>\n<td><\/td>\n<\/tr>\n<tr>\n<td>Timpul de livrare<\/td>\n<td>30 de zile<\/td>\n<\/tr>\n<tr>\n<td>Pachet<\/td>\n<td>Carcas\u0103 standard de export de placaj<\/td>\n<\/tr>\n<tr>\n<td>Portul de expediere<\/td>\n<td>Ningbo\/Shanghai, China<\/td>\n<\/tr>\n<tr>\n<td>Termeni de livrare<\/td>\n<td>Exw, FOB, CFR, CIF etc.<\/td>\n<\/tr>\n<tr>\n<td>Termeni de plat\u0103<\/td>\n<td>T\/T, Western Union, PayPal etc.<\/td>\n<\/tr>\n<tr>\n<td><\/td>\n<td>Plat\u0103 anticipat\u0103 30%, sold 70% pl\u0103tit \u00eenainte de expediere<\/td>\n<\/tr>\n<tr>\n<td>\u021aara de origine<\/td>\n<td>Ora\u0219ul Wenzhou, China<\/td>\n<\/tr>\n<tr>\n<td>Capacitatea de produc\u021bie<\/td>\n<td>6000 tone\/an<\/td>\n<\/tr>\n<tr>\n<td>MOQ<\/td>\n<td>10 buc\/dimensiune<\/td>\n<\/tr>\n<\/tbody>\n<\/table>\n<p>&nbsp;<\/p>","protected":false},"excerpt":{"rendered":"<div class=\"woocommerce-product-details__short-description\">\n<p>Model:H44Y-PN16-DN200-WCB<\/p>\n<p>STV Valve Technology Group Co., Ltd is a professional leader China DIN 3840 lift Check Valve,PN16 DIN 3840 lift Check Valve,A216 WCB DIN 3840 lift Check Valve,WCB Lift Check Valve,PN 16 DIN 3840 lift Check Valve,DN200 DIN 3840 lift Check Valve manufacturer with high quality and competitive price.<\/p>\n<\/div>","protected":false},"featured_media":8047,"template":"","meta":[],"product_brand":[],"product_cat":[83,46],"product_tag":[3454,3452,3456,3455,3453,1052],"class_list":{"0":"post-8046","1":"product","2":"type-product","3":"status-publish","4":"has-post-thumbnail","6":"product_cat-cast-steel-check-valve","7":"product_cat-check-valves","8":"product_tag-a216-wcb-din-3840-lift-check-valve","9":"product_tag-china-din-3840-lift-check-valve","10":"product_tag-dn200-din-3840-lift-check-valve-manufacturer","11":"product_tag-pn-16-din-3840-lift-check-valve","12":"product_tag-pn16-din-3840-lift-check-valve","13":"product_tag-wcb-lift-check-valve","15":"first","16":"instock","17":"shipping-taxable","18":"product-type-simple"},"_links":{"self":[{"href":"https:\/\/www.stvvalves.com\/ro\/wp-json\/wp\/v2\/product\/8046","targetHints":{"allow":["GET"]}}],"collection":[{"href":"https:\/\/www.stvvalves.com\/ro\/wp-json\/wp\/v2\/product"}],"about":[{"href":"https:\/\/www.stvvalves.com\/ro\/wp-json\/wp\/v2\/types\/product"}],"wp:featuredmedia":[{"embeddable":true,"href":"https:\/\/www.stvvalves.com\/ro\/wp-json\/wp\/v2\/media\/8047"}],"wp:attachment":[{"href":"https:\/\/www.stvvalves.com\/ro\/wp-json\/wp\/v2\/media?parent=8046"}],"wp:term":[{"taxonomy":"product_brand","embeddable":true,"href":"https:\/\/www.stvvalves.com\/ro\/wp-json\/wp\/v2\/product_brand?post=8046"},{"taxonomy":"product_cat","embeddable":true,"href":"https:\/\/www.stvvalves.com\/ro\/wp-json\/wp\/v2\/product_cat?post=8046"},{"taxonomy":"product_tag","embeddable":true,"href":"https:\/\/www.stvvalves.com\/ro\/wp-json\/wp\/v2\/product_tag?post=8046"}],"curies":[{"name":"wp","href":"https:\/\/api.w.org\/{rel}","templated":true}]}}