{"id":8062,"date":"2025-05-28T16:11:11","date_gmt":"2025-05-28T08:11:11","guid":{"rendered":"https:\/\/www.stvvalves.com\/?post_type=product&#038;p=8062"},"modified":"2025-05-28T16:16:58","modified_gmt":"2025-05-28T08:16:58","slug":"bs-1868-swing-check-valve-wcb-36-inch-cl300-rf-end","status":"publish","type":"product","link":"https:\/\/www.stvvalves.com\/ro\/products\/bs-1868-swing-check-valve-wcb-36-inch-cl300-rf-end\/","title":{"rendered":"BS 1868 Swing Check Valve,WCB,36 Inch,CL300,RF End"},"content":{"rendered":"<p>Caracteristicile principale ale supapei de re\u021binere basculante ANSI 300LB<\/p>\n<p>BB, CAPOTA \u0218UBLAT\u0102<br \/>\nTIP SWING, DISC ANTIROTATIE<br \/>\nINELE DE SCAUN RENUBILIBILE<br \/>\nARBORE DE DISC NEPENETRAT<br \/>\nSERVICIU ORIZONTAL SAU VERTICAL<br \/>\nCAPE\u021aE CU FLAN\u0218\u0102 SAU BUTVVELDING<\/p>\n<p>Standarde aplicabile:<br \/>\nSUPPAPE DE RE\u021aINERE DIN O\u021aEL, API6D\/BS1868<br \/>\nSUPPAPE DE RE\u021aINERE DIN O\u021aEL, ISO 14313<br \/>\nSUPPAPE DE O\u021aEL, ASME B16.34<br \/>\nFATA IN FACE,ASME B16.10<br \/>\nFLANSE DE CAPAT,ASME B16.5<br \/>\nCAPETE DE SUDARE CAPAT\u0102, ASME B16.25<br \/>\nINSPEC\u021aIE \u0218I TESTARE, API 598\/API 6D<\/p>\n<table>\n<tbody>\n<tr>\n<td width=\"200\"><strong>numele produsului<\/strong><\/td>\n<td width=\"481\">BS 1868 Swing Check Valve,WCB,36 Inch,CL300,RF End<\/td>\n<\/tr>\n<tr>\n<td width=\"200\">1. Material<\/td>\n<td width=\"481\">WCB<\/td>\n<\/tr>\n<tr>\n<td width=\"200\">2. Dimensiunea<\/td>\n<td width=\"481\">36\u201d<\/td>\n<\/tr>\n<tr>\n<td width=\"200\">4. Port<\/td>\n<td width=\"481\">Port complet<\/td>\n<\/tr>\n<tr>\n<td width=\"200\">5. Presiunea de lucru<\/td>\n<td width=\"481\">300 lb<\/td>\n<\/tr>\n<tr>\n<td width=\"200\">6. Conexiunea se termin\u0103<\/td>\n<td width=\"481\">RF<\/td>\n<\/tr>\n<tr>\n<td width=\"200\">7. Temp. de lucru.<\/td>\n<td width=\"481\">-29~425\u00baC,<\/td>\n<\/tr>\n<tr>\n<td width=\"200\">8. Mediu potrivit<\/td>\n<td width=\"481\">Ap\u0103, gaze naturale, ulei \u0219i ceva lichid coroziv<\/td>\n<\/tr>\n<tr>\n<td width=\"200\">9. Operat<\/td>\n<td width=\"481\">\/<\/td>\n<\/tr>\n<tr>\n<td width=\"200\">10. Inspec\u021bie \u0219i testare<\/td>\n<td width=\"481\">Conform API 598<\/td>\n<\/tr>\n<tr>\n<td width=\"200\"><strong>Expediere<\/strong><\/td>\n<td width=\"481\"><\/td>\n<\/tr>\n<tr>\n<td width=\"200\">Timpul de livrare<\/td>\n<td width=\"481\">30 de zile<\/td>\n<\/tr>\n<tr>\n<td width=\"200\">Pachet<\/td>\n<td width=\"481\">Carcas\u0103 standard de export de placaj<\/td>\n<\/tr>\n<tr>\n<td width=\"200\">Portul de expediere<\/td>\n<td width=\"481\">Ningbo\/Shanghai, China<\/td>\n<\/tr>\n<tr>\n<td width=\"200\">Termeni de livrare<\/td>\n<td width=\"481\">Exw, FOB, CFR, CIF etc.<\/td>\n<\/tr>\n<tr>\n<td width=\"200\">Termeni de plat\u0103<\/td>\n<td width=\"481\">T\/T, Western Union, PayPal etc.<\/td>\n<\/tr>\n<tr>\n<td width=\"200\"><\/td>\n<td width=\"481\">Plat\u0103 anticipat\u0103 30%, sold 70% pl\u0103tit \u00eenainte de expediere<\/td>\n<\/tr>\n<tr>\n<td width=\"200\">\u021aara de origine<\/td>\n<td width=\"481\">Ora\u0219ul Wenzhou, China<\/td>\n<\/tr>\n<tr>\n<td width=\"200\">Capacitatea de produc\u021bie<\/td>\n<td width=\"481\">6000 tone\/an<\/td>\n<\/tr>\n<tr>\n<td width=\"200\">MOQ<\/td>\n<td width=\"481\">10 buc\/dimensiune<\/td>\n<\/tr>\n<\/tbody>\n<\/table>","protected":false},"excerpt":{"rendered":"<p>STV Valve Technology Group Co., Ltd is a professional leader China ANSI 300LB cast steel check valve,ANSI 36 Inch swing check valve,WCB 36 Inch swing check valve,cast steel swing 36 Inch check valve,API 600\u00a0 36 Inch swing check valve,36 Inch Flanged end swing check valve, China 36 Inch Swing Check Valve ,36Inch Swing Check Valve , API 598 36 Inch swing check valve, BS1868 36 Inch swing check valve, API 6D 36 Inch swing check valve, ASME B16.10 36 Inch swing check valve manufacturer with high quality and low price.<\/p>","protected":false},"featured_media":8063,"template":"","meta":[],"product_brand":[],"product_cat":[46,83],"product_tag":[3466,3468,3462,3469,3465,3471,3472,3470,3464,3467,3461,3463],"class_list":{"0":"post-8062","1":"product","2":"type-product","3":"status-publish","4":"has-post-thumbnail","6":"product_cat-check-valves","7":"product_cat-cast-steel-check-valve","8":"product_tag-36-inch-flanged-end-swing-check-valve","9":"product_tag-36inch-swing-check-valve","10":"product_tag-ansi-36-inch-swing-check-valve","11":"product_tag-api-598-36-inch-swing-check-valve","12":"product_tag-api-600-36-inch-swing-check-valve","13":"product_tag-api-6d-36-inch-swing-check-valve","14":"product_tag-asme-b16-10-36-inch-swing-check-valve-manufacturer","15":"product_tag-bs1868-36-inch-swing-check-valve","16":"product_tag-cast-steel-swing-36-inch-check-valve","17":"product_tag-china-36-inch-swing-check-valve","18":"product_tag-china-ansi-300lb-cast-steel-check-valve","19":"product_tag-wcb-36-inch-swing-check-valve","21":"first","22":"instock","23":"shipping-taxable","24":"product-type-simple"},"_links":{"self":[{"href":"https:\/\/www.stvvalves.com\/ro\/wp-json\/wp\/v2\/product\/8062","targetHints":{"allow":["GET"]}}],"collection":[{"href":"https:\/\/www.stvvalves.com\/ro\/wp-json\/wp\/v2\/product"}],"about":[{"href":"https:\/\/www.stvvalves.com\/ro\/wp-json\/wp\/v2\/types\/product"}],"wp:featuredmedia":[{"embeddable":true,"href":"https:\/\/www.stvvalves.com\/ro\/wp-json\/wp\/v2\/media\/8063"}],"wp:attachment":[{"href":"https:\/\/www.stvvalves.com\/ro\/wp-json\/wp\/v2\/media?parent=8062"}],"wp:term":[{"taxonomy":"product_brand","embeddable":true,"href":"https:\/\/www.stvvalves.com\/ro\/wp-json\/wp\/v2\/product_brand?post=8062"},{"taxonomy":"product_cat","embeddable":true,"href":"https:\/\/www.stvvalves.com\/ro\/wp-json\/wp\/v2\/product_cat?post=8062"},{"taxonomy":"product_tag","embeddable":true,"href":"https:\/\/www.stvvalves.com\/ro\/wp-json\/wp\/v2\/product_tag?post=8062"}],"curies":[{"name":"wp","href":"https:\/\/api.w.org\/{rel}","templated":true}]}}