{"id":8154,"date":"2025-06-19T20:30:28","date_gmt":"2025-06-19T12:30:28","guid":{"rendered":"https:\/\/www.stvvalves.com\/?post_type=product&#038;p=8154"},"modified":"2025-06-20T09:03:22","modified_gmt":"2025-06-20T01:03:22","slug":"long-pattern-single-plate-check-valve-cf8m-body-150lb-6-inch","status":"publish","type":"product","link":"https:\/\/www.stvvalves.com\/ro\/products\/long-pattern-single-plate-check-valve-cf8m-body-150lb-6-inch\/","title":{"rendered":"Long pattern Single Plate Check valve,CF8M Body,150LB,6 Inch"},"content":{"rendered":"<p>Long pattern Single Plate Check valve,CF8M Body,150LB,6 Inch<\/p>\n<p>Long pattern Single Plate Check valve is declined against the outlet with small dropping angle to reduce the vibration meanwhile there is buffering device in the body which can buffer by the flow to prevent the pump from turning back and super-high water hammer pressure.<br \/>\nSelec\u021bia diferitelor materiale se poate aplica mediului care implic\u0103 ap\u0103, abur, uleiuri, acid azotic, acetid\u0103, mediu puternic oxidant \u0219i uree etc.<\/p>\n<p><strong>Caracteristica structural\u0103<\/strong><\/p>\n<p>\u00cenchiderea rapid\u0103 a discului de supap\u0103, presiune sc\u0103zut\u0103 a ciocanului de ariete;<br \/>\nAplicabil \u0219i u\u0219or de instalat pentru conducte verticale sau orizontale;<br \/>\nPasaj de curgere lin\u0103 \u0219i rezisten\u021b\u0103 mic\u0103 la fluid;<br \/>\nAc\u021biune flexibil\u0103 \u0219i performan\u021b\u0103 bun\u0103 de etan\u0219are;<br \/>\nCurs\u0103 \u00eengust\u0103 a supapei \u0219i impact mic de \u00eenchidere;<br \/>\nStructur\u0103 integrat\u0103, simpl\u0103 \u0219i compact\u0103, \u00eentr-o form\u0103 frumoas\u0103;<br \/>\nDurat\u0103 lung\u0103 de via\u021b\u0103 \u0219i fiabilitate bun\u0103.<br \/>\nStructur\u0103 offset, cu lungime optim\u0103 fa\u021b\u0103 \u00een fa\u021b\u0103, care reduce rezisten\u021ba la curgere \u0219i elimin\u0103 supratensiunile de presiune. pentru a fi utilizat\u0103 pentru protejarea \u00eempotriva returului mediu.<\/p>\n<p><strong>Specifica\u021bia parametrului principal<\/strong><\/p>\n<p>Proiectare \u0219i fabrica\u021bie: API594<br \/>\nFa\u021b\u0103 \u00een fa\u021b\u0103 \u0219i cap\u0103t la cap\u0103t: API594<br \/>\nInspec\u021bie \u0219i testare: API598<\/p>\n<p><strong>Gam\u0103 de produse<\/strong><\/p>\n<p>Material corpului: o\u021bel carbon, o\u021bel inoxidabil, o\u021bel aliat, bronz<br \/>\nDiametru nominal: 2\u2033~24\u2033(DN50~DN600)<br \/>\nSf\u00e2r\u0219it conexiune: Wafer<br \/>\nInterval de presiune: Clasa 150 ~ 2500 (PN16 ~ PN150)<br \/>\nTemperatura de lucru: -196\u00baC ~ +560\u00baC<\/p>","protected":false},"excerpt":{"rendered":"<p>STV Valve Technology Group Co., Ltd is a professional leader China Long pattern Single Plate Check valve Supplier, CF8M Long pattern Single Plate Check valve, 150LB Long pattern Single Plate Check valve, 6 Inch Long pattern Single Plate Check valve, Metal Seat Tilting Disc Check Valve , Metal Seat Long pattern Single Plate Check valve.API 594 Long pattern Single Plate Check valve Manufacturer with high quality and competitive price.<\/p>","protected":false},"featured_media":8155,"template":"","meta":[],"product_brand":[],"product_cat":[46,84],"product_tag":[3522,3523,3521,3520,3524,2054],"class_list":{"0":"post-8154","1":"product","2":"type-product","3":"status-publish","4":"has-post-thumbnail","6":"product_cat-check-valves","7":"product_cat-wafer-check-valve","8":"product_tag-150lb-long-pattern-single-plate-check-valve","9":"product_tag-6-inch-long-pattern-single-plate-check-valve","10":"product_tag-cf8m-long-pattern-single-plate-check-valve","11":"product_tag-china-long-pattern-single-plate-check-valve-supplier","12":"product_tag-metal-seat-long-pattern-single-plate-check-valve-api-594-long-pattern-single-plate-check-valve-manufacturer","13":"product_tag-metal-seat-tilting-disc-check-valve","15":"first","16":"instock","17":"shipping-taxable","18":"product-type-simple"},"_links":{"self":[{"href":"https:\/\/www.stvvalves.com\/ro\/wp-json\/wp\/v2\/product\/8154","targetHints":{"allow":["GET"]}}],"collection":[{"href":"https:\/\/www.stvvalves.com\/ro\/wp-json\/wp\/v2\/product"}],"about":[{"href":"https:\/\/www.stvvalves.com\/ro\/wp-json\/wp\/v2\/types\/product"}],"wp:featuredmedia":[{"embeddable":true,"href":"https:\/\/www.stvvalves.com\/ro\/wp-json\/wp\/v2\/media\/8155"}],"wp:attachment":[{"href":"https:\/\/www.stvvalves.com\/ro\/wp-json\/wp\/v2\/media?parent=8154"}],"wp:term":[{"taxonomy":"product_brand","embeddable":true,"href":"https:\/\/www.stvvalves.com\/ro\/wp-json\/wp\/v2\/product_brand?post=8154"},{"taxonomy":"product_cat","embeddable":true,"href":"https:\/\/www.stvvalves.com\/ro\/wp-json\/wp\/v2\/product_cat?post=8154"},{"taxonomy":"product_tag","embeddable":true,"href":"https:\/\/www.stvvalves.com\/ro\/wp-json\/wp\/v2\/product_tag?post=8154"}],"curies":[{"name":"wp","href":"https:\/\/api.w.org\/{rel}","templated":true}]}}