{"id":8264,"date":"2025-08-10T20:40:11","date_gmt":"2025-08-10T12:40:11","guid":{"rendered":"https:\/\/www.stvvalves.com\/?post_type=product&#038;p=8264"},"modified":"2025-08-10T20:52:28","modified_gmt":"2025-08-10T12:52:28","slug":"2pc-floating-ball-valve-wcb-6-inch-worm-gear-box-r","status":"publish","type":"product","link":"https:\/\/www.stvvalves.com\/ro\/products\/2pc-floating-ball-valve-wcb-6-inch-worm-gear-box-r\/","title":{"rendered":"2PC Floating Ball Valve ,WCB,6 Inch,Worm Gear Box,RF End"},"content":{"rendered":"<p>Product name: 2PC Floating Ball Valve ,WCB,6 Inch,Worm Gear Box,RF End<br \/>\nDesign: API 608.<br \/>\nMaterial: WCB<br \/>\nDimensiune nominal\u0103: 6 inch.<br \/>\nPresiune nominal\u0103: 150LB.<br \/>\nTermina\u021bi conexiunea: RF.<\/p>\n<p>Proiectare \u0219i fabrica\u021bie: API 6D, ASME B16.34 (BS5351), API 608, MSS-SP-72<\/p>\n<p>Dimensiune fa\u021b\u0103 \u00een fa\u021b\u0103: ASME B16.10, API 6D<\/p>\n<p>Dimensiunea conexiunii flan\u0219ei: ASME B 16.5<\/p>\n<p>Dimensiune conexiune BW: ASME B16.25<\/p>\n<p>Testare \u0219i inspec\u021bie: API 598, API 6D<\/p>\n<p>Design sigur la foc: API 607\/6FA<\/p>\n<p>Design antistatic \u0219i tij\u0103 anti-explozie<\/p>\n<p>Gam\u0103 de produse<\/p>\n<p>Material corp: o\u021bel carbon, o\u021bel inoxidabil, o\u021bel aliat<\/p>\n<p>Design cu alezaj complet \u0219i cu alezaj redus<\/p>\n<p>Nominal diameter:1\/2\u2033~10\u2033\uff08DN15~DN250\uff09<\/p>\n<p>Termina\u021bi conexiunea: RF,RTJ, BW<\/p>\n<p>Interval de presiune: Class150~600\uff08PN16~PN100\uff09<\/p>\n<p>Temperatura de lucru: -46\u2103~+200\u2103<\/p>\n<p>Func\u021bionare: m\u00e2ner, angrenaj, actuator electric etc<\/p>\n<p><strong>Piese \u0219i materiale:<\/strong><\/p>\n<p>Corp: titan TA1, TA2, TA10, TC4, GR2, GR3, GR5, o\u021bel inoxidabil duplex, o\u021bel inoxidabil super duplex, aliaj<\/p>\n<p>20, CN7M, Hastelloy, o\u021bel carbon, WC6, WC9, C5, C12, LCB, CF3M<\/p>\n<p>Capota, poarta: otel inoxidabil duplex, otel inoxidabil super duplex, aliaj 20, CN7M, Hastelloy, otel carbon, WC6,<\/p>\n<p>WC9, C5, C12, LCB, CF3M, Titan TA1, TA2, TA10, TC4, GR2, GR3, GR5<\/p>\n<p>Trim: Incoloy 800, Incoloy 800H, Incoloy 825, SS304, SS316, SS304L, SS316L, 13%Cr.Steel, Stellit, Hastelloy,<\/p>\n<p>Aliaj 20, o\u021bel inoxidabil duplex, o\u021bel inoxidabil super duplex<\/p>\n<p>Garnitur\u0103 de garnitur\u0103: Grafit, PTFE<\/p>\n<p>End Connections: Flanged, Socket weld, Butt weld<\/p>\n<p>Opera\u021bii: ac\u021bionat cu roat\u0103 de m\u00e2n\u0103, ac\u021bionat electric, ac\u021bionat pneumatic<\/p>\n<table>\n<tbody>\n<tr>\n<td width=\"200\"><strong>numele produsului<\/strong><\/td>\n<td width=\"481\">2PC Floating Ball Valve ,WCB,6 Inch,Worm Gear Box,RF End<\/td>\n<\/tr>\n<tr>\n<td width=\"200\">1. Material<\/td>\n<td width=\"481\">WCB<\/td>\n<\/tr>\n<tr>\n<td width=\"200\">2. Dimensiunea<\/td>\n<td width=\"481\">6\u201d<\/td>\n<\/tr>\n<tr>\n<td width=\"200\">4. Port<\/td>\n<td width=\"481\">Port complet<\/td>\n<\/tr>\n<tr>\n<td width=\"200\">5. Presiunea de lucru<\/td>\n<td width=\"481\">PN100<\/td>\n<\/tr>\n<tr>\n<td width=\"200\">6. Conexiunea se termin\u0103<\/td>\n<td width=\"481\">RF<\/td>\n<\/tr>\n<tr>\n<td width=\"200\">7. Temp. de lucru.<\/td>\n<td width=\"481\">-29~200\u00baC,<\/td>\n<\/tr>\n<tr>\n<td width=\"200\">8. Mediu potrivit<\/td>\n<td width=\"481\">Ap\u0103, gaze naturale, ulei \u0219i ceva lichid coroziv<\/td>\n<\/tr>\n<tr>\n<td width=\"200\">9. Operat<\/td>\n<td width=\"481\">\/<\/td>\n<\/tr>\n<tr>\n<td width=\"200\">10. Inspec\u021bie \u0219i testare<\/td>\n<td width=\"481\">Conform API598<\/td>\n<\/tr>\n<tr>\n<td width=\"200\"><strong>Expediere<\/strong><\/td>\n<td width=\"481\"><\/td>\n<\/tr>\n<tr>\n<td width=\"200\">Timpul de livrare<\/td>\n<td width=\"481\">30 de zile<\/td>\n<\/tr>\n<tr>\n<td width=\"200\">Pachet<\/td>\n<td width=\"481\">Carcas\u0103 standard de export de placaj<\/td>\n<\/tr>\n<tr>\n<td width=\"200\">Portul de expediere<\/td>\n<td width=\"481\">Ningbo\/Shanghai, China<\/td>\n<\/tr>\n<tr>\n<td width=\"200\">Termeni de livrare<\/td>\n<td width=\"481\">Exw, FOB, CFR, CIF etc.<\/td>\n<\/tr>\n<tr>\n<td width=\"200\">Termeni de plat\u0103<\/td>\n<td width=\"481\">T\/T, Western Union, PayPal etc.<\/td>\n<\/tr>\n<tr>\n<td width=\"200\"><\/td>\n<td width=\"481\">Plat\u0103 anticipat\u0103 30%, sold 70% pl\u0103tit \u00eenainte de expediere<\/td>\n<\/tr>\n<tr>\n<td width=\"200\">\u021aara de origine<\/td>\n<td width=\"481\">Ora\u0219ul Wenzhou, China<\/td>\n<\/tr>\n<tr>\n<td width=\"200\">Capacitatea de produc\u021bie<\/td>\n<td width=\"481\">6000 tone\/an<\/td>\n<\/tr>\n<tr>\n<td width=\"200\">MOQ<\/td>\n<td width=\"481\">1 buc\/dimensiune<\/td>\n<\/tr>\n<\/tbody>\n<\/table>","protected":false},"excerpt":{"rendered":"<p>STV Valve Technology Group Co., Ltd is a professional leader 2PC Floating Ball Valve Manufacture, API6D 2PC Floating Ball Valve , 2PC Floating Ball Valve ,WCB 2PC Floating Ball Valve,6 Inch 2PC Floating Ball Valve,Worm Gear Box 2PC Floating Ball Valve,RF End 2PC Floating Ball Valve Supplier.<\/p>\n<p>&nbsp;<\/p>","protected":false},"featured_media":8265,"template":"","meta":[],"product_brand":[],"product_cat":[43,78,53],"product_tag":[3595,3593,3597,3594,3599,3596,3598],"class_list":{"0":"post-8264","1":"product","2":"type-product","3":"status-publish","4":"has-post-thumbnail","6":"product_cat-ball-valve","7":"product_cat-floating-ball-valve","8":"product_cat-stainless-steel-ball-valve","9":"product_tag-2pc-floating-ball-valve","10":"product_tag-2pc-floating-ball-valve-manufacture","11":"product_tag-6-inch-2pc-floating-ball-valve","12":"product_tag-api6d-2pc-floating-ball-valve","13":"product_tag-rf-end-2pc-floating-ball-valve-supplier","14":"product_tag-wcb-2pc-floating-ball-valve","15":"product_tag-worm-gear-box-2pc-floating-ball-valve","17":"first","18":"instock","19":"shipping-taxable","20":"product-type-simple"},"_links":{"self":[{"href":"https:\/\/www.stvvalves.com\/ro\/wp-json\/wp\/v2\/product\/8264","targetHints":{"allow":["GET"]}}],"collection":[{"href":"https:\/\/www.stvvalves.com\/ro\/wp-json\/wp\/v2\/product"}],"about":[{"href":"https:\/\/www.stvvalves.com\/ro\/wp-json\/wp\/v2\/types\/product"}],"wp:featuredmedia":[{"embeddable":true,"href":"https:\/\/www.stvvalves.com\/ro\/wp-json\/wp\/v2\/media\/8265"}],"wp:attachment":[{"href":"https:\/\/www.stvvalves.com\/ro\/wp-json\/wp\/v2\/media?parent=8264"}],"wp:term":[{"taxonomy":"product_brand","embeddable":true,"href":"https:\/\/www.stvvalves.com\/ro\/wp-json\/wp\/v2\/product_brand?post=8264"},{"taxonomy":"product_cat","embeddable":true,"href":"https:\/\/www.stvvalves.com\/ro\/wp-json\/wp\/v2\/product_cat?post=8264"},{"taxonomy":"product_tag","embeddable":true,"href":"https:\/\/www.stvvalves.com\/ro\/wp-json\/wp\/v2\/product_tag?post=8264"}],"curies":[{"name":"wp","href":"https:\/\/api.w.org\/{rel}","templated":true}]}}