{"id":8267,"date":"2025-08-10T20:54:11","date_gmt":"2025-08-10T12:54:11","guid":{"rendered":"https:\/\/www.stvvalves.com\/?post_type=product&#038;p=8267"},"modified":"2025-08-10T21:01:32","modified_gmt":"2025-08-10T13:01:32","slug":"hc276-y-type-strainer-din-3352-dn-15-pn16-rf-ends","status":"publish","type":"product","link":"https:\/\/www.stvvalves.com\/ro\/products\/hc276-y-type-strainer-din-3352-dn-15-pn16-rf-ends\/","title":{"rendered":"HC276 Y Type Strainer,DIN 3352,DN15,PN16,RF Ends"},"content":{"rendered":"<p>Standard de proiectare: DIN 3356 \/ EN 13709<br \/>\nFa\u021b\u0103 \u00een fa\u021b\u0103: DIN3202 \/ EN 558-1<br \/>\nCapetele flan\u0219e: DIN2543-2545 \/ EN 1092-1<br \/>\nTest \u0219i inspec\u021bie: DIN 3230 \/ EN 12266<br \/>\nGam\u0103 de produse:<br \/>\nBody material: GS-C25\u30011.7363\u30011.4308\u30011.4408\u30011.4306\u30011.4301\u3001WCB\u3001LCB\u3001WC6\u3001WC9\u3001CF8\u3001CF8M\u3001CF3\u3001CF3M.<br \/>\nDiametru normal: 1\/2 \u2013 48 inch (DN15 \u2013 DN1200).<br \/>\nConexiune final\u0103: BW, cu flan\u0219\u0103.<br \/>\nInterval de presiune: 150 \u2013 2500 LB (PN16 \u2013 PN420).<\/p>\n<p>Aplica\u021bii: Industrie, Centrale electrice, Sta\u021bie de epurare a gazelor de ardere, tehnologie de procesare, alimentare cu gaz, instala\u021bii de vapori, instala\u021bii de reciclare, instala\u021bii de vid, ap\u0103 cald\u0103, tehnologie de \u00eenc\u0103lzire, termoficare, aplica\u021bii de ulei termic, fabrica\u021bie general\u0103 de instala\u021bii etc. (alte aplica\u021bii la cerere )<\/p>\n<p>Mediu: abur, gaze, ap\u0103 cald\u0103, fluide termice, ulei fierbinte, ap\u0103 de proces, instala\u021bii de vid, amoniac etc. (alte medii de curgere la cerere)<\/p>\n<p>Temperatura de lucru: Temperatura de lucru: de la -46\u00baC sau -50\u00baC (construc\u021bii din o\u021bel inoxidabil) \u0219i -29\u00baC sau -46\u00baC (construc\u021bii din o\u021bel carbon) p\u00e2n\u0103 la 400\u2103<\/p>\n<table>\n<tbody>\n<tr>\n<td width=\"200\"><strong>numele produsului<\/strong><\/td>\n<td width=\"481\">HC276 Y Type Strainer,DIN 3352,DN15,PN16,RF Ends<\/td>\n<\/tr>\n<tr>\n<td width=\"200\">1. Material<\/td>\n<td width=\"481\">HC276<\/td>\n<\/tr>\n<tr>\n<td width=\"200\">2. Dimensiunea<\/td>\n<td width=\"481\">1\/2\u201d<\/td>\n<\/tr>\n<tr>\n<td width=\"200\">4. Port<\/td>\n<td width=\"481\">Port complet<\/td>\n<\/tr>\n<tr>\n<td width=\"200\">5. Presiunea de lucru<\/td>\n<td width=\"481\">PN16<\/td>\n<\/tr>\n<tr>\n<td width=\"200\">6. Conexiunea se termin\u0103<\/td>\n<td width=\"481\">RF<\/td>\n<\/tr>\n<tr>\n<td width=\"200\">7. Temp. de lucru.<\/td>\n<td width=\"481\">-29~200\u00baC,<\/td>\n<\/tr>\n<tr>\n<td width=\"200\">8. Mediu potrivit<\/td>\n<td width=\"481\">Ap\u0103, gaze naturale, ulei \u0219i ceva lichid coroziv<\/td>\n<\/tr>\n<tr>\n<td width=\"200\">9. Operat<\/td>\n<td width=\"481\">\/<\/td>\n<\/tr>\n<tr>\n<td width=\"200\">10. Inspec\u021bie \u0219i testare<\/td>\n<td width=\"481\">Conform API598<\/td>\n<\/tr>\n<tr>\n<td width=\"200\"><strong>Expediere<\/strong><\/td>\n<td width=\"481\"><\/td>\n<\/tr>\n<tr>\n<td width=\"200\">Timpul de livrare<\/td>\n<td width=\"481\">30 de zile<\/td>\n<\/tr>\n<tr>\n<td width=\"200\">Pachet<\/td>\n<td width=\"481\">Carcas\u0103 standard de export de placaj<\/td>\n<\/tr>\n<tr>\n<td width=\"200\">Portul de expediere<\/td>\n<td width=\"481\">Ningbo\/Shanghai, China<\/td>\n<\/tr>\n<tr>\n<td width=\"200\">Termeni de livrare<\/td>\n<td width=\"481\">Exw, FOB, CFR, CIF etc.<\/td>\n<\/tr>\n<tr>\n<td width=\"200\">Termeni de plat\u0103<\/td>\n<td width=\"481\">T\/T, Western Union, PayPal etc.<\/td>\n<\/tr>\n<tr>\n<td width=\"200\"><\/td>\n<td width=\"481\">Plat\u0103 anticipat\u0103 30%, sold 70% pl\u0103tit \u00eenainte de expediere<\/td>\n<\/tr>\n<tr>\n<td width=\"200\">\u021aara de origine<\/td>\n<td width=\"481\">Ora\u0219ul Wenzhou, China<\/td>\n<\/tr>\n<tr>\n<td width=\"200\">Capacitatea de produc\u021bie<\/td>\n<td width=\"481\">6000 tone\/an<\/td>\n<\/tr>\n<tr>\n<td width=\"200\">MOQ<\/td>\n<td width=\"481\">1 buc\/dimensiune<\/td>\n<\/tr>\n<\/tbody>\n<\/table>","protected":false},"excerpt":{"rendered":"<p>STV Valve Technology Group Co., Ltd is a professional leader China HC276 Y Type Strainer , DN15 HC276 Y Type Strainer, PN16 HC276 Y Type Strainer,RF End HC276 Y Type Strainer,Din3352 HC276 Y Type Strainer Manufacturer with high quality and competitive price.<\/p>","protected":false},"featured_media":8268,"template":"","meta":[],"product_brand":[],"product_cat":[48,85],"product_tag":[3600,3604,3601,3602,3603],"class_list":{"0":"post-8267","1":"product","2":"type-product","3":"status-publish","4":"has-post-thumbnail","6":"product_cat-y-strainer","7":"product_cat-stainless-steel-y-type-strainer","8":"product_tag-china-hc276-y-type-strainer","9":"product_tag-din3352-hc276-y-type-strainer-manufacturer","10":"product_tag-dn15-hc276-y-type-strainer","11":"product_tag-pn16-hc276-y-type-strainer","12":"product_tag-rf-end-hc276-y-type-strainer","14":"first","15":"instock","16":"shipping-taxable","17":"product-type-simple"},"_links":{"self":[{"href":"https:\/\/www.stvvalves.com\/ro\/wp-json\/wp\/v2\/product\/8267","targetHints":{"allow":["GET"]}}],"collection":[{"href":"https:\/\/www.stvvalves.com\/ro\/wp-json\/wp\/v2\/product"}],"about":[{"href":"https:\/\/www.stvvalves.com\/ro\/wp-json\/wp\/v2\/types\/product"}],"wp:featuredmedia":[{"embeddable":true,"href":"https:\/\/www.stvvalves.com\/ro\/wp-json\/wp\/v2\/media\/8268"}],"wp:attachment":[{"href":"https:\/\/www.stvvalves.com\/ro\/wp-json\/wp\/v2\/media?parent=8267"}],"wp:term":[{"taxonomy":"product_brand","embeddable":true,"href":"https:\/\/www.stvvalves.com\/ro\/wp-json\/wp\/v2\/product_brand?post=8267"},{"taxonomy":"product_cat","embeddable":true,"href":"https:\/\/www.stvvalves.com\/ro\/wp-json\/wp\/v2\/product_cat?post=8267"},{"taxonomy":"product_tag","embeddable":true,"href":"https:\/\/www.stvvalves.com\/ro\/wp-json\/wp\/v2\/product_tag?post=8267"}],"curies":[{"name":"wp","href":"https:\/\/api.w.org\/{rel}","templated":true}]}}