{"id":8269,"date":"2025-08-10T21:04:25","date_gmt":"2025-08-10T13:04:25","guid":{"rendered":"https:\/\/www.stvvalves.com\/?post_type=product&#038;p=8269"},"modified":"2025-08-10T21:15:10","modified_gmt":"2025-08-10T13:15:10","slug":"hastelloy-c276-ball-valve-2pc-dn32-1000-wog-n","status":"publish","type":"product","link":"https:\/\/www.stvvalves.com\/ro\/products\/hastelloy-c276-ball-valve-2pc-dn32-1000-wog-n\/","title":{"rendered":"Hastelloy C276 Ball Valve,2PC, DN32,1000 WOG, NPT End"},"content":{"rendered":"<p>Supapa cu bil\u0103 cu orificiu complet de 2 buc\u0103\u021bi este o supap\u0103 cu bil\u0103 cu pas complet care nu poate fi \u00eentre\u021binut\u0103; oferind o func\u021bionare sigur\u0103 at\u00e2t pentru aplica\u021bii chimice generale, c\u00e2t \u0219i pentru cele industriale.<\/p>\n<p>supap\u0103 cu bil\u0103 de uz general care este de \u00eencredere. Corp din o\u021bel inoxidabil \u0219i scaun PTFE umplut cu carbon.<\/p>\n<p>Dispune de o tij\u0103 rezistent\u0103 la explozie \u0219i m\u00e2ner izolat, m\u00e2ner de p\u00e2rghie blocabil.<\/p>\n<p>Hastelloy C276 Body<br \/>\nBSP cu \u0219uruburi, NPT<br \/>\nDimensiuni: 1\/4\u2033 p\u00e2n\u0103 la 4\u2033<br \/>\nInterval de temperatur\u0103: -20 \u00b0C p\u00e2n\u0103 la +200 \u00b0C<br \/>\nPresiune de operare: 1000 PSI (1\/4\u2033 la 2\u2033) \u0219i 800 PSI (2 1\/2\u2033 la 4\u2033)<br \/>\nMi\u0219care: rota\u021bie de 90\u00b0<\/p>\n<table>\n<tbody>\n<tr>\n<td width=\"200\"><strong>numele produsului<\/strong><\/td>\n<td width=\"481\">Hastelloy C276 Ball Valve, 2PC, DN32, 1000 WOG, NPT End<\/td>\n<\/tr>\n<tr>\n<td width=\"200\">1. Material<\/td>\n<td width=\"481\">Hastelloy C276<\/td>\n<\/tr>\n<tr>\n<td width=\"200\">2. Dimensiunea<\/td>\n<td width=\"481\">11\/4\u201d<\/td>\n<\/tr>\n<tr>\n<td width=\"200\">4. Port<\/td>\n<td width=\"481\">Port complet<\/td>\n<\/tr>\n<tr>\n<td width=\"200\">5. Presiunea de lucru<\/td>\n<td width=\"481\">1000WOG<\/td>\n<\/tr>\n<tr>\n<td width=\"200\">6. Conexiunea se termin\u0103<\/td>\n<td width=\"481\">NPT<\/td>\n<\/tr>\n<tr>\n<td width=\"200\">7. Temp. de lucru.<\/td>\n<td width=\"481\">-29~180\u00baC,<\/td>\n<\/tr>\n<tr>\n<td width=\"200\">8. Mediu potrivit<\/td>\n<td width=\"481\">Ap\u0103, gaze naturale, ulei \u0219i ceva lichid coroziv<\/td>\n<\/tr>\n<tr>\n<td width=\"200\">9. Operat<\/td>\n<td width=\"481\">Roat\u0103 de m\u00e2n\u0103<\/td>\n<\/tr>\n<tr>\n<td width=\"200\">10. Inspec\u021bie \u0219i testare<\/td>\n<td width=\"481\">Conform API598<\/td>\n<\/tr>\n<tr>\n<td width=\"200\"><strong>Expediere<\/strong><\/td>\n<td width=\"481\"><\/td>\n<\/tr>\n<tr>\n<td width=\"200\">Timpul de livrare<\/td>\n<td width=\"481\">30 de zile<\/td>\n<\/tr>\n<tr>\n<td width=\"200\">Pachet<\/td>\n<td width=\"481\">Carcas\u0103 standard de export de placaj<\/td>\n<\/tr>\n<tr>\n<td width=\"200\">Portul de expediere<\/td>\n<td width=\"481\">Ningbo\/Shanghai, China<\/td>\n<\/tr>\n<tr>\n<td width=\"200\">Termeni de livrare<\/td>\n<td width=\"481\">Exw, FOB, CFR, CIF etc.<\/td>\n<\/tr>\n<tr>\n<td width=\"200\">Termeni de plat\u0103<\/td>\n<td width=\"481\">T\/T, Western Union, PayPal etc.<\/td>\n<\/tr>\n<tr>\n<td width=\"200\"><\/td>\n<td width=\"481\">Plat\u0103 anticipat\u0103 30%, sold 70% pl\u0103tit \u00eenainte de expediere<\/td>\n<\/tr>\n<tr>\n<td width=\"200\">\u021aara de origine<\/td>\n<td width=\"481\">Ora\u0219ul Wenzhou, China<\/td>\n<\/tr>\n<tr>\n<td width=\"200\">Capacitatea de produc\u021bie<\/td>\n<td width=\"481\">6000 tone\/an<\/td>\n<\/tr>\n<tr>\n<td width=\"200\">MOQ<\/td>\n<td width=\"481\">1 buc\/dimensiune<\/td>\n<\/tr>\n<\/tbody>\n<\/table>","protected":false},"excerpt":{"rendered":"<p>STV Valve Technology Group Co., Ltd is a professional leader China 2-PC Ball Valve, 1000 WOG Hastelloy C276 Ball Valve,2PC Hastelloy C276 Ball Valve, DN32 Hastelloy C276 Ball Valve,1000 WOG Hastelloy C276 Ball Valve, NPT End Hastelloy C276 Ball Valve Manufacturer with high quality and competitive price<\/p>","protected":false},"featured_media":8270,"template":"","meta":[],"product_brand":[],"product_cat":[43,79],"product_tag":[3605,3606,2094,3607,3608],"class_list":{"0":"post-8269","1":"product","2":"type-product","3":"status-publish","4":"has-post-thumbnail","6":"product_cat-ball-valve","7":"product_cat-threaded-ball-valve","8":"product_tag-1000-wog-hastelloy-c276-ball-valve","9":"product_tag-2pc-hastelloy-c276-ball-valve","10":"product_tag-china-2-pc-ball-valve","11":"product_tag-dn32-hastelloy-c276-ball-valve","12":"product_tag-npt-end-hastelloy-c276-ball-valve-manufacturer","14":"first","15":"instock","16":"shipping-taxable","17":"product-type-simple"},"_links":{"self":[{"href":"https:\/\/www.stvvalves.com\/ro\/wp-json\/wp\/v2\/product\/8269","targetHints":{"allow":["GET"]}}],"collection":[{"href":"https:\/\/www.stvvalves.com\/ro\/wp-json\/wp\/v2\/product"}],"about":[{"href":"https:\/\/www.stvvalves.com\/ro\/wp-json\/wp\/v2\/types\/product"}],"wp:featuredmedia":[{"embeddable":true,"href":"https:\/\/www.stvvalves.com\/ro\/wp-json\/wp\/v2\/media\/8270"}],"wp:attachment":[{"href":"https:\/\/www.stvvalves.com\/ro\/wp-json\/wp\/v2\/media?parent=8269"}],"wp:term":[{"taxonomy":"product_brand","embeddable":true,"href":"https:\/\/www.stvvalves.com\/ro\/wp-json\/wp\/v2\/product_brand?post=8269"},{"taxonomy":"product_cat","embeddable":true,"href":"https:\/\/www.stvvalves.com\/ro\/wp-json\/wp\/v2\/product_cat?post=8269"},{"taxonomy":"product_tag","embeddable":true,"href":"https:\/\/www.stvvalves.com\/ro\/wp-json\/wp\/v2\/product_tag?post=8269"}],"curies":[{"name":"wp","href":"https:\/\/api.w.org\/{rel}","templated":true}]}}