{"id":8584,"date":"2025-12-08T16:41:48","date_gmt":"2025-12-08T08:41:48","guid":{"rendered":"https:\/\/www.stvvalves.com\/?post_type=product&#038;p=8584"},"modified":"2025-12-08T16:49:26","modified_gmt":"2025-12-08T08:49:26","slug":"forged-astm-a182-f51-globe-valve-1-1-2-inch-800-lb-api-602-sw","status":"publish","type":"product","link":"https:\/\/www.stvvalves.com\/ro\/products\/forged-astm-a182-f51-globe-valve-1-1-2-inch-800-lb-api-602-sw\/","title":{"rendered":"Forged ASTM A182 F51 Globe Valve, 11\/2 Inch, 800 LB, API 602, SW"},"content":{"rendered":"<p>Proiectarea \u0219i fabricarea sunt conforme cu BS 5352, ANSI B16.34<\/p>\n<p>Capetele de conectare sunt conforme cu:<\/p>\n<p>1. Capetele sudate cu muf\u0103 sunt conforme cu ANSI B16.11<\/p>\n<p>2. Capetele \u0219uruburilor sunt conforme cu ANSI B1.20.1<\/p>\n<p>3..Capetele sudate cap la cap sunt conforme cu ANSI B16.25<\/p>\n<p>Testarea \u0219i inspec\u021bia sunt conforme cu: API 598<\/p>\n<p>1) Informa\u021bii despre produs: supapele furnizate sunt utilizate \u00een principal pentru ap\u0103, aer, ulei, gaz<br \/>\n2) Tip de conexiune: tip flan\u0219, tip de sudare cu priz\u0103, tip de sudare cap la cap, tip \u0219urub<br \/>\n3) Material:<br \/>\na) Caroseria: A105, LCB, F11, F22, F304, F316, F304L, F316L<br \/>\nb) Disc: A105, LCB, F11, F22, F304, F316, F304L, F316L<br \/>\nc) Tij\u0103: F6a, F11, F22, F304, F316, F304L, F316L<br \/>\nd) Capot\u0103: A105, LCB, F11, F22, F304, F316, F304L, F316L<br \/>\n4) Dimensiune: 15-50mm\/1\/2\u2033 \u2013 2\u2033<br \/>\n5) Gradul de presiune: PN16~PN100, 150Lb~2500Lb<br \/>\n6) Acoperire: Acoperire conform cerin\u021belor clien\u021bilor<br \/>\n7) Pachet: Cutii de lemn<\/p>\n<p>Caracteristici:<br \/>\nA compact but extremely sturdy design for high pressure-temperature service.<br \/>\n\u00b7Bolted or Welded Bonnet.<br \/>\n\u00b7Flanged, Threaded or Socket Weld Ends.<br \/>\n\u00b7Forged Carbon, Stainless or Alloy Steel Materials.<br \/>\n\u00b7Available in all trim configurations.<br \/>\n\u00b7Full Port option available for classes 150 &#8211; 2500.<\/p>\n<table>\n<tbody>\n<tr>\n<td width=\"200\"><strong>numele produsului<\/strong><\/td>\n<td width=\"481\">Forged ASTM A182 F51 Globe Valve, 11\/2 Inch, 800 LB, API 602, SW<\/td>\n<\/tr>\n<tr>\n<td width=\"200\">1. Material<\/td>\n<td width=\"481\">F51<\/td>\n<\/tr>\n<tr>\n<td width=\"200\">2. Dimensiunea<\/td>\n<td width=\"481\">11\/2\u201d<\/td>\n<\/tr>\n<tr>\n<td width=\"200\">4. Port<\/td>\n<td width=\"481\">Port reductor<\/td>\n<\/tr>\n<tr>\n<td width=\"200\">5. Presiunea de lucru<\/td>\n<td width=\"481\">800 lb<\/td>\n<\/tr>\n<tr>\n<td width=\"200\">6. Conexiunea se termin\u0103<\/td>\n<td width=\"481\">SW<\/td>\n<\/tr>\n<tr>\n<td width=\"200\">7. Temp. de lucru.<\/td>\n<td width=\"481\">-29~425\u00baC,<\/td>\n<\/tr>\n<tr>\n<td width=\"200\">8. Mediu potrivit<\/td>\n<td width=\"481\">Ap\u0103, gaze naturale, ulei \u0219i ceva lichid coroziv<\/td>\n<\/tr>\n<tr>\n<td width=\"200\">9. Operat<\/td>\n<td width=\"481\">Roat\u0103 de m\u00e2n\u0103<\/td>\n<\/tr>\n<tr>\n<td width=\"200\">10. Inspec\u021bie \u0219i testare<\/td>\n<td width=\"481\">Conform API598<\/td>\n<\/tr>\n<tr>\n<td width=\"200\"><strong>Expediere<\/strong><\/td>\n<td width=\"481\"><\/td>\n<\/tr>\n<tr>\n<td width=\"200\">Timpul de livrare<\/td>\n<td width=\"481\">30 de zile<\/td>\n<\/tr>\n<tr>\n<td width=\"200\">Pachet<\/td>\n<td width=\"481\">Carcas\u0103 standard de export de placaj<\/td>\n<\/tr>\n<tr>\n<td width=\"200\">Portul de expediere<\/td>\n<td width=\"481\">Ningbo\/Shanghai, China<\/td>\n<\/tr>\n<tr>\n<td width=\"200\">Termeni de livrare<\/td>\n<td width=\"481\">Exw, FOB, CFR, CIF etc.<\/td>\n<\/tr>\n<tr>\n<td width=\"200\">Termeni de plat\u0103<\/td>\n<td width=\"481\">T\/T, Western Union, PayPal etc.<\/td>\n<\/tr>\n<tr>\n<td width=\"200\"><\/td>\n<td width=\"481\">Plat\u0103 anticipat\u0103 30%, sold 70% pl\u0103tit \u00eenainte de expediere<\/td>\n<\/tr>\n<tr>\n<td width=\"200\">\u021aara de origine<\/td>\n<td width=\"481\">Ora\u0219ul Wenzhou, China<\/td>\n<\/tr>\n<tr>\n<td width=\"200\">Capacitatea de produc\u021bie<\/td>\n<td width=\"481\">6000 tone\/an<\/td>\n<\/tr>\n<tr>\n<td width=\"200\">MOQ<\/td>\n<td width=\"481\">1 buc\/dimensiune<\/td>\n<\/tr>\n<\/tbody>\n<\/table>","protected":false},"excerpt":{"rendered":"<h1 class=\"product_title entry-title\">Forged ASTM A182 F51 Globe Valve, 11\/2 Inch, 800 LB, API 602, SW<\/h1>\n<div class=\"woocommerce-product-details__short-description\">\n<p>Model:STV-J61Y-800LB-DN40-F51.<\/p>\n<p>STV Valve Technology Group Co., Ltd is a professional leader China API 602 800LB Globe Valve,Bolt Bonnet Globe valve,11\/2 Inch Bolt Bonnet Globe valve,Forged steel Bonnet Globe valve,f51 Bolt Bonnet Globe valve,SW End Bolt Bonnet Globe valve Manufacturer with high quality and competitive price.<\/p>\n<p>V\u0103 rug\u0103m s\u0103 contacta\u021bi sales@stvvalve.com pentru alte materiale \u0219i detalii.<\/p>\n<\/div>","protected":false},"featured_media":8585,"template":"","meta":[],"product_brand":[],"product_cat":[64,45],"product_tag":[3791,1110,3790,3792,3384,3386],"class_list":{"0":"post-8584","1":"product","2":"type-product","3":"status-publish","4":"has-post-thumbnail","6":"product_cat-foreged-steel-globe-valve","7":"product_cat-globe-valve","8":"product_tag-11-2-inch-bolt-bonnet-globe-valve","9":"product_tag-bolt-bonnet-globe-valve","10":"product_tag-china-api-602-800lb-globe-valve","11":"product_tag-f51-bolt-bonnet-globe-valve","12":"product_tag-forged-steel-bonnet-globe-valve","13":"product_tag-sw-end-bolt-bonnet-globe-valve-manufacturer","15":"first","16":"instock","17":"shipping-taxable","18":"product-type-simple"},"_links":{"self":[{"href":"https:\/\/www.stvvalves.com\/ro\/wp-json\/wp\/v2\/product\/8584","targetHints":{"allow":["GET"]}}],"collection":[{"href":"https:\/\/www.stvvalves.com\/ro\/wp-json\/wp\/v2\/product"}],"about":[{"href":"https:\/\/www.stvvalves.com\/ro\/wp-json\/wp\/v2\/types\/product"}],"wp:featuredmedia":[{"embeddable":true,"href":"https:\/\/www.stvvalves.com\/ro\/wp-json\/wp\/v2\/media\/8585"}],"wp:attachment":[{"href":"https:\/\/www.stvvalves.com\/ro\/wp-json\/wp\/v2\/media?parent=8584"}],"wp:term":[{"taxonomy":"product_brand","embeddable":true,"href":"https:\/\/www.stvvalves.com\/ro\/wp-json\/wp\/v2\/product_brand?post=8584"},{"taxonomy":"product_cat","embeddable":true,"href":"https:\/\/www.stvvalves.com\/ro\/wp-json\/wp\/v2\/product_cat?post=8584"},{"taxonomy":"product_tag","embeddable":true,"href":"https:\/\/www.stvvalves.com\/ro\/wp-json\/wp\/v2\/product_tag?post=8584"}],"curies":[{"name":"wp","href":"https:\/\/api.w.org\/{rel}","templated":true}]}}