{"id":8586,"date":"2025-12-11T09:54:35","date_gmt":"2025-12-11T01:54:35","guid":{"rendered":"https:\/\/www.stvvalves.com\/?post_type=product&#038;p=8586"},"modified":"2025-12-11T10:26:04","modified_gmt":"2025-12-11T02:26:04","slug":"astm-b148-c95800-gate-valve-8-inch-300-lb-ff-end","status":"publish","type":"product","link":"https:\/\/www.stvvalves.com\/ro\/products\/astm-b148-c95800-gate-valve-8-inch-300-lb-ff-end\/","title":{"rendered":"ASTM B148 C95800 Gate Valve,8 Inch,300 LB, FF End"},"content":{"rendered":"<p><strong>Aplica\u021bie:<\/strong><\/p>\n<p>Design&amp;Manucture: API6D\/ASME B16.34<\/p>\n<p>Face to Face Dimensions B16.10<\/p>\n<p>End Flange Dimensions B16.5<\/p>\n<p>Butt Welded Dimensions B16.25<\/p>\n<p>Test&amp;Inespection: API598<\/p>\n<p>&nbsp;<\/p>\n<p><strong>Specifica\u021bie:<\/strong><\/p>\n<p>Size:2-32&#8243;<\/p>\n<p>Presiune: 150-300 lb<\/p>\n<p>Material:C95800,C95400,C83600<\/p>\n<p>Temperature:-29\u00b0C+260\u00b0C<\/p>\n<p>Service:Sea Water<\/p>\n<p>&nbsp;<\/p>\n<p>Gate Valve full port design OS&amp;Y ,Outside screw and yoke,bolted bonnet.<\/p>\n<p>Flexiable wedge, Fully guided<\/p>\n<p>Choice of solid or split wedge<\/p>\n<p>Renewable seat rings<\/p>\n<p>Forged T-head stem<\/p>\n<p>Rising stem and non-rising handwheel<\/p>\n<p>Flanged or Butt welding ends<\/p>\n<p>Available with BG operator.<\/p>\n<p>ASTM B148 C95800 Corrosion resisting, High Strength, Abrasive resistance.<\/p>\n<p>&nbsp;<\/p>\n<p>&nbsp;<\/p>\n<table width=\"751\">\n<tbody>\n<tr>\n<td>Numele produsului:<\/td>\n<td>ASTM B148 C95800 Gate Valve,8 Inch,300 LB, FF End<\/td>\n<\/tr>\n<tr>\n<td>1.Material:<\/td>\n<td>C95800<\/td>\n<\/tr>\n<tr>\n<td>2. Dimensiune:<\/td>\n<td>8 inchi<\/td>\n<\/tr>\n<tr>\n<td>3.Port:<\/td>\n<td>DEPLIN<\/td>\n<\/tr>\n<tr>\n<td>4. Temperatura de lucru:<\/td>\n<td>-29 \u00b0C-260 \u00b0C<\/td>\n<\/tr>\n<tr>\n<td>5. Sf\u00e2r\u0219itul conexiunii:<\/td>\n<td>FF<\/td>\n<\/tr>\n<tr>\n<td>6. Presiune de lucru:<\/td>\n<td>300 lb<\/td>\n<\/tr>\n<tr>\n<td>7. Mediu potrivit:<\/td>\n<td>Ap\u0103, gaze naturale, ulei \u0219i ceva lichid coroziv<\/td>\n<\/tr>\n<tr>\n<td>8. Operat:<\/td>\n<td>\/<\/td>\n<\/tr>\n<tr>\n<td>9. Inspec\u021bie \u0219i testare<\/td>\n<td>Conform API 598<\/td>\n<\/tr>\n<tr>\n<td>Certificat:<\/td>\n<td>ISO, CE\/API 6D<\/td>\n<\/tr>\n<tr>\n<td><strong>Expediere<\/strong><\/td>\n<td><\/td>\n<\/tr>\n<tr>\n<td>Timpul de livrare<\/td>\n<td>30 de zile<\/td>\n<\/tr>\n<tr>\n<td>Pachet<\/td>\n<td>Carcas\u0103 standard de export de placaj<\/td>\n<\/tr>\n<tr>\n<td>Portul de expediere<\/td>\n<td>Ningbo\/Shanghai, China<\/td>\n<\/tr>\n<tr>\n<td>Termeni de livrare<\/td>\n<td>Exw, FOB, CFR, CIF etc.<\/td>\n<\/tr>\n<tr>\n<td>Termeni de plat\u0103<\/td>\n<td>T\/T, Western Union, PayPal etc.<\/td>\n<\/tr>\n<tr>\n<td><\/td>\n<td>Plat\u0103 anticipat\u0103 30%, sold 70% pl\u0103tit \u00eenainte de expediere<\/td>\n<\/tr>\n<tr>\n<td>\u021aara de origine<\/td>\n<td>Ora\u0219ul Wenzhou, China<\/td>\n<\/tr>\n<tr>\n<td>Capacitatea de produc\u021bie<\/td>\n<td>6000 tone\/an<\/td>\n<\/tr>\n<tr>\n<td>MOQ<\/td>\n<td>10 buc\/dimensiune<\/td>\n<\/tr>\n<\/tbody>\n<\/table>","protected":false},"excerpt":{"rendered":"<p>STV Valve Technology Group Co., Ltd is China 300LB C95800 Gate Valve Manufacture,China 300LB C95800 Gate Valve Supplier, China 300LB C95800 Gate Valve Facotry. 8 Inch ASTM B148 C95800 Gate Valve,300LB C95800 Gate Valve in China.<\/p>\n<p>&nbsp;<\/p>","protected":false},"featured_media":8587,"template":"","meta":[],"product_brand":[],"product_cat":[44,58],"product_tag":[3795,3796,3797,3793,3794],"class_list":{"0":"post-8586","1":"product","2":"type-product","3":"status-publish","4":"has-post-thumbnail","6":"product_cat-gate-valve","7":"product_cat-cast-steel-gate-valve","8":"product_tag-300lb-c95800-gate-valve-in-china","9":"product_tag-8-inch-astm-b148-c95800-gate-valve","10":"product_tag-china-300lb-c95800-gate-valve-facotry","11":"product_tag-china-300lb-c95800-gate-valve-manufacture","12":"product_tag-china-300lb-c95800-gate-valve-supplier","14":"first","15":"instock","16":"shipping-taxable","17":"product-type-simple"},"_links":{"self":[{"href":"https:\/\/www.stvvalves.com\/ro\/wp-json\/wp\/v2\/product\/8586","targetHints":{"allow":["GET"]}}],"collection":[{"href":"https:\/\/www.stvvalves.com\/ro\/wp-json\/wp\/v2\/product"}],"about":[{"href":"https:\/\/www.stvvalves.com\/ro\/wp-json\/wp\/v2\/types\/product"}],"wp:featuredmedia":[{"embeddable":true,"href":"https:\/\/www.stvvalves.com\/ro\/wp-json\/wp\/v2\/media\/8587"}],"wp:attachment":[{"href":"https:\/\/www.stvvalves.com\/ro\/wp-json\/wp\/v2\/media?parent=8586"}],"wp:term":[{"taxonomy":"product_brand","embeddable":true,"href":"https:\/\/www.stvvalves.com\/ro\/wp-json\/wp\/v2\/product_brand?post=8586"},{"taxonomy":"product_cat","embeddable":true,"href":"https:\/\/www.stvvalves.com\/ro\/wp-json\/wp\/v2\/product_cat?post=8586"},{"taxonomy":"product_tag","embeddable":true,"href":"https:\/\/www.stvvalves.com\/ro\/wp-json\/wp\/v2\/product_tag?post=8586"}],"curies":[{"name":"wp","href":"https:\/\/api.w.org\/{rel}","templated":true}]}}