{"id":8605,"date":"2025-12-12T22:02:55","date_gmt":"2025-12-12T14:02:55","guid":{"rendered":"https:\/\/www.stvvalves.com\/?post_type=product&#038;p=8605"},"modified":"2025-12-12T22:14:56","modified_gmt":"2025-12-12T14:14:56","slug":"bolt-bonnet-gate-valve-astm-a217-wc6-12-inch-600-lb-rf-end","status":"publish","type":"product","link":"https:\/\/www.stvvalves.com\/ro\/products\/bolt-bonnet-gate-valve-astm-a217-wc6-12-inch-600-lb-rf-end\/","title":{"rendered":"Bolt Bonnet Gate Valve , ASTM A217 WC6, 12 Inch, 600 LB ,RF End"},"content":{"rendered":"<p>Design and Manufacture\uff1a API600,ASME B16.34,API 6D<\/p>\n<p>Inspec\u021bie \u0219i testare: API598, API600 sau API 6D<\/p>\n<p>Dimensiunea flan\u0219ei de cap\u0103t: ASME B16.5 (pentru NPS\u226424, ASME B 16.47 seria B, API 605, ASME B16.47 A Series, MSS SP-44 (pentru NPS\uff1e24)<\/p>\n<p>Dimensiune final\u0103 BW: ASME B16.25<\/p>\n<p>Fa\u021b\u0103 \u00een fa\u021b\u0103 \u0219i cap\u0103t la cap\u0103t: ASME B16.10<\/p>\n<p>Evalu\u0103ri presiune-temperatura: ASME B16.34<\/p>\n<p>Dimensiunea grosimii peretelui: API 600, BS 1868<\/p>\n<p>Gam\u0103 de produse<\/p>\n<p>Body material: WCB, LCB, LCC, CF8, CF8M, CF3, CF3M, , LCB, WC6, WC9, C12, C5<\/p>\n<p>Diametru nominal: 1\/2\u2033~48\u2033(DN15~DN1200)<\/p>\n<p>Termina\u021bi conexiunea: RF,RTJ, BW<\/p>\n<p>Interval de presiune: Class150~2500(PN16~PN420)<\/p>\n<p>Temperatura de lucru: -196\u2103~+560\u2103<\/p>\n<p>&nbsp;<\/p>\n<table width=\"751\">\n<tbody>\n<tr>\n<td>Numele produsului:<\/td>\n<td>Bolt Bonnet Gate Valve , ASTM A217 WC6, 12 Inch, 600 LB ,RF End<\/td>\n<\/tr>\n<tr>\n<td>1.Material:<\/td>\n<td>WC6<\/td>\n<\/tr>\n<tr>\n<td>2. Dimensiune:<\/td>\n<td>12&#8243;<\/td>\n<\/tr>\n<tr>\n<td>3.Port:<\/td>\n<td>DEPLIN<\/td>\n<\/tr>\n<tr>\n<td>4. Temperatura de lucru:<\/td>\n<td>-29 \u00b0C-540 \u00b0C<\/td>\n<\/tr>\n<tr>\n<td>5. Sf\u00e2r\u0219itul conexiunii:<\/td>\n<td>RF<\/td>\n<\/tr>\n<tr>\n<td>6. Presiune de lucru:<\/td>\n<td>600 lb<\/td>\n<\/tr>\n<tr>\n<td>7. Mediu potrivit:<\/td>\n<td>Ap\u0103, gaze naturale, ulei \u0219i ceva lichid coroziv<\/td>\n<\/tr>\n<tr>\n<td>8. Operat:<\/td>\n<td>\/<\/td>\n<\/tr>\n<tr>\n<td>9. Inspec\u021bie \u0219i testare<\/td>\n<td>Conform API 598<\/td>\n<\/tr>\n<tr>\n<td>Certificat:<\/td>\n<td>ISO, CE\/API 6D<\/td>\n<\/tr>\n<tr>\n<td><strong>Expediere<\/strong><\/td>\n<td><\/td>\n<\/tr>\n<tr>\n<td>Timpul de livrare<\/td>\n<td>30 de zile<\/td>\n<\/tr>\n<tr>\n<td>Pachet<\/td>\n<td>Carcas\u0103 standard de export de placaj<\/td>\n<\/tr>\n<tr>\n<td>Portul de expediere<\/td>\n<td>Ningbo\/Shanghai, China<\/td>\n<\/tr>\n<tr>\n<td>Termeni de livrare<\/td>\n<td>Exw, FOB, CFR, CIF etc.<\/td>\n<\/tr>\n<tr>\n<td>Termeni de plat\u0103<\/td>\n<td>T\/T, Western Union, PayPal etc.<\/td>\n<\/tr>\n<tr>\n<td><\/td>\n<td>Plat\u0103 anticipat\u0103 30%, sold 70% pl\u0103tit \u00eenainte de expediere<\/td>\n<\/tr>\n<tr>\n<td>\u021aara de origine<\/td>\n<td>Ora\u0219ul Wenzhou, China<\/td>\n<\/tr>\n<tr>\n<td>Capacitatea de produc\u021bie<\/td>\n<td>6000 tone\/an<\/td>\n<\/tr>\n<tr>\n<td>MOQ<\/td>\n<td>10 buc\/dimensiune<\/td>\n<\/tr>\n<\/tbody>\n<\/table>","protected":false},"excerpt":{"rendered":"<p>STV Valve Technology Group Co., Ltd is China API 600 Wedge Gate Valve,Bolt Bonnet Gate Valve , ASTM A217 WC6 Gate Valve, 12 Inch Gate Valve, 600 LB WC6 Gate Valve\u00a0,RF End WC6 Gate Valve manufacturer with high quality and low price.<\/p>\n<p>&nbsp;<\/p>\n<p>&nbsp;<\/p>","protected":false},"featured_media":8606,"template":"","meta":[],"product_brand":[],"product_cat":[44,58],"product_tag":[3815,3816,3814,196,3301,3817],"class_list":{"0":"post-8605","1":"product","2":"type-product","3":"status-publish","4":"has-post-thumbnail","6":"product_cat-gate-valve","7":"product_cat-cast-steel-gate-valve","8":"product_tag-12-inch-gate-valve","9":"product_tag-600-lb-wc6-gate-valve","10":"product_tag-astm-a217-wc6-gate-valve","11":"product_tag-bolt-bonnet-gate-valve","12":"product_tag-china-api-600-wedge-gate-valve","13":"product_tag-rf-end-wc6-gate-valve-manufacturer","15":"first","16":"instock","17":"shipping-taxable","18":"product-type-simple"},"_links":{"self":[{"href":"https:\/\/www.stvvalves.com\/ro\/wp-json\/wp\/v2\/product\/8605","targetHints":{"allow":["GET"]}}],"collection":[{"href":"https:\/\/www.stvvalves.com\/ro\/wp-json\/wp\/v2\/product"}],"about":[{"href":"https:\/\/www.stvvalves.com\/ro\/wp-json\/wp\/v2\/types\/product"}],"wp:featuredmedia":[{"embeddable":true,"href":"https:\/\/www.stvvalves.com\/ro\/wp-json\/wp\/v2\/media\/8606"}],"wp:attachment":[{"href":"https:\/\/www.stvvalves.com\/ro\/wp-json\/wp\/v2\/media?parent=8605"}],"wp:term":[{"taxonomy":"product_brand","embeddable":true,"href":"https:\/\/www.stvvalves.com\/ro\/wp-json\/wp\/v2\/product_brand?post=8605"},{"taxonomy":"product_cat","embeddable":true,"href":"https:\/\/www.stvvalves.com\/ro\/wp-json\/wp\/v2\/product_cat?post=8605"},{"taxonomy":"product_tag","embeddable":true,"href":"https:\/\/www.stvvalves.com\/ro\/wp-json\/wp\/v2\/product_tag?post=8605"}],"curies":[{"name":"wp","href":"https:\/\/api.w.org\/{rel}","templated":true}]}}