{"id":8757,"date":"2025-12-31T19:57:48","date_gmt":"2025-12-31T11:57:48","guid":{"rendered":"https:\/\/www.stvvalves.com\/?post_type=product&#038;p=8757"},"modified":"2025-12-31T20:02:15","modified_gmt":"2025-12-31T12:02:15","slug":"2pc-flange-ball-valve-dn50-150lb-304-body-rf-end","status":"publish","type":"product","link":"https:\/\/www.stvvalves.com\/ro\/products\/2pc-flange-ball-valve-dn50-150lb-304-body-rf-end\/","title":{"rendered":"2PC Flange Ball Valve,DN50,150LB,304 Body,RF END"},"content":{"rendered":"<p>Disponibil \u00een o\u021bel inoxidabil sau o\u021bel carbon<br \/>\nCorpul \u0219i cap\u0103tul sunt caz de investi\u021bie<br \/>\nGarnitur\u0103 auto-reglabil\u0103 a tijei<br \/>\nDesign tulpin\u0103 rezistent la explozie<br \/>\nDublu 100 de aer testat sub ap\u0103 la 100 psi<br \/>\nPresiune de lucru ANSI 150<br \/>\nInterval de temperatur\u0103: -29\u00b0C p\u00e2n\u0103 la +120\u00b0C<br \/>\nsuport de montare ISO 5211<br \/>\nTip capac: cap\u0103t cu flan\u0219\u0103 (ANSI 150)<br \/>\nDimensiunea flan\u0219ei: fa\u021b\u0103 \u00een fa\u021b\u0103 ANSI<br \/>\nB16.10; racord cu flansa ANSI B16.50<\/p>\n<p>Specificatii tehnice:<\/p>\n<p>Standard de proiectare \u0219i fabrica\u021bie: API 6D, API 608<\/p>\n<p>Standard de presiune \u0219i temperatur\u0103: ASME B16.34<\/p>\n<p>Standard de dimensiuni fa\u021b\u0103 \u00een fa\u021b\u0103: ASME B16.10<\/p>\n<p>Standard de flan\u0219\u0103: ASME B16.5, ASME B16.47<\/p>\n<p>Standard de testare \u0219i inspectare: API 598, API 6D<\/p>\n<p>&nbsp;<\/p>\n<table>\n<tbody>\n<tr>\n<td width=\"200\"><strong>numele produsului<\/strong><\/td>\n<td width=\"481\">2PC Flange Ball Valve,DN50,150LB,304 Body,RF END<\/td>\n<\/tr>\n<tr>\n<td width=\"200\">1. Material<\/td>\n<td width=\"481\">CF8<\/td>\n<\/tr>\n<tr>\n<td width=\"200\">2. Dimensiunea<\/td>\n<td width=\"481\">2\u201d<\/td>\n<\/tr>\n<tr>\n<td width=\"200\">4. Port<\/td>\n<td width=\"481\">Port complet<\/td>\n<\/tr>\n<tr>\n<td width=\"200\">5. Presiunea de lucru<\/td>\n<td width=\"481\">150 lb<\/td>\n<\/tr>\n<tr>\n<td width=\"200\">6. Conexiunea se termin\u0103<\/td>\n<td width=\"481\">RF<\/td>\n<\/tr>\n<tr>\n<td width=\"200\">7. Temp. de lucru.<\/td>\n<td width=\"481\">-29~180\u00baC,<\/td>\n<\/tr>\n<tr>\n<td width=\"200\">8. Mediu potrivit<\/td>\n<td width=\"481\">Ap\u0103, gaze naturale, ulei \u0219i ceva lichid coroziv<\/td>\n<\/tr>\n<tr>\n<td width=\"200\">9. Operat<\/td>\n<td width=\"481\">Roat\u0103 de m\u00e2n\u0103<\/td>\n<\/tr>\n<tr>\n<td width=\"200\">10. Inspec\u021bie \u0219i testare<\/td>\n<td width=\"481\">Conform API598<\/td>\n<\/tr>\n<tr>\n<td width=\"200\"><strong>Expediere<\/strong><\/td>\n<td width=\"481\"><\/td>\n<\/tr>\n<tr>\n<td width=\"200\">Timpul de livrare<\/td>\n<td width=\"481\">30 de zile<\/td>\n<\/tr>\n<tr>\n<td width=\"200\">Pachet<\/td>\n<td width=\"481\">Carcas\u0103 standard de export de placaj<\/td>\n<\/tr>\n<tr>\n<td width=\"200\">Portul de expediere<\/td>\n<td width=\"481\">Ningbo\/Shanghai, China<\/td>\n<\/tr>\n<tr>\n<td width=\"200\">Termeni de livrare<\/td>\n<td width=\"481\">Exw, FOB, CFR, CIF etc.<\/td>\n<\/tr>\n<tr>\n<td width=\"200\">Termeni de plat\u0103<\/td>\n<td width=\"481\">T\/T, Western Union, PayPal etc.<\/td>\n<\/tr>\n<tr>\n<td width=\"200\"><\/td>\n<td width=\"481\">Plat\u0103 anticipat\u0103 30%, sold 70% pl\u0103tit \u00eenainte de expediere<\/td>\n<\/tr>\n<tr>\n<td width=\"200\">\u021aara de origine<\/td>\n<td width=\"481\">Ora\u0219ul Wenzhou, China<\/td>\n<\/tr>\n<tr>\n<td width=\"200\">Capacitatea de produc\u021bie<\/td>\n<td width=\"481\">6000 tone\/an<\/td>\n<\/tr>\n<tr>\n<td width=\"200\">MOQ<\/td>\n<td width=\"481\">1 buc\/dimensiune<\/td>\n<\/tr>\n<\/tbody>\n<\/table>","protected":false},"excerpt":{"rendered":"<p>Model: Q41F-150LB-WCB<\/p>\n<p>Carbon Steel Flange Ball Valve is\u00a0 full bore 2 piece Ball Valve.150 lB Flange ,it is a\u00a0 304 body and stainless steel 316\/304 ball, with TFM seats for High Temperatures.<\/p>\n<p>Supapa este conform\u0103 cu ISO 5211 suport de montare direct\u0103 pentru o ac\u021bionare u\u0219oar\u0103 \u0219i este furnizat\u0103 cu un m\u00e2ner de p\u00e2rghie capabil de lac\u0103t.<\/p>\n<p>Supapa ofer\u0103 o func\u021bionare sigur\u0103 \u00een multe aplica\u021bii industriale \u0219i chimice \u0219i este ideal\u0103 at\u00e2t pentru izolarea manual\u0103, c\u00e2t \u0219i pentru ac\u021bionarea u\u0219oar\u0103, av\u00e2nd caracteristici de cuplu sc\u0103zut cuplate cu debite mari.<\/p>\n<p>STV Valve Technology Group Co., Ltd is a professional leader China 2pc Flange Ball Valve,Carbon Steel Split Body Ball Valve,Flanged Ball Valves,Flanged 304 Ball Valve With Locking Device,Flanged Full Port 304 Ball Valve,China 304 Ball Valve, ANSI 150 Ball Valve, Fire Safe Ball Valve Manufacturer with high quality and competitive price.<\/p>\n<p>V\u0103 rug\u0103m s\u0103 contacta\u021bi sales@stvvalve.com pentru alte materiale \u0219i detalii.<\/p>\n<p>Fi\u0219\u0103 de date:\u00a0<a href=\"https:\/\/www.stvvalves.com\/wp-content\/uploads\/2018\/12\/carbon-steel-flange-ball-valve-dn50-150lb-304-trim-rf-end-drawing.pdf\">Supap\u0103 cu bil\u0103 cu flan\u0219\u0103 din o\u021bel carbon, DN50,150LB, 304 TRIM, RF END<\/a><\/p>","protected":false},"featured_media":8758,"template":"","meta":[],"product_brand":[],"product_cat":[43,54,80,78],"product_tag":[3938,410,3934,3937,3939,3935,401,3936,407,411],"class_list":{"0":"post-8757","1":"product","2":"type-product","3":"status-publish","4":"has-post-thumbnail","6":"product_cat-ball-valve","7":"product_cat-cast-steel-ball-valve","8":"product_cat-flange-ball-valve","9":"product_cat-floating-ball-valve","10":"product_tag-ansi-150-ball-valve","11":"product_tag-carbon-steel-split-body-ball-valve","12":"product_tag-china-2pc-flange-ball-valve","13":"product_tag-china-304-ball-valve","14":"product_tag-fire-safe-ball-valve-manufacturer","15":"product_tag-flanged-304-ball-valve-with-locking-device","16":"product_tag-flanged-ball-valves","17":"product_tag-flanged-full-port-304-ball-valve","18":"product_tag-flanged-standard-bore-ball-valves","19":"product_tag-full-port-flanged-ball-valves","21":"first","22":"instock","23":"shipping-taxable","24":"product-type-simple"},"_links":{"self":[{"href":"https:\/\/www.stvvalves.com\/ro\/wp-json\/wp\/v2\/product\/8757","targetHints":{"allow":["GET"]}}],"collection":[{"href":"https:\/\/www.stvvalves.com\/ro\/wp-json\/wp\/v2\/product"}],"about":[{"href":"https:\/\/www.stvvalves.com\/ro\/wp-json\/wp\/v2\/types\/product"}],"wp:featuredmedia":[{"embeddable":true,"href":"https:\/\/www.stvvalves.com\/ro\/wp-json\/wp\/v2\/media\/8758"}],"wp:attachment":[{"href":"https:\/\/www.stvvalves.com\/ro\/wp-json\/wp\/v2\/media?parent=8757"}],"wp:term":[{"taxonomy":"product_brand","embeddable":true,"href":"https:\/\/www.stvvalves.com\/ro\/wp-json\/wp\/v2\/product_brand?post=8757"},{"taxonomy":"product_cat","embeddable":true,"href":"https:\/\/www.stvvalves.com\/ro\/wp-json\/wp\/v2\/product_cat?post=8757"},{"taxonomy":"product_tag","embeddable":true,"href":"https:\/\/www.stvvalves.com\/ro\/wp-json\/wp\/v2\/product_tag?post=8757"}],"curies":[{"name":"wp","href":"https:\/\/api.w.org\/{rel}","templated":true}]}}